{"id":1013,"date":"2022-04-25T08:37:29","date_gmt":"2022-04-25T08:37:29","guid":{"rendered":"https:\/\/www.htsfuels.com\/?page_id=1013"},"modified":"2022-04-26T09:03:34","modified_gmt":"2022-04-26T09:03:34","slug":"home","status":"publish","type":"page","link":"https:\/\/www.htsfuels.com\/es\/","title":{"rendered":"Inicio"},"content":{"rendered":"<div class=\"wpb-content-wrapper\">[vc_row][vc_column]\n\t\t\t<!-- START Homeslider ES REVOLUTION SLIDER 6.7.38 --><p class=\"rs-p-wp-fix\"><\/p>\n\t\t\t<rs-module-wrap id=\"rev_slider_2_1_wrapper\" data-source=\"gallery\" style=\"visibility:hidden;background:transparent;padding:0;margin:0px auto;margin-top:0;margin-bottom:0;\">\n\t\t\t\t<rs-module id=\"rev_slider_2_1\" style=\"\" data-version=\"6.7.38\">\n\t\t\t\t\t<rs-slides style=\"overflow: hidden; position: absolute;\">\n\t\t\t\t\t\t<rs-slide style=\"position: absolute;\" data-key=\"rs-6\" data-title=\"Slide\" data-thumb=\"\/\/www.htsfuels.com\/wp-content\/uploads\/2021\/07\/home-HTSFUELS-02.jpg\" data-anim=\"ms:1000;r:0;\" data-in=\"o:0;\" data-out=\"a:false;\">\n\t\t\t\t\t\t\t<img src=\"\/\/www.htsfuels.com\/wp-content\/plugins\/revslider\/sr6\/assets\/assets\/dummy.png\" alt=\"\" title=\"home-HTSFUELS-02\" width=\"1920\" height=\"850\" class=\"rev-slidebg tp-rs-img rs-lazyload\" data-lazyload=\"\/\/www.htsfuels.com\/wp-content\/uploads\/2021\/07\/home-HTSFUELS-02.jpg\" data-no-retina>\n<!---->\t\t\t\t\t<\/rs-slide>\n\t\t\t\t\t\t<rs-slide style=\"position: absolute;\" data-key=\"rs-7\" data-title=\"Slide\" data-thumb=\"\/\/www.htsfuels.com\/wp-content\/uploads\/2021\/07\/home-HTSFUELS-01.jpg\" data-anim=\"ms:1000;r:0;\" data-in=\"o:0;\" data-out=\"a:false;\">\n\t\t\t\t\t\t\t<img src=\"\/\/www.htsfuels.com\/wp-content\/plugins\/revslider\/sr6\/assets\/assets\/dummy.png\" alt=\"\" title=\"home-HTSFUELS-01\" width=\"1920\" height=\"818\" class=\"rev-slidebg tp-rs-img rs-lazyload\" data-lazyload=\"\/\/www.htsfuels.com\/wp-content\/uploads\/2021\/07\/home-HTSFUELS-01.jpg\" data-no-retina>\n<!---->\t\t\t\t\t<\/rs-slide>\n\t\t\t\t\t\t<rs-slide style=\"position: absolute;\" data-key=\"rs-8\" data-title=\"Slide\" data-thumb=\"\/\/www.htsfuels.com\/wp-content\/uploads\/2022\/03\/Foto-planta-HOME.jpg\" data-anim=\"ms:1000;r:0;\" data-in=\"o:0;\" data-out=\"a:false;\">\n\t\t\t\t\t\t\t<img src=\"\/\/www.htsfuels.com\/wp-content\/plugins\/revslider\/sr6\/assets\/assets\/dummy.png\" alt=\"\" title=\"Foto-planta-HOME\" width=\"1920\" height=\"897\" class=\"rev-slidebg tp-rs-img rs-lazyload\" data-lazyload=\"\/\/www.htsfuels.com\/wp-content\/uploads\/2022\/03\/Foto-planta-HOME.jpg\" data-no-retina>\n<!---->\t\t\t\t\t<\/rs-slide>\n\t\t\t\t\t<\/rs-slides>\n\t\t\t\t\t<rs-static-layers><!--\n\n\t\t\t\t\t\t\t--><rs-layer\n\t\t\t\t\t\t\t\tid=\"slider-2-slide-2-layer-8\" \n\t\t\t\t\t\t\t\tclass=\"rs-layer-static\"\n\t\t\t\t\t\t\t\tdata-type=\"text\"\n\t\t\t\t\t\t\t\tdata-tsh=\"c:rgba(0,0,0,0.65);h:5px,4px,3px,1px;\"\n\t\t\t\t\t\t\t\tdata-rsp_ch=\"on\"\n\t\t\t\t\t\t\t\tdata-xy=\"x:c;y:m;\"\n\t\t\t\t\t\t\t\tdata-text=\"w:normal;s:60,60,60,50;l:60,60,60,50;fw:800;a:center;\"\n\t\t\t\t\t\t\t\tdata-dim=\"w:1176px,auto,auto,384px;\"\n\t\t\t\t\t\t\t\tdata-onslides=\"s:1;\"\n\t\t\t\t\t\t\t\tdata-frame_1=\"e:power2.in;st:2160;sp:1500;sR:2160;\"\n\t\t\t\t\t\t\t\tdata-frame_999=\"o:0;st:w;sR:5340;\"\n\t\t\t\t\t\t\t\tstyle=\"z-index:9;font-family:'Gill Sans';\"\n\t\t\t\t\t\t\t>Su socio en combustibles s\u00f3lidos \n\t\t\t\t\t\t\t<\/rs-layer><!--\n\t\t\t\t\t--><\/rs-static-layers>\n\t\t\t\t<\/rs-module>\n\t\t\t\t<script>\n\t\t\t\t\tsetREVStartSize({c: 'rev_slider_2_1',rl:[1240,1024,778,480],el:[750,600,600,600],gw:[1200,1024,778,480],gh:[750,600,600,600],type:'standard',justify:'',layout:'fullwidth',mh:\"0\"});if (window.RS_MODULES!==undefined && window.RS_MODULES.modules!==undefined && window.RS_MODULES.modules[\"revslider21\"]!==undefined) {window.RS_MODULES.modules[\"revslider21\"].once = false;window.revapi2 = undefined;if (window.RS_MODULES.checkMinimal!==undefined) window.RS_MODULES.checkMinimal()}\n\t\t\t\t<\/script>\n\t\t\t<\/rs-module-wrap>\n\t\t\t<!-- END REVOLUTION SLIDER -->\n[\/vc_column][\/vc_row][vc_section css=\u00bb.vc_custom_1648743393455{padding-top: 20px !important;padding-bottom: 40px !important;}\u00bb][vc_row][vc_column]<style>.vcex-heading.vcex_69f5dd1d27ae7{color:var(--wpex-accent);}<\/style><h2 class=\"vcex-heading vcex-heading-plain vcex-module wpex-heading wpex-text-2xl wpex-text-center hts-title-line hts-title-line-center has-gradient vcex_69f5dd1d27ae7\"><span class=\"vcex-heading-inner wpex-inline-block\">Nuestra historia<\/span><\/h2>[\/vc_column][\/vc_row][vc_row css_animation=\u00bbfadeInUp\u00bb content_placement=\u00bbmiddle\u00bb equal_height=\u00bbyes\u00bb tablet_fullwidth_cols=\u00bbyes\u00bb][vc_column width=\u00bb1\/2&#8243;]<figure class=\"vcex-image vcex-module wpex-text-center img-border\"><div class=\"vcex-image-inner wpex-relative wpex-inline-block\"><img width=\"1000\" height=\"625\" src=\"https:\/\/www.htsfuels.com\/wp-content\/uploads\/2022\/03\/history.jpg\" class=\"vcex-image-img wpex-align-middle\" alt=\"\" loading=\"lazy\" decoding=\"async\" srcset=\"https:\/\/www.htsfuels.com\/wp-content\/uploads\/2022\/03\/history.jpg 1000w, https:\/\/www.htsfuels.com\/wp-content\/uploads\/2022\/03\/history-300x188.jpg 300w, https:\/\/www.htsfuels.com\/wp-content\/uploads\/2022\/03\/history-768x480.jpg 768w\" sizes=\"auto, (max-width: 1000px) 100vw, 1000px\" \/><\/div><\/figure>[\/vc_column][vc_column width=\u00bb1\/2&#8243;][vc_column_text]<strong>Hydrocarburates Trade Services Ltd.<\/strong> se estableci\u00f3 en Dubl\u00edn, Irlanda, en 2006 con el prop\u00f3sito de comercializar combustibles s\u00f3lidos, principalmente coque de petr\u00f3leo y carb\u00f3n.<\/p>\n<p>En pocos a\u00f1os, HTS se ha convertido en un l\u00edder del mercado, expandiendo sus actividades y servicios por todo el mundo.<\/p>\n<p>En 2012 el grupo estableci\u00f3 una nueva filial en M\u00e9xico, Hydrocarburates TS M\u00e9xico. Esta empresa se encarga de la importaci\u00f3n, venta y distribuci\u00f3n de carb\u00f3n, coque de petr\u00f3leo, antracita y otras materias primas. Tambi\u00e9n es el \u00fanico distribuidor oficial de la marca alemana Vautid en M\u00e9xico.<\/p>\n<p>La <strong>expansi\u00f3n de HTS<\/strong> continu\u00f3 en 2013 con la incorporaci\u00f3n de la empresa espa\u00f1ola Hydrocarburates TS SLU con el objetivo de distribuir y comercializar combustibles f\u00f3siles en todo el mundo.<\/p>\n<p>En 2014, en el proceso de mayor internacionalizaci\u00f3n, el Grupo estableci\u00f3 en Casablanca una nueva filial, Hydrocarburates TS Morocco, con el prop\u00f3sito de importar y distribuir combustibles s\u00f3lidos en todo Marruecos y producir coque micronizado.[\/vc_column_text][\/vc_column][\/vc_row][\/vc_section][vc_section css_animation=\u00bbnone\u00bb full_width=\u00bbstretch_row\u00bb css=\u00bb.vc_custom_1648742999505{padding-top: 50px !important;padding-bottom: 70px !important;}\u00bb el_class=\u00bbgradient-background\u00bb][vc_row][vc_column]<style>.vcex-heading.vcex_69f5dd1d2a673{color:var(--wpex-accent);}<\/style><h2 class=\"vcex-heading vcex-heading-plain vcex-module wpex-heading wpex-text-2xl wpex-text-center hts-title-line hts-title-line-center has-gradient vcex_69f5dd1d2a673\"><span class=\"vcex-heading-inner wpex-inline-block\">Cronolog\u00eda de la historia<\/span><\/h2>[\/vc_column][\/vc_row][vc_row remove_bottom_col_margin=\u00bbtrue\u00bb tablet_fullwidth_cols=\u00bbyes\u00bb][vc_column width=\u00bb1\/6&#8243;][\/vc_column][vc_column width=\u00bb2\/3&#8243;]<figure class=\"vcex-image vcex-module\"><div class=\"vcex-image-inner wpex-relative wpex-inline-block\"><img width=\"9999\" height=\"1\" src=\"https:\/\/www.htsfuels.com\/wp-content\/uploads\/2022\/04\/timeline_ES.svg\" class=\"vcex-image-img wpex-align-middle\" alt=\"\" loading=\"lazy\" decoding=\"async\" \/><\/div><\/figure>[\/vc_column][vc_column width=\u00bb1\/6&#8243;][\/vc_column][\/vc_row][\/vc_section]\n<\/div>","protected":false},"excerpt":{"rendered":"<p>[vc_row][vc_column][\/vc_column][\/vc_row][vc_section css=\u00bb.vc_custom_1648743393455{padding-top: 20px !important;padding-bottom: 40px !important;}\u00bb][vc_row][vc_column][\/vc_column][\/vc_row][vc_row css_animation=\u00bbfadeInUp\u00bb content_placement=\u00bbmiddle\u00bb equal_height=\u00bbyes\u00bb tablet_fullwidth_cols=\u00bbyes\u00bb][vc_column width=\u00bb1\/2&#8243;][\/vc_column][vc_column width=\u00bb1\/2&#8243;][vc_column_text]Hydrocarburates Trade Services Ltd. se estableci\u00f3 en Dubl\u00edn, Irlanda, en 2006 con el prop\u00f3sito de comercializar combustibles s\u00f3lidos, principalmente coque de petr\u00f3leo y carb\u00f3n. En pocos a\u00f1os, HTS se ha convertido en un l\u00edder del mercado, expandiendo sus actividades y servicios por todo el&hellip;<\/p>\n","protected":false},"author":1,"featured_media":0,"parent":0,"menu_order":0,"comment_status":"closed","ping_status":"closed","template":"","meta":{"inline_featured_image":false,"footnotes":""},"class_list":["post-1013","page","type-page","status-publish","hentry","entry","no-media"],"yoast_head":"<!-- This site is optimized with the Yoast SEO plugin v26.4 - https:\/\/yoast.com\/wordpress\/plugins\/seo\/ -->\n<title>Inicio - HTS Fuels<\/title>\n<meta name=\"robots\" content=\"index, follow, max-snippet:-1, max-image-preview:large, max-video-preview:-1\" \/>\n<link rel=\"canonical\" href=\"https:\/\/www.htsfuels.com\/es\/\" \/>\n<meta property=\"og:locale\" content=\"es_ES\" \/>\n<meta property=\"og:type\" content=\"article\" \/>\n<meta property=\"og:title\" content=\"Inicio - HTS Fuels\" \/>\n<meta property=\"og:description\" content=\"[vc_row][vc_column][\/vc_column][\/vc_row][vc_section css=\u00bb.vc_custom_1648743393455{padding-top: 20px !important;padding-bottom: 40px !important;}\u00bb][vc_row][vc_column][\/vc_column][\/vc_row][vc_row css_animation=\u00bbfadeInUp\u00bb content_placement=\u00bbmiddle\u00bb equal_height=\u00bbyes\u00bb tablet_fullwidth_cols=\u00bbyes\u00bb][vc_column width=\u00bb1\/2&#8243;][\/vc_column][vc_column width=\u00bb1\/2&#8243;][vc_column_text]Hydrocarburates Trade Services Ltd. se estableci\u00f3 en Dubl\u00edn, Irlanda, en 2006 con el prop\u00f3sito de comercializar combustibles s\u00f3lidos, principalmente coque de petr\u00f3leo y carb\u00f3n. En pocos a\u00f1os, HTS se ha convertido en un l\u00edder del mercado, expandiendo sus actividades y servicios por todo el&hellip;\" \/>\n<meta property=\"og:url\" content=\"https:\/\/www.htsfuels.com\/es\/\" \/>\n<meta property=\"og:site_name\" content=\"HTS Fuels\" \/>\n<meta property=\"article:modified_time\" content=\"2022-04-26T09:03:34+00:00\" \/>\n<meta name=\"twitter:card\" content=\"summary_large_image\" \/>\n<meta name=\"twitter:label1\" content=\"Tiempo de lectura\" \/>\n\t<meta name=\"twitter:data1\" content=\"1 minuto\" \/>\n<script type=\"application\/ld+json\" class=\"yoast-schema-graph\">{\"@context\":\"https:\/\/schema.org\",\"@graph\":[{\"@type\":\"WebPage\",\"@id\":\"https:\/\/www.htsfuels.com\/es\/\",\"url\":\"https:\/\/www.htsfuels.com\/es\/\",\"name\":\"Inicio - HTS Fuels\",\"isPartOf\":{\"@id\":\"https:\/\/www.htsfuels.com\/es\/#website\"},\"datePublished\":\"2022-04-25T08:37:29+00:00\",\"dateModified\":\"2022-04-26T09:03:34+00:00\",\"breadcrumb\":{\"@id\":\"https:\/\/www.htsfuels.com\/es\/#breadcrumb\"},\"inLanguage\":\"es\",\"potentialAction\":[{\"@type\":\"ReadAction\",\"target\":[\"https:\/\/www.htsfuels.com\/es\/\"]}]},{\"@type\":\"BreadcrumbList\",\"@id\":\"https:\/\/www.htsfuels.com\/es\/#breadcrumb\",\"itemListElement\":[{\"@type\":\"ListItem\",\"position\":1,\"name\":\"Inicio\",\"item\":\"https:\/\/www.htsfuels.com\/es\/\"},{\"@type\":\"ListItem\",\"position\":2,\"name\":\"Inicio\"}]},{\"@type\":\"WebSite\",\"@id\":\"https:\/\/www.htsfuels.com\/es\/#website\",\"url\":\"https:\/\/www.htsfuels.com\/es\/\",\"name\":\"HTS Fuels\",\"description\":\"Hydrocarburates trade services\",\"publisher\":{\"@id\":\"https:\/\/www.htsfuels.com\/es\/#organization\"},\"potentialAction\":[{\"@type\":\"SearchAction\",\"target\":{\"@type\":\"EntryPoint\",\"urlTemplate\":\"https:\/\/www.htsfuels.com\/es\/?s={search_term_string}\"},\"query-input\":{\"@type\":\"PropertyValueSpecification\",\"valueRequired\":true,\"valueName\":\"search_term_string\"}}],\"inLanguage\":\"es\"},{\"@type\":\"Organization\",\"@id\":\"https:\/\/www.htsfuels.com\/es\/#organization\",\"name\":\"HTS Fuels\",\"url\":\"https:\/\/www.htsfuels.com\/es\/\",\"logo\":{\"@type\":\"ImageObject\",\"inLanguage\":\"es\",\"@id\":\"https:\/\/www.htsfuels.com\/es\/#\/schema\/logo\/image\/\",\"url\":\"https:\/\/www.htsfuels.com\/wp-content\/uploads\/2021\/06\/logo-hts.svg\",\"contentUrl\":\"https:\/\/www.htsfuels.com\/wp-content\/uploads\/2021\/06\/logo-hts.svg\",\"width\":100,\"height\":100,\"caption\":\"HTS Fuels\"},\"image\":{\"@id\":\"https:\/\/www.htsfuels.com\/es\/#\/schema\/logo\/image\/\"}}]}<\/script>\n<!-- \/ Yoast SEO plugin. -->","yoast_head_json":{"title":"Inicio - HTS Fuels","robots":{"index":"index","follow":"follow","max-snippet":"max-snippet:-1","max-image-preview":"max-image-preview:large","max-video-preview":"max-video-preview:-1"},"canonical":"https:\/\/www.htsfuels.com\/es\/","og_locale":"es_ES","og_type":"article","og_title":"Inicio - HTS Fuels","og_description":"[vc_row][vc_column][\/vc_column][\/vc_row][vc_section css=\u00bb.vc_custom_1648743393455{padding-top: 20px !important;padding-bottom: 40px !important;}\u00bb][vc_row][vc_column][\/vc_column][\/vc_row][vc_row css_animation=\u00bbfadeInUp\u00bb content_placement=\u00bbmiddle\u00bb equal_height=\u00bbyes\u00bb tablet_fullwidth_cols=\u00bbyes\u00bb][vc_column width=\u00bb1\/2&#8243;][\/vc_column][vc_column width=\u00bb1\/2&#8243;][vc_column_text]Hydrocarburates Trade Services Ltd. se estableci\u00f3 en Dubl\u00edn, Irlanda, en 2006 con el prop\u00f3sito de comercializar combustibles s\u00f3lidos, principalmente coque de petr\u00f3leo y carb\u00f3n. En pocos a\u00f1os, HTS se ha convertido en un l\u00edder del mercado, expandiendo sus actividades y servicios por todo el&hellip;","og_url":"https:\/\/www.htsfuels.com\/es\/","og_site_name":"HTS Fuels","article_modified_time":"2022-04-26T09:03:34+00:00","twitter_card":"summary_large_image","twitter_misc":{"Tiempo de lectura":"1 minuto"},"schema":{"@context":"https:\/\/schema.org","@graph":[{"@type":"WebPage","@id":"https:\/\/www.htsfuels.com\/es\/","url":"https:\/\/www.htsfuels.com\/es\/","name":"Inicio - HTS Fuels","isPartOf":{"@id":"https:\/\/www.htsfuels.com\/es\/#website"},"datePublished":"2022-04-25T08:37:29+00:00","dateModified":"2022-04-26T09:03:34+00:00","breadcrumb":{"@id":"https:\/\/www.htsfuels.com\/es\/#breadcrumb"},"inLanguage":"es","potentialAction":[{"@type":"ReadAction","target":["https:\/\/www.htsfuels.com\/es\/"]}]},{"@type":"BreadcrumbList","@id":"https:\/\/www.htsfuels.com\/es\/#breadcrumb","itemListElement":[{"@type":"ListItem","position":1,"name":"Inicio","item":"https:\/\/www.htsfuels.com\/es\/"},{"@type":"ListItem","position":2,"name":"Inicio"}]},{"@type":"WebSite","@id":"https:\/\/www.htsfuels.com\/es\/#website","url":"https:\/\/www.htsfuels.com\/es\/","name":"HTS Fuels","description":"Hydrocarburates trade services","publisher":{"@id":"https:\/\/www.htsfuels.com\/es\/#organization"},"potentialAction":[{"@type":"SearchAction","target":{"@type":"EntryPoint","urlTemplate":"https:\/\/www.htsfuels.com\/es\/?s={search_term_string}"},"query-input":{"@type":"PropertyValueSpecification","valueRequired":true,"valueName":"search_term_string"}}],"inLanguage":"es"},{"@type":"Organization","@id":"https:\/\/www.htsfuels.com\/es\/#organization","name":"HTS Fuels","url":"https:\/\/www.htsfuels.com\/es\/","logo":{"@type":"ImageObject","inLanguage":"es","@id":"https:\/\/www.htsfuels.com\/es\/#\/schema\/logo\/image\/","url":"https:\/\/www.htsfuels.com\/wp-content\/uploads\/2021\/06\/logo-hts.svg","contentUrl":"https:\/\/www.htsfuels.com\/wp-content\/uploads\/2021\/06\/logo-hts.svg","width":100,"height":100,"caption":"HTS Fuels"},"image":{"@id":"https:\/\/www.htsfuels.com\/es\/#\/schema\/logo\/image\/"}}]}},"_links":{"self":[{"href":"https:\/\/www.htsfuels.com\/es\/wp-json\/wp\/v2\/pages\/1013","targetHints":{"allow":["GET"]}}],"collection":[{"href":"https:\/\/www.htsfuels.com\/es\/wp-json\/wp\/v2\/pages"}],"about":[{"href":"https:\/\/www.htsfuels.com\/es\/wp-json\/wp\/v2\/types\/page"}],"author":[{"embeddable":true,"href":"https:\/\/www.htsfuels.com\/es\/wp-json\/wp\/v2\/users\/1"}],"replies":[{"embeddable":true,"href":"https:\/\/www.htsfuels.com\/es\/wp-json\/wp\/v2\/comments?post=1013"}],"version-history":[{"count":0,"href":"https:\/\/www.htsfuels.com\/es\/wp-json\/wp\/v2\/pages\/1013\/revisions"}],"wp:attachment":[{"href":"https:\/\/www.htsfuels.com\/es\/wp-json\/wp\/v2\/media?parent=1013"}],"curies":[{"name":"wp","href":"https:\/\/api.w.org\/{rel}","templated":true}]}}