{"id":1052,"date":"2022-04-25T10:34:22","date_gmt":"2022-04-25T10:34:22","guid":{"rendered":"https:\/\/www.htsfuels.com\/?page_id=1052"},"modified":"2022-04-28T09:59:29","modified_gmt":"2022-04-28T09:59:29","slug":"marruecos","status":"publish","type":"page","link":"https:\/\/www.htsfuels.com\/es\/marruecos\/","title":{"rendered":"Marruecos"},"content":{"rendered":"<div class=\"wpb-content-wrapper\">[vc_row content_placement=\u00bbmiddle\u00bb][vc_column width=\u00bb1\/2&#8243;][vc_column_text]Fundado en 2014 en Casablanca con el objetivo de distribuir coque de petr\u00f3leo en todo el pa\u00eds y producir coque de petr\u00f3leo micronizado. HTS Marruecos gestiona y proporciona todos los servicios de la cadena de suministro: Importaci\u00f3n del coque de petr\u00f3leo, operaciones portuarias, almacenamiento y distribuci\u00f3n.<\/p>\n<p>HTS Marruecos cuenta con una planta de producci\u00f3n de coque de petr\u00f3leo micronizado situada estrat\u00e9gicamente en Berrechid, lo que permite a la empresa ofrecer el mejor servicio, la entrega m\u00e1s r\u00e1pida y los precios m\u00e1s bajos a los clientes. Al mismo tiempo, la empresa es capaz de producir en diferentes calidades, tama\u00f1os y especificaciones t\u00e9cnicas para satisfacer la necesidad de cada cliente.[\/vc_column_text][\/vc_column][vc_column width=\u00bb1\/2&#8243;][vc_single_image image=\u00bb760&#8243;][\/vc_column][\/vc_row][vc_row full_width=\u00bbstretch_row_content_no_spaces\u00bb remove_bottom_col_margin=\u00bbtrue\u00bb][vc_column][vc_gmaps link=\u00bb#E-8_JTNDaWZyYW1lJTIwc3JjJTNEJTIyaHR0cHMlM0ElMkYlMkZ3d3cuZ29vZ2xlLmNvbSUyRm1hcHMlMkZlbWJlZCUzRnBiJTNEJTIxMW0xOCUyMTFtMTIlMjExbTMlMjExZDEwNjM0Ni45ODk3MDA1Nzg1OCUyMTJkLTcuNjU4ODAyMzM3NDI5NDM5JTIxM2QzMy41OTYzOTI3MTU4NzcyNjUlMjEybTMlMjExZjAlMjEyZjAlMjEzZjAlMjEzbTIlMjExaTEwMjQlMjEyaTc2OCUyMTRmMTMuMSUyMTNtMyUyMTFtMiUyMTFzMHhkYTdjZDEyYmI3Nzg2N2YlMjUzQTB4NTBmNDM3Zjk0ZGJkZWMzYyUyMTJzNTklMjUyMFJ1ZSUyNTIwUmFoYWwlMjUyMEJlbiUyNTIwQWhtZWQlMjVEOCUyNThDJTI1MjBEYXItZWwtQmVpZGElMjUyMDIwMzAzJTI1MkMlMjUyME1hcnJ1ZWNvcyUyMTVlMCUyMTNtMiUyMTFzZXMlMjEyc2VzJTIxNHYxNjQ3NTE0NjY3MDk5JTIxNW0yJTIxMXNlcyUyMTJzZXMlMjIlMjB3aWR0aCUzRCUyMjE5MjAlMjIlMjBoZWlnaHQlM0QlMjI0NTAlMjIlMjBzdHlsZSUzRCUyMmJvcmRlciUzQTAlM0IlMjIlMjBhbGxvd2Z1bGxzY3JlZW4lM0QlMjIlMjIlMjBsb2FkaW5nJTNEJTIybGF6eSUyMiUzRSUzQyUyRmlmcmFtZSUzRQ==\u00bb][\/vc_column][\/vc_row][vc_section][vc_row full_width=\u00bbstretch_row\u00bb remove_bottom_col_margin=\u00bbtrue\u00bb el_id=\u00bbproductos-marruecos\u00bb css=\u00bb.vc_custom_1651045579284{margin-bottom: 60px !important;padding-top: 40px !important;padding-bottom: 40px !important;background-color: #efefef !important;}\u00bb][vc_column]<style>.vcex-heading.vcex_69f5ec2ecd216{background-color:var(--wpex-accent);}<\/style><h2 class=\"vcex-heading vcex-heading-plain vcex-module wpex-heading wpex-text-2xl wpex-text-center hts-title-line hts-title-line-center has-gradient vcex_69f5ec2ecd216\"><span class=\"vcex-heading-inner wpex-inline-block\">Productos<\/span><\/h2>[\/vc_column][\/vc_row][vc_row][vc_column][vc_row_inner content_placement=\u00bbmiddle\u00bb][vc_column_inner width=\u00bb1\/3&#8243;][vc_single_image image=\u00bb697&#8243;][\/vc_column_inner][vc_column_inner width=\u00bb2\/3&#8243;]<style>.vcex-heading.vcex_69f5ec2ece078{color:var(--wpex-accent);}<\/style><h3 class=\"vcex-heading vcex-heading-plain vcex-module wpex-heading wpex-text-2xl wpex-text-left vcex_69f5ec2ece078\"><span class=\"vcex-heading-inner wpex-inline-block\">Coque micronizado<\/span><\/h3><div class=\"vcex-spacing wpex-w-100 wpex-clear\" style=\"height:20px;\"><\/div>[vc_column_text]El coque micronizado se obtiene tras secar y moler el coque de petr\u00f3leo hasta alcanzar un tama\u00f1o de entre 80 y 100 micras.<\/p>\n<p>Gracias a este proceso, las propiedades del producto mejoran sustancialmente, con una mayor homogeneizaci\u00f3n del tama\u00f1o, una reducci\u00f3n del porcentaje de humedad, un aumento del poder calor\u00edfico y una mayor estabilidad en el proceso de combusti\u00f3n.[\/vc_column_text][\/vc_column_inner][\/vc_row_inner][vc_row_inner content_placement=\u00bbmiddle\u00bb columns_right=\u00bbyes\u00bb css=\u00bb.vc_custom_1648743770583{padding-top: 60px !important;}\u00bb][vc_column_inner width=\u00bb1\/3&#8243;][vc_single_image image=\u00bb644&#8243; img_size=\u00bb400&#215;400&#8243;][\/vc_column_inner][vc_column_inner width=\u00bb2\/3&#8243;]<style>.vcex-heading.vcex_69f5ec2eceb2a{color:var(--wpex-accent);}<\/style><h3 class=\"vcex-heading vcex-heading-plain vcex-module wpex-heading wpex-text-2xl wpex-text-left vcex_69f5ec2eceb2a\"><span class=\"vcex-heading-inner wpex-inline-block\">Coque de petr\u00f3leo<\/span><\/h3><div class=\"vcex-spacing wpex-w-100 wpex-clear\" style=\"height:20px;\"><\/div>[vc_column_text]El coque de petr\u00f3leo es un material s\u00f3lido poroso, de color negro o gris oscuro, con un alto contenido de carbono y diferentes niveles de azufre, seg\u00fan su calidad, que se produce como subproducto del proceso de refinado del petr\u00f3leo.<\/p>\n<p>Gracias a su baja volatilidad y a su alto poder calor\u00edfico, el coque de petr\u00f3leo con calidad de combustible es una excelente opci\u00f3n de combustible para las plantas de generaci\u00f3n el\u00e9ctrica, las f\u00e1bricas de cemento y otras industrias que necesitan alcanzar altas temperaturas de combusti\u00f3n. Cerca del 71\u00a0% de la producci\u00f3n total de coque de petr\u00f3leo se utiliza como fuente de energ\u00eda. El coque de petr\u00f3leo es tambi\u00e9n una excelente fuente de carbono.[\/vc_column_text][\/vc_column_inner][\/vc_row_inner][\/vc_column][\/vc_row][\/vc_section]\n<\/div>","protected":false},"excerpt":{"rendered":"<p>[vc_row content_placement=\u00bbmiddle\u00bb][vc_column width=\u00bb1\/2&#8243;][vc_column_text]Fundado en 2014 en Casablanca con el objetivo de distribuir coque de petr\u00f3leo en todo el pa\u00eds y producir coque de petr\u00f3leo micronizado. HTS Marruecos gestiona y proporciona todos los servicios de la cadena de suministro: Importaci\u00f3n del coque de petr\u00f3leo, operaciones portuarias, almacenamiento y distribuci\u00f3n. HTS Marruecos cuenta con una planta de&hellip;<\/p>\n","protected":false},"author":1,"featured_media":0,"parent":0,"menu_order":0,"comment_status":"closed","ping_status":"closed","template":"","meta":{"inline_featured_image":false,"footnotes":""},"class_list":["post-1052","page","type-page","status-publish","hentry","entry","no-media"],"yoast_head":"<!-- This site is optimized with the Yoast SEO plugin v26.4 - https:\/\/yoast.com\/wordpress\/plugins\/seo\/ -->\n<title>Marruecos - HTS Fuels<\/title>\n<meta name=\"robots\" content=\"index, follow, max-snippet:-1, max-image-preview:large, max-video-preview:-1\" \/>\n<link rel=\"canonical\" href=\"https:\/\/www.htsfuels.com\/es\/marruecos\/\" \/>\n<meta property=\"og:locale\" content=\"es_ES\" \/>\n<meta property=\"og:type\" content=\"article\" \/>\n<meta property=\"og:title\" content=\"Marruecos - HTS Fuels\" \/>\n<meta property=\"og:description\" content=\"[vc_row content_placement=\u00bbmiddle\u00bb][vc_column width=\u00bb1\/2&#8243;][vc_column_text]Fundado en 2014 en Casablanca con el objetivo de distribuir coque de petr\u00f3leo en todo el pa\u00eds y producir coque de petr\u00f3leo micronizado. HTS Marruecos gestiona y proporciona todos los servicios de la cadena de suministro: Importaci\u00f3n del coque de petr\u00f3leo, operaciones portuarias, almacenamiento y distribuci\u00f3n. HTS Marruecos cuenta con una planta de&hellip;\" \/>\n<meta property=\"og:url\" content=\"https:\/\/www.htsfuels.com\/es\/marruecos\/\" \/>\n<meta property=\"og:site_name\" content=\"HTS Fuels\" \/>\n<meta property=\"article:modified_time\" content=\"2022-04-28T09:59:29+00:00\" \/>\n<meta name=\"twitter:card\" content=\"summary_large_image\" \/>\n<meta name=\"twitter:label1\" content=\"Tiempo de lectura\" \/>\n\t<meta name=\"twitter:data1\" content=\"2 minutos\" \/>\n<script type=\"application\/ld+json\" class=\"yoast-schema-graph\">{\"@context\":\"https:\/\/schema.org\",\"@graph\":[{\"@type\":\"WebPage\",\"@id\":\"https:\/\/www.htsfuels.com\/es\/marruecos\/\",\"url\":\"https:\/\/www.htsfuels.com\/es\/marruecos\/\",\"name\":\"Marruecos - HTS Fuels\",\"isPartOf\":{\"@id\":\"https:\/\/www.htsfuels.com\/es\/#website\"},\"datePublished\":\"2022-04-25T10:34:22+00:00\",\"dateModified\":\"2022-04-28T09:59:29+00:00\",\"breadcrumb\":{\"@id\":\"https:\/\/www.htsfuels.com\/es\/marruecos\/#breadcrumb\"},\"inLanguage\":\"es\",\"potentialAction\":[{\"@type\":\"ReadAction\",\"target\":[\"https:\/\/www.htsfuels.com\/es\/marruecos\/\"]}]},{\"@type\":\"BreadcrumbList\",\"@id\":\"https:\/\/www.htsfuels.com\/es\/marruecos\/#breadcrumb\",\"itemListElement\":[{\"@type\":\"ListItem\",\"position\":1,\"name\":\"Inicio\",\"item\":\"https:\/\/www.htsfuels.com\/es\/\"},{\"@type\":\"ListItem\",\"position\":2,\"name\":\"Marruecos\"}]},{\"@type\":\"WebSite\",\"@id\":\"https:\/\/www.htsfuels.com\/es\/#website\",\"url\":\"https:\/\/www.htsfuels.com\/es\/\",\"name\":\"HTS Fuels\",\"description\":\"Hydrocarburates trade services\",\"publisher\":{\"@id\":\"https:\/\/www.htsfuels.com\/es\/#organization\"},\"potentialAction\":[{\"@type\":\"SearchAction\",\"target\":{\"@type\":\"EntryPoint\",\"urlTemplate\":\"https:\/\/www.htsfuels.com\/es\/?s={search_term_string}\"},\"query-input\":{\"@type\":\"PropertyValueSpecification\",\"valueRequired\":true,\"valueName\":\"search_term_string\"}}],\"inLanguage\":\"es\"},{\"@type\":\"Organization\",\"@id\":\"https:\/\/www.htsfuels.com\/es\/#organization\",\"name\":\"HTS Fuels\",\"url\":\"https:\/\/www.htsfuels.com\/es\/\",\"logo\":{\"@type\":\"ImageObject\",\"inLanguage\":\"es\",\"@id\":\"https:\/\/www.htsfuels.com\/es\/#\/schema\/logo\/image\/\",\"url\":\"https:\/\/www.htsfuels.com\/wp-content\/uploads\/2021\/06\/logo-hts.svg\",\"contentUrl\":\"https:\/\/www.htsfuels.com\/wp-content\/uploads\/2021\/06\/logo-hts.svg\",\"width\":100,\"height\":100,\"caption\":\"HTS Fuels\"},\"image\":{\"@id\":\"https:\/\/www.htsfuels.com\/es\/#\/schema\/logo\/image\/\"}}]}<\/script>\n<!-- \/ Yoast SEO plugin. -->","yoast_head_json":{"title":"Marruecos - HTS Fuels","robots":{"index":"index","follow":"follow","max-snippet":"max-snippet:-1","max-image-preview":"max-image-preview:large","max-video-preview":"max-video-preview:-1"},"canonical":"https:\/\/www.htsfuels.com\/es\/marruecos\/","og_locale":"es_ES","og_type":"article","og_title":"Marruecos - HTS Fuels","og_description":"[vc_row content_placement=\u00bbmiddle\u00bb][vc_column width=\u00bb1\/2&#8243;][vc_column_text]Fundado en 2014 en Casablanca con el objetivo de distribuir coque de petr\u00f3leo en todo el pa\u00eds y producir coque de petr\u00f3leo micronizado. HTS Marruecos gestiona y proporciona todos los servicios de la cadena de suministro: Importaci\u00f3n del coque de petr\u00f3leo, operaciones portuarias, almacenamiento y distribuci\u00f3n. HTS Marruecos cuenta con una planta de&hellip;","og_url":"https:\/\/www.htsfuels.com\/es\/marruecos\/","og_site_name":"HTS Fuels","article_modified_time":"2022-04-28T09:59:29+00:00","twitter_card":"summary_large_image","twitter_misc":{"Tiempo de lectura":"2 minutos"},"schema":{"@context":"https:\/\/schema.org","@graph":[{"@type":"WebPage","@id":"https:\/\/www.htsfuels.com\/es\/marruecos\/","url":"https:\/\/www.htsfuels.com\/es\/marruecos\/","name":"Marruecos - HTS Fuels","isPartOf":{"@id":"https:\/\/www.htsfuels.com\/es\/#website"},"datePublished":"2022-04-25T10:34:22+00:00","dateModified":"2022-04-28T09:59:29+00:00","breadcrumb":{"@id":"https:\/\/www.htsfuels.com\/es\/marruecos\/#breadcrumb"},"inLanguage":"es","potentialAction":[{"@type":"ReadAction","target":["https:\/\/www.htsfuels.com\/es\/marruecos\/"]}]},{"@type":"BreadcrumbList","@id":"https:\/\/www.htsfuels.com\/es\/marruecos\/#breadcrumb","itemListElement":[{"@type":"ListItem","position":1,"name":"Inicio","item":"https:\/\/www.htsfuels.com\/es\/"},{"@type":"ListItem","position":2,"name":"Marruecos"}]},{"@type":"WebSite","@id":"https:\/\/www.htsfuels.com\/es\/#website","url":"https:\/\/www.htsfuels.com\/es\/","name":"HTS Fuels","description":"Hydrocarburates trade services","publisher":{"@id":"https:\/\/www.htsfuels.com\/es\/#organization"},"potentialAction":[{"@type":"SearchAction","target":{"@type":"EntryPoint","urlTemplate":"https:\/\/www.htsfuels.com\/es\/?s={search_term_string}"},"query-input":{"@type":"PropertyValueSpecification","valueRequired":true,"valueName":"search_term_string"}}],"inLanguage":"es"},{"@type":"Organization","@id":"https:\/\/www.htsfuels.com\/es\/#organization","name":"HTS Fuels","url":"https:\/\/www.htsfuels.com\/es\/","logo":{"@type":"ImageObject","inLanguage":"es","@id":"https:\/\/www.htsfuels.com\/es\/#\/schema\/logo\/image\/","url":"https:\/\/www.htsfuels.com\/wp-content\/uploads\/2021\/06\/logo-hts.svg","contentUrl":"https:\/\/www.htsfuels.com\/wp-content\/uploads\/2021\/06\/logo-hts.svg","width":100,"height":100,"caption":"HTS Fuels"},"image":{"@id":"https:\/\/www.htsfuels.com\/es\/#\/schema\/logo\/image\/"}}]}},"_links":{"self":[{"href":"https:\/\/www.htsfuels.com\/es\/wp-json\/wp\/v2\/pages\/1052","targetHints":{"allow":["GET"]}}],"collection":[{"href":"https:\/\/www.htsfuels.com\/es\/wp-json\/wp\/v2\/pages"}],"about":[{"href":"https:\/\/www.htsfuels.com\/es\/wp-json\/wp\/v2\/types\/page"}],"author":[{"embeddable":true,"href":"https:\/\/www.htsfuels.com\/es\/wp-json\/wp\/v2\/users\/1"}],"replies":[{"embeddable":true,"href":"https:\/\/www.htsfuels.com\/es\/wp-json\/wp\/v2\/comments?post=1052"}],"version-history":[{"count":0,"href":"https:\/\/www.htsfuels.com\/es\/wp-json\/wp\/v2\/pages\/1052\/revisions"}],"wp:attachment":[{"href":"https:\/\/www.htsfuels.com\/es\/wp-json\/wp\/v2\/media?parent=1052"}],"curies":[{"name":"wp","href":"https:\/\/api.w.org\/{rel}","templated":true}]}}