{"id":1091,"date":"2022-04-25T10:55:40","date_gmt":"2022-04-25T10:55:40","guid":{"rendered":"https:\/\/www.htsfuels.com\/?page_id=1091"},"modified":"2022-04-28T09:48:50","modified_gmt":"2022-04-28T09:48:50","slug":"productos","status":"publish","type":"page","link":"https:\/\/www.htsfuels.com\/es\/mexico\/productos\/","title":{"rendered":"Productos"},"content":{"rendered":"<div class=\"wpb-content-wrapper\">[vc_row css=\u00bb.vc_custom_1630333022695{border-bottom-width: 50px !important;padding-top: 70px !important;}\u00bb][vc_column]<style>.vcex-heading.vcex_69f753b6cc182{color:var(--wpex-accent);}<\/style><h2 class=\"vcex-heading vcex-heading-plain vcex-module wpex-heading wpex-text-2xl wpex-text-center hts-title-line hts-title-line-center has-gradient vcex_69f753b6cc182\"><span class=\"vcex-heading-inner wpex-inline-block\">Estos son los diferentes productos que ofrecemos.<\/span><\/h2>[\/vc_column][\/vc_row][vc_row][vc_column]<style>.vcex-heading.vcex_69f753b6ccfb1{color:var(--wpex-accent);}<\/style><h3 class=\"vcex-heading vcex-heading-plain vcex-module wpex-heading wpex-text-2xl wpex-text-center vcex_69f753b6ccfb1\"><span class=\"vcex-heading-inner wpex-inline-block\">Carb\u00f3nes<\/span><\/h3><div class=\"vcex-spacing wpex-w-100 wpex-clear\" style=\"height:20px;\"><\/div><div class=\"vcex-module vcex-portfolio-grid-wrap wpex-clr grid-products-mexico\"><div class=\"wpex-row vcex-portfolio-grid wpex-clr entries match-height-grid\"><div class=\"portfolio-entry vcex-grid-item span_1_of_4 col col-1 wpex-text-center entry post-1287 type-portfolio has-media cat-24\"><div class=\"portfolio-entry-inner entry-inner wpex-first-mt-0 wpex-last-mb-0 wpex-clr wpex-shadow\"><div class=\"portfolio-entry-media entry-media wpex-relative overlay-parent overlay-parent-title-category-hover overlay-h wpex-overflow-hidden overlay-ms\"><a href=\"https:\/\/www.htsfuels.com\/es\/producto\/antracita\/\" title=\"Antracita\" class=\"portfolio-entry-media-link\"><img loading=\"lazy\" class=\"portfolio-entry-img wpex-align-middle\" decoding=\"async\" src=\"https:\/\/www.htsfuels.com\/wp-content\/uploads\/2021\/06\/antracite-250x250.jpg\" alt=\"\" srcset=\"https:\/\/www.htsfuels.com\/wp-content\/uploads\/2021\/06\/antracite-250x250.jpg 250w, https:\/\/www.htsfuels.com\/wp-content\/uploads\/2021\/06\/antracite-300x300.jpg 300w, https:\/\/www.htsfuels.com\/wp-content\/uploads\/2021\/06\/antracite-150x150.jpg 150w, https:\/\/www.htsfuels.com\/wp-content\/uploads\/2021\/06\/antracite-100x100.jpg 100w, https:\/\/www.htsfuels.com\/wp-content\/uploads\/2021\/06\/antracite-299x300.jpg 299w, https:\/\/www.htsfuels.com\/wp-content\/uploads\/2021\/06\/antracite.jpg 500w\" width=\"250\" height=\"250\">\n<div class=\"overlay-title-category-hover overlay-hide theme-overlay wpex-absolute wpex-inset-0 wpex-transition-all wpex-duration-300 wpex-overflow-hidden wpex-flex wpex-items-center wpex-justify-center wpex-text-center\">\n\t<div class=\"overlay-bg wpex-bg-black wpex-absolute wpex-inset-0 wpex-opacity-60\"><\/div>\n\t<div class=\"overlay-content overlay-scale wpex-relative wpex-text-white wpex-p-15 wpex-duration-300 wpex-transition-transform wpex-clr\">\n\t\t<div class=\"overlay-title wpex-text-lg\">Antracita<\/div>\n\t\t<div class=\"overlay-terms wpex-opacity-80 wpex-italic\"><span class=\"term-24\">M\u00e9xico<\/span><\/div>\t<\/div>\n<\/div>\n<\/a><\/div><\/div><\/div><div class=\"portfolio-entry vcex-grid-item span_1_of_4 col col-2 wpex-text-center entry post-1145 type-portfolio has-media cat-25 cat-24\"><div class=\"portfolio-entry-inner entry-inner wpex-first-mt-0 wpex-last-mb-0 wpex-clr wpex-shadow\"><div class=\"portfolio-entry-media entry-media wpex-relative overlay-parent overlay-parent-title-category-hover overlay-h wpex-overflow-hidden overlay-ms\"><a href=\"https:\/\/www.htsfuels.com\/es\/producto\/coque-de-petroleo\/\" title=\"Coque de petr\u00f3leo\" class=\"portfolio-entry-media-link\"><img loading=\"lazy\" class=\"portfolio-entry-img wpex-align-middle\" decoding=\"async\" src=\"https:\/\/www.htsfuels.com\/wp-content\/uploads\/2021\/01\/Petcoke-250x250.jpg\" alt=\"\" srcset=\"https:\/\/www.htsfuels.com\/wp-content\/uploads\/2021\/01\/Petcoke-250x250.jpg 250w, https:\/\/www.htsfuels.com\/wp-content\/uploads\/2021\/01\/Petcoke-300x300.jpg 300w, https:\/\/www.htsfuels.com\/wp-content\/uploads\/2021\/01\/Petcoke-150x150.jpg 150w, https:\/\/www.htsfuels.com\/wp-content\/uploads\/2021\/01\/Petcoke-100x100.jpg 100w, https:\/\/www.htsfuels.com\/wp-content\/uploads\/2021\/01\/Petcoke.jpg 500w\" width=\"250\" height=\"250\">\n<div class=\"overlay-title-category-hover overlay-hide theme-overlay wpex-absolute wpex-inset-0 wpex-transition-all wpex-duration-300 wpex-overflow-hidden wpex-flex wpex-items-center wpex-justify-center wpex-text-center\">\n\t<div class=\"overlay-bg wpex-bg-black wpex-absolute wpex-inset-0 wpex-opacity-60\"><\/div>\n\t<div class=\"overlay-content overlay-scale wpex-relative wpex-text-white wpex-p-15 wpex-duration-300 wpex-transition-transform wpex-clr\">\n\t\t<div class=\"overlay-title wpex-text-lg\">Coque de petr\u00f3leo<\/div>\n\t\t<div class=\"overlay-terms wpex-opacity-80 wpex-italic\"><span class=\"term-25\">Marruecos<\/span>, <span class=\"term-24\">M\u00e9xico<\/span><\/div>\t<\/div>\n<\/div>\n<\/a><\/div><\/div><\/div><div class=\"portfolio-entry vcex-grid-item span_1_of_4 col col-3 wpex-text-center entry post-1131 type-portfolio has-media cat-24\"><div class=\"portfolio-entry-inner entry-inner wpex-first-mt-0 wpex-last-mb-0 wpex-clr wpex-shadow\"><div class=\"portfolio-entry-media entry-media wpex-relative overlay-parent overlay-parent-title-category-hover overlay-h wpex-overflow-hidden overlay-ms\"><a href=\"https:\/\/www.htsfuels.com\/es\/producto\/flexi-coque\/\" title=\"Flexi coque\" class=\"portfolio-entry-media-link\"><img loading=\"lazy\" class=\"portfolio-entry-img wpex-align-middle\" decoding=\"async\" src=\"https:\/\/www.htsfuels.com\/wp-content\/uploads\/2021\/06\/Flexicoke-big-03-250x250.jpg\" alt=\"\" srcset=\"https:\/\/www.htsfuels.com\/wp-content\/uploads\/2021\/06\/Flexicoke-big-03-250x250.jpg 250w, https:\/\/www.htsfuels.com\/wp-content\/uploads\/2021\/06\/Flexicoke-big-03-300x300.jpg 300w, https:\/\/www.htsfuels.com\/wp-content\/uploads\/2021\/06\/Flexicoke-big-03-150x150.jpg 150w, https:\/\/www.htsfuels.com\/wp-content\/uploads\/2021\/06\/Flexicoke-big-03-100x100.jpg 100w, https:\/\/www.htsfuels.com\/wp-content\/uploads\/2021\/06\/Flexicoke-big-03-299x300.jpg 299w, https:\/\/www.htsfuels.com\/wp-content\/uploads\/2021\/06\/Flexicoke-big-03.jpg 400w\" width=\"250\" height=\"250\">\n<div class=\"overlay-title-category-hover overlay-hide theme-overlay wpex-absolute wpex-inset-0 wpex-transition-all wpex-duration-300 wpex-overflow-hidden wpex-flex wpex-items-center wpex-justify-center wpex-text-center\">\n\t<div class=\"overlay-bg wpex-bg-black wpex-absolute wpex-inset-0 wpex-opacity-60\"><\/div>\n\t<div class=\"overlay-content overlay-scale wpex-relative wpex-text-white wpex-p-15 wpex-duration-300 wpex-transition-transform wpex-clr\">\n\t\t<div class=\"overlay-title wpex-text-lg\">Flexi coque<\/div>\n\t\t<div class=\"overlay-terms wpex-opacity-80 wpex-italic\"><span class=\"term-24\">M\u00e9xico<\/span><\/div>\t<\/div>\n<\/div>\n<\/a><\/div><\/div><\/div><div class=\"portfolio-entry vcex-grid-item span_1_of_4 col col-4 wpex-text-center entry post-1112 type-portfolio has-media cat-24\"><div class=\"portfolio-entry-inner entry-inner wpex-first-mt-0 wpex-last-mb-0 wpex-clr wpex-shadow\"><div class=\"portfolio-entry-media entry-media wpex-relative overlay-parent overlay-parent-title-category-hover overlay-h wpex-overflow-hidden overlay-ms\"><a href=\"https:\/\/www.htsfuels.com\/es\/producto\/recarburador\/\" title=\"Recarburador\" class=\"portfolio-entry-media-link\"><img loading=\"lazy\" class=\"portfolio-entry-img wpex-align-middle\" decoding=\"async\" src=\"https:\/\/www.htsfuels.com\/wp-content\/uploads\/2021\/06\/recarburizer-big-250x250.jpg\" alt=\"\" srcset=\"https:\/\/www.htsfuels.com\/wp-content\/uploads\/2021\/06\/recarburizer-big-250x250.jpg 250w, https:\/\/www.htsfuels.com\/wp-content\/uploads\/2021\/06\/recarburizer-big-300x300.jpg 300w, https:\/\/www.htsfuels.com\/wp-content\/uploads\/2021\/06\/recarburizer-big-150x150.jpg 150w, https:\/\/www.htsfuels.com\/wp-content\/uploads\/2021\/06\/recarburizer-big-100x100.jpg 100w, https:\/\/www.htsfuels.com\/wp-content\/uploads\/2021\/06\/recarburizer-big-299x300.jpg 299w, https:\/\/www.htsfuels.com\/wp-content\/uploads\/2021\/06\/recarburizer-big.jpg 500w\" width=\"250\" height=\"250\">\n<div class=\"overlay-title-category-hover overlay-hide theme-overlay wpex-absolute wpex-inset-0 wpex-transition-all wpex-duration-300 wpex-overflow-hidden wpex-flex wpex-items-center wpex-justify-center wpex-text-center\">\n\t<div class=\"overlay-bg wpex-bg-black wpex-absolute wpex-inset-0 wpex-opacity-60\"><\/div>\n\t<div class=\"overlay-content overlay-scale wpex-relative wpex-text-white wpex-p-15 wpex-duration-300 wpex-transition-transform wpex-clr\">\n\t\t<div class=\"overlay-title wpex-text-lg\">Recarburador<\/div>\n\t\t<div class=\"overlay-terms wpex-opacity-80 wpex-italic\"><span class=\"term-24\">M\u00e9xico<\/span><\/div>\t<\/div>\n<\/div>\n<\/a><\/div><\/div><\/div><\/div><\/div>[\/vc_column][\/vc_row][vc_row][vc_column]<style>.vcex-heading.vcex_69f753b6d4a35{color:var(--wpex-accent);}<\/style><h3 class=\"vcex-heading vcex-heading-plain vcex-module wpex-heading wpex-text-2xl wpex-text-center vcex_69f753b6d4a35\"><span class=\"vcex-heading-inner wpex-inline-block\">Vautid<\/span><\/h3><div class=\"vcex-spacing wpex-w-100 wpex-clear\" style=\"height:20px;\"><\/div>[vc_row_inner content_placement=\u00bbmiddle\u00bb][vc_column_inner width=\u00bb1\/3&#8243;][vc_single_image image=\u00bb327&#8243; img_size=\u00bb250&#215;250&#8243; alignment=\u00bbcenter\u00bb][\/vc_column_inner][vc_column_inner width=\u00bb2\/3&#8243;][vc_column_text]Vautid es una empresa pionera en la protecci\u00f3n contra el desgaste centrada principalmente en los consumibles de revestimiento duro que pueden utilizarse en una gran variedad de aplicaciones.<\/p>\n<p>Ofrecemos una soluci\u00f3n a diferentes problemas, protegiendo los componentes de alto desgaste en instalaciones y maquinaria.<\/p>\n<p>Vautid se centra en la reducci\u00f3n de los medios de abrasi\u00f3n y el impacto aumentando la resistencia del acero, y nuestras soluciones proporcionan una protecci\u00f3n fiable y a largo plazo contra el desgaste para todo tipo de equipos con una amplia gama de soluciones diferentes.<\/p>\n<p>Nuestra principal industria cliente es la del acero, el cemento, la miner\u00eda y las empresas de reciclaje.<\/p>\n<p>HTS M\u00e9xico es el \u00fanico distribuidor oficial de Vautid en M\u00e9xico.[\/vc_column_text][\/vc_column_inner][\/vc_row_inner][\/vc_column][\/vc_row]\n<\/div>","protected":false},"excerpt":{"rendered":"<p>[vc_row css=\u00bb.vc_custom_1630333022695{border-bottom-width: 50px !important;padding-top: 70px !important;}\u00bb][vc_column][\/vc_column][\/vc_row][vc_row][vc_column][\/vc_column][\/vc_row][vc_row][vc_column][vc_row_inner content_placement=\u00bbmiddle\u00bb][vc_column_inner width=\u00bb1\/3&#8243;][vc_single_image image=\u00bb327&#8243; img_size=\u00bb250&#215;250&#8243; alignment=\u00bbcenter\u00bb][\/vc_column_inner][vc_column_inner width=\u00bb2\/3&#8243;][vc_column_text]Vautid es una empresa pionera en la protecci\u00f3n contra el desgaste centrada principalmente en los consumibles de revestimiento duro que pueden utilizarse en una gran variedad de aplicaciones. Ofrecemos una soluci\u00f3n a diferentes problemas, protegiendo los componentes de alto desgaste en instalaciones y maquinaria.&hellip;<\/p>\n","protected":false},"author":1,"featured_media":938,"parent":1044,"menu_order":0,"comment_status":"closed","ping_status":"closed","template":"","meta":{"inline_featured_image":false,"footnotes":""},"class_list":["post-1091","page","type-page","status-publish","has-post-thumbnail","hentry","entry","has-media"],"yoast_head":"<!-- This site is optimized with the Yoast SEO plugin v26.4 - https:\/\/yoast.com\/wordpress\/plugins\/seo\/ -->\n<title>Productos - HTS Fuels<\/title>\n<meta name=\"robots\" content=\"index, follow, max-snippet:-1, max-image-preview:large, max-video-preview:-1\" \/>\n<link rel=\"canonical\" href=\"https:\/\/www.htsfuels.com\/es\/mexico\/productos\/\" \/>\n<meta property=\"og:locale\" content=\"es_ES\" \/>\n<meta property=\"og:type\" content=\"article\" \/>\n<meta property=\"og:title\" content=\"Productos - HTS Fuels\" \/>\n<meta property=\"og:description\" content=\"[vc_row css=\u00bb.vc_custom_1630333022695{border-bottom-width: 50px !important;padding-top: 70px !important;}\u00bb][vc_column][\/vc_column][\/vc_row][vc_row][vc_column][\/vc_column][\/vc_row][vc_row][vc_column][vc_row_inner content_placement=\u00bbmiddle\u00bb][vc_column_inner width=\u00bb1\/3&#8243;][vc_single_image image=\u00bb327&#8243; img_size=\u00bb250&#215;250&#8243; alignment=\u00bbcenter\u00bb][\/vc_column_inner][vc_column_inner width=\u00bb2\/3&#8243;][vc_column_text]Vautid es una empresa pionera en la protecci\u00f3n contra el desgaste centrada principalmente en los consumibles de revestimiento duro que pueden utilizarse en una gran variedad de aplicaciones. Ofrecemos una soluci\u00f3n a diferentes problemas, protegiendo los componentes de alto desgaste en instalaciones y maquinaria.&hellip;\" \/>\n<meta property=\"og:url\" content=\"https:\/\/www.htsfuels.com\/es\/mexico\/productos\/\" \/>\n<meta property=\"og:site_name\" content=\"HTS Fuels\" \/>\n<meta property=\"article:modified_time\" content=\"2022-04-28T09:48:50+00:00\" \/>\n<meta property=\"og:image\" content=\"https:\/\/www.htsfuels.com\/wp-content\/uploads\/2021\/08\/header-products-001.jpg\" \/>\n\t<meta property=\"og:image:width\" content=\"1920\" \/>\n\t<meta property=\"og:image:height\" content=\"594\" \/>\n\t<meta property=\"og:image:type\" content=\"image\/jpeg\" \/>\n<meta name=\"twitter:card\" content=\"summary_large_image\" \/>\n<meta name=\"twitter:label1\" content=\"Tiempo de lectura\" \/>\n\t<meta name=\"twitter:data1\" content=\"1 minuto\" \/>\n<script type=\"application\/ld+json\" class=\"yoast-schema-graph\">{\"@context\":\"https:\/\/schema.org\",\"@graph\":[{\"@type\":\"WebPage\",\"@id\":\"https:\/\/www.htsfuels.com\/es\/mexico\/productos\/\",\"url\":\"https:\/\/www.htsfuels.com\/es\/mexico\/productos\/\",\"name\":\"Productos - HTS Fuels\",\"isPartOf\":{\"@id\":\"https:\/\/www.htsfuels.com\/es\/#website\"},\"primaryImageOfPage\":{\"@id\":\"https:\/\/www.htsfuels.com\/es\/mexico\/productos\/#primaryimage\"},\"image\":{\"@id\":\"https:\/\/www.htsfuels.com\/es\/mexico\/productos\/#primaryimage\"},\"thumbnailUrl\":\"https:\/\/www.htsfuels.com\/wp-content\/uploads\/2021\/08\/header-products-001.jpg\",\"datePublished\":\"2022-04-25T10:55:40+00:00\",\"dateModified\":\"2022-04-28T09:48:50+00:00\",\"breadcrumb\":{\"@id\":\"https:\/\/www.htsfuels.com\/es\/mexico\/productos\/#breadcrumb\"},\"inLanguage\":\"es\",\"potentialAction\":[{\"@type\":\"ReadAction\",\"target\":[\"https:\/\/www.htsfuels.com\/es\/mexico\/productos\/\"]}]},{\"@type\":\"ImageObject\",\"inLanguage\":\"es\",\"@id\":\"https:\/\/www.htsfuels.com\/es\/mexico\/productos\/#primaryimage\",\"url\":\"https:\/\/www.htsfuels.com\/wp-content\/uploads\/2021\/08\/header-products-001.jpg\",\"contentUrl\":\"https:\/\/www.htsfuels.com\/wp-content\/uploads\/2021\/08\/header-products-001.jpg\",\"width\":1920,\"height\":594},{\"@type\":\"BreadcrumbList\",\"@id\":\"https:\/\/www.htsfuels.com\/es\/mexico\/productos\/#breadcrumb\",\"itemListElement\":[{\"@type\":\"ListItem\",\"position\":1,\"name\":\"Inicio\",\"item\":\"https:\/\/www.htsfuels.com\/es\/\"},{\"@type\":\"ListItem\",\"position\":2,\"name\":\"M\u00e9xico\",\"item\":\"https:\/\/www.htsfuels.com\/es\/mexico\/\"},{\"@type\":\"ListItem\",\"position\":3,\"name\":\"Productos\"}]},{\"@type\":\"WebSite\",\"@id\":\"https:\/\/www.htsfuels.com\/es\/#website\",\"url\":\"https:\/\/www.htsfuels.com\/es\/\",\"name\":\"HTS Fuels\",\"description\":\"Hydrocarburates trade services\",\"publisher\":{\"@id\":\"https:\/\/www.htsfuels.com\/es\/#organization\"},\"potentialAction\":[{\"@type\":\"SearchAction\",\"target\":{\"@type\":\"EntryPoint\",\"urlTemplate\":\"https:\/\/www.htsfuels.com\/es\/?s={search_term_string}\"},\"query-input\":{\"@type\":\"PropertyValueSpecification\",\"valueRequired\":true,\"valueName\":\"search_term_string\"}}],\"inLanguage\":\"es\"},{\"@type\":\"Organization\",\"@id\":\"https:\/\/www.htsfuels.com\/es\/#organization\",\"name\":\"HTS Fuels\",\"url\":\"https:\/\/www.htsfuels.com\/es\/\",\"logo\":{\"@type\":\"ImageObject\",\"inLanguage\":\"es\",\"@id\":\"https:\/\/www.htsfuels.com\/es\/#\/schema\/logo\/image\/\",\"url\":\"https:\/\/www.htsfuels.com\/wp-content\/uploads\/2021\/06\/logo-hts.svg\",\"contentUrl\":\"https:\/\/www.htsfuels.com\/wp-content\/uploads\/2021\/06\/logo-hts.svg\",\"width\":100,\"height\":100,\"caption\":\"HTS Fuels\"},\"image\":{\"@id\":\"https:\/\/www.htsfuels.com\/es\/#\/schema\/logo\/image\/\"}}]}<\/script>\n<!-- \/ Yoast SEO plugin. -->","yoast_head_json":{"title":"Productos - HTS Fuels","robots":{"index":"index","follow":"follow","max-snippet":"max-snippet:-1","max-image-preview":"max-image-preview:large","max-video-preview":"max-video-preview:-1"},"canonical":"https:\/\/www.htsfuels.com\/es\/mexico\/productos\/","og_locale":"es_ES","og_type":"article","og_title":"Productos - HTS Fuels","og_description":"[vc_row css=\u00bb.vc_custom_1630333022695{border-bottom-width: 50px !important;padding-top: 70px !important;}\u00bb][vc_column][\/vc_column][\/vc_row][vc_row][vc_column][\/vc_column][\/vc_row][vc_row][vc_column][vc_row_inner content_placement=\u00bbmiddle\u00bb][vc_column_inner width=\u00bb1\/3&#8243;][vc_single_image image=\u00bb327&#8243; img_size=\u00bb250&#215;250&#8243; alignment=\u00bbcenter\u00bb][\/vc_column_inner][vc_column_inner width=\u00bb2\/3&#8243;][vc_column_text]Vautid es una empresa pionera en la protecci\u00f3n contra el desgaste centrada principalmente en los consumibles de revestimiento duro que pueden utilizarse en una gran variedad de aplicaciones. Ofrecemos una soluci\u00f3n a diferentes problemas, protegiendo los componentes de alto desgaste en instalaciones y maquinaria.&hellip;","og_url":"https:\/\/www.htsfuels.com\/es\/mexico\/productos\/","og_site_name":"HTS Fuels","article_modified_time":"2022-04-28T09:48:50+00:00","og_image":[{"width":1920,"height":594,"url":"https:\/\/www.htsfuels.com\/wp-content\/uploads\/2021\/08\/header-products-001.jpg","type":"image\/jpeg"}],"twitter_card":"summary_large_image","twitter_misc":{"Tiempo de lectura":"1 minuto"},"schema":{"@context":"https:\/\/schema.org","@graph":[{"@type":"WebPage","@id":"https:\/\/www.htsfuels.com\/es\/mexico\/productos\/","url":"https:\/\/www.htsfuels.com\/es\/mexico\/productos\/","name":"Productos - HTS Fuels","isPartOf":{"@id":"https:\/\/www.htsfuels.com\/es\/#website"},"primaryImageOfPage":{"@id":"https:\/\/www.htsfuels.com\/es\/mexico\/productos\/#primaryimage"},"image":{"@id":"https:\/\/www.htsfuels.com\/es\/mexico\/productos\/#primaryimage"},"thumbnailUrl":"https:\/\/www.htsfuels.com\/wp-content\/uploads\/2021\/08\/header-products-001.jpg","datePublished":"2022-04-25T10:55:40+00:00","dateModified":"2022-04-28T09:48:50+00:00","breadcrumb":{"@id":"https:\/\/www.htsfuels.com\/es\/mexico\/productos\/#breadcrumb"},"inLanguage":"es","potentialAction":[{"@type":"ReadAction","target":["https:\/\/www.htsfuels.com\/es\/mexico\/productos\/"]}]},{"@type":"ImageObject","inLanguage":"es","@id":"https:\/\/www.htsfuels.com\/es\/mexico\/productos\/#primaryimage","url":"https:\/\/www.htsfuels.com\/wp-content\/uploads\/2021\/08\/header-products-001.jpg","contentUrl":"https:\/\/www.htsfuels.com\/wp-content\/uploads\/2021\/08\/header-products-001.jpg","width":1920,"height":594},{"@type":"BreadcrumbList","@id":"https:\/\/www.htsfuels.com\/es\/mexico\/productos\/#breadcrumb","itemListElement":[{"@type":"ListItem","position":1,"name":"Inicio","item":"https:\/\/www.htsfuels.com\/es\/"},{"@type":"ListItem","position":2,"name":"M\u00e9xico","item":"https:\/\/www.htsfuels.com\/es\/mexico\/"},{"@type":"ListItem","position":3,"name":"Productos"}]},{"@type":"WebSite","@id":"https:\/\/www.htsfuels.com\/es\/#website","url":"https:\/\/www.htsfuels.com\/es\/","name":"HTS Fuels","description":"Hydrocarburates trade services","publisher":{"@id":"https:\/\/www.htsfuels.com\/es\/#organization"},"potentialAction":[{"@type":"SearchAction","target":{"@type":"EntryPoint","urlTemplate":"https:\/\/www.htsfuels.com\/es\/?s={search_term_string}"},"query-input":{"@type":"PropertyValueSpecification","valueRequired":true,"valueName":"search_term_string"}}],"inLanguage":"es"},{"@type":"Organization","@id":"https:\/\/www.htsfuels.com\/es\/#organization","name":"HTS Fuels","url":"https:\/\/www.htsfuels.com\/es\/","logo":{"@type":"ImageObject","inLanguage":"es","@id":"https:\/\/www.htsfuels.com\/es\/#\/schema\/logo\/image\/","url":"https:\/\/www.htsfuels.com\/wp-content\/uploads\/2021\/06\/logo-hts.svg","contentUrl":"https:\/\/www.htsfuels.com\/wp-content\/uploads\/2021\/06\/logo-hts.svg","width":100,"height":100,"caption":"HTS Fuels"},"image":{"@id":"https:\/\/www.htsfuels.com\/es\/#\/schema\/logo\/image\/"}}]}},"_links":{"self":[{"href":"https:\/\/www.htsfuels.com\/es\/wp-json\/wp\/v2\/pages\/1091","targetHints":{"allow":["GET"]}}],"collection":[{"href":"https:\/\/www.htsfuels.com\/es\/wp-json\/wp\/v2\/pages"}],"about":[{"href":"https:\/\/www.htsfuels.com\/es\/wp-json\/wp\/v2\/types\/page"}],"author":[{"embeddable":true,"href":"https:\/\/www.htsfuels.com\/es\/wp-json\/wp\/v2\/users\/1"}],"replies":[{"embeddable":true,"href":"https:\/\/www.htsfuels.com\/es\/wp-json\/wp\/v2\/comments?post=1091"}],"version-history":[{"count":0,"href":"https:\/\/www.htsfuels.com\/es\/wp-json\/wp\/v2\/pages\/1091\/revisions"}],"up":[{"embeddable":true,"href":"https:\/\/www.htsfuels.com\/es\/wp-json\/wp\/v2\/pages\/1044"}],"wp:featuredmedia":[{"embeddable":true,"href":"https:\/\/www.htsfuels.com\/es\/wp-json\/wp\/v2\/media\/938"}],"wp:attachment":[{"href":"https:\/\/www.htsfuels.com\/es\/wp-json\/wp\/v2\/media?parent=1091"}],"curies":[{"name":"wp","href":"https:\/\/api.w.org\/{rel}","templated":true}]}}