{"id":1097,"date":"2022-04-25T11:01:19","date_gmt":"2022-04-25T11:01:19","guid":{"rendered":"https:\/\/www.htsfuels.com\/?page_id=1097"},"modified":"2024-06-13T09:24:08","modified_gmt":"2024-06-13T09:24:08","slug":"contacto","status":"publish","type":"page","link":"https:\/\/www.htsfuels.com\/es\/contacto\/","title":{"rendered":"Contacto"},"content":{"rendered":"<div class=\"wpb-content-wrapper\">[vc_section][vc_row][vc_column]<style>.vcex-heading.vcex_69f603439013f{color:var(--wpex-accent);}<\/style><h2 class=\"vcex-heading vcex-heading-plain vcex-module wpex-heading wpex-text-2xl wpex-text-center hts-title-line hts-title-line-center has-gradient vcex_69f603439013f\"><span class=\"vcex-heading-inner wpex-inline-block\">C\u00f3mo contactar con nosotros<\/span><\/h2>[vc_empty_space height=\u00bb15px\u00bb][\/vc_column][\/vc_row][vc_row][vc_column width=\u00bb1\/4&#8243;][vc_single_image image=\u00bb334&#8243; el_class=\u00bbflag-contact\u00bb][vc_column_text el_class=\u00bbtext-contact\u00bb]<strong>Spanish Hydrocarburates TS SLU<\/strong><\/p>\n<p>Calle Muntaner 240 pral. 2<br \/>\n08021 Barcelona Spain<br \/>\nTel: <a href=\"tel:(34)932020579\">(+34) 93 202 0579<\/a>[\/vc_column_text][\/vc_column][vc_column width=\u00bb1\/4&#8243;][vc_single_image image=\u00bb1411&#8243; el_class=\u00bbflag-contact\u00bb][vc_column_text el_class=\u00bbtext-contact\u00bb]<strong>Hydrocarburates TS Mexico<\/strong><\/p>\n<div>Edificio German Centre<\/div>\n<div>Av. Santa Fe 170<\/div>\n<div>Piso 4, oficina 4-2-12<\/div>\n<div>Col. Santa Fe, \u00c1lvaro Obreg\u00f3n<\/div>\n<div>C.P. 01376, Ciudad de M\u00e9xico<\/div>\n<div>\n<p>Tel: <a href=\"tel:00525551612503\">(+52) 5551612503<\/a><br \/>\nTel: <a href=\"tel:00525551612591\">(+52) 5551612591<\/a><\/p>\n<\/div>\n[\/vc_column_text][\/vc_column][vc_column width=\u00bb1\/4&#8243;][vc_single_image image=\u00bb333&#8243; el_class=\u00bbflag-contact\u00bb][vc_column_text el_class=\u00bbtext-contact\u00bb]<strong>Hydrocarburates TS Morocco SARL <\/strong><\/p>\n<p>59 Rue Rahal Ben Ahmed Rez de Chauss\u00e9e<br \/>\nRoches Noires Casablanca, Morocco<br \/>\nTel: <a href=\"tel:(+212)522240556\">(+212) 522 240 556<\/a><br \/>\nFax: (+212) 522 240 557[\/vc_column_text][\/vc_column][vc_column width=\u00bb1\/4&#8243;][vc_single_image image=\u00bb337&#8243; el_class=\u00bbflag-contact\u00bb][vc_column_text el_class=\u00bbtext-contact\u00bb]<strong>Hydrocarburates Trade Services Ltd<\/strong><\/p>\n<p>26\/27 Pembroke Street Upper Dublin,<br \/>\nD02 X361 Ireland<br \/>\nTel: <a href=\"tel:(+353) 1 640 1811\" target=\"_blank\" rel=\"nofollow noopener\">(+353) 1 640 1811<\/a>[\/vc_column_text][\/vc_column][\/vc_row][vc_row][vc_column width=\u00bb1\/6&#8243;][\/vc_column][vc_column width=\u00bb2\/3&#8243; css=\u00bb.vc_custom_1628062170323{border-top-width: 2px !important;border-right-width: 2px !important;border-bottom-width: 2px !important;border-left-width: 2px !important;padding-top: 30px !important;padding-right: 30px !important;padding-bottom: 30px !important;padding-left: 30px !important;border-left-color: #098fd6 !important;border-left-style: solid !important;border-right-color: #098fd6 !important;border-right-style: solid !important;border-top-color: #098fd6 !important;border-top-style: solid !important;border-bottom-color: #098fd6 !important;border-bottom-style: solid !important;}\u00bb]<style>.vcex-heading.vcex_69f6034390f8b{color:var(--wpex-accent);}<\/style><h2 class=\"vcex-heading vcex-heading-plain vcex-module wpex-heading wpex-text-2xl wpex-text-center hts-title-line hts-title-line-center has-gradient vcex_69f6034390f8b\"><span class=\"vcex-heading-inner wpex-inline-block\">Formulario de contacto<\/span><\/h2>[vc_empty_space height=\u00bb25px\u00bb][vc_column_text]<div class=\"frm_forms  with_frm_style frm_style_formidable-style\" id=\"frm_form_2_container\" >\n<form enctype=\"multipart\/form-data\" method=\"post\" class=\"frm-show-form  frm_js_validate  frm_ajax_submit  frm_pro_form \" id=\"form_contact-form2\" >\n<div class=\"frm_form_fields \">\n<fieldset>\n<legend class=\"frm_screen_reader\">Contacto<\/legend>\r\n\r\n<div class=\"frm_fields_container\">\n<input type=\"hidden\" name=\"frm_action\" value=\"create\" \/>\n<input type=\"hidden\" name=\"form_id\" value=\"2\" \/>\n<input type=\"hidden\" name=\"frm_hide_fields_2\" id=\"frm_hide_fields_2\" value=\"\" \/>\n<input type=\"hidden\" name=\"form_key\" value=\"contact-form2\" \/>\n<input type=\"hidden\" name=\"item_meta[0]\" value=\"\" \/>\n<input type=\"hidden\" id=\"frm_submit_entry_2\" name=\"frm_submit_entry_2\" value=\"bc491340d0\" \/><input type=\"hidden\" name=\"_wp_http_referer\" value=\"\/es\/wp-json\/wp\/v2\/pages\/1097\" \/><div id=\"frm_field_7_container\" class=\"frm_form_field form-field  frm_required_field frm_top_container frm_first frm_half\">\r\n    <label for=\"field_qh4icy2\" id=\"field_qh4icy2_label\" class=\"frm_primary_label\">Nombre\r\n        <span class=\"frm_required\" aria-hidden=\"true\">*<\/span>\r\n    <\/label>\r\n    <input  type=\"text\" id=\"field_qh4icy2\" name=\"item_meta[7]\" value=\"\"  data-reqmsg=\"Este campo no puede estar vac\u00edo.\" aria-required=\"true\" data-invmsg=\"Name is invalid\" aria-invalid=\"false\"   \/>\r\n    \r\n    \r\n<\/div>\n<div id=\"frm_field_8_container\" class=\"frm_form_field form-field  frm_required_field frm_top_container frm_half\">\r\n    <label for=\"field_ocfup12\" id=\"field_ocfup12_label\" class=\"frm_primary_label\">Apellido\r\n        <span class=\"frm_required\" aria-hidden=\"true\">*<\/span>\r\n    <\/label>\r\n    <input  type=\"text\" id=\"field_ocfup12\" name=\"item_meta[8]\" value=\"\"  data-reqmsg=\"Este campo no puede estar vac\u00edo.\" aria-required=\"true\" data-invmsg=\"Last is invalid\" aria-invalid=\"false\"   \/>\r\n    \r\n    \r\n<\/div>\n<div id=\"frm_field_9_container\" class=\"frm_form_field form-field  frm_required_field frm_top_container frm_first frm_half\">\r\n    <label for=\"field_29yf4d2\" id=\"field_29yf4d2_label\" class=\"frm_primary_label\">Correo electr\u00f3nico\r\n        <span class=\"frm_required\" aria-hidden=\"true\">*<\/span>\r\n    <\/label>\r\n    <input type=\"email\" id=\"field_29yf4d2\" name=\"item_meta[9]\" value=\"\"  data-reqmsg=\"Este campo no puede estar vac\u00edo.\" aria-required=\"true\" data-invmsg=\"Por favor, introduce una direcci\u00f3n de correo electr\u00f3nico v\u00e1lida.\" aria-invalid=\"false\"  \/>\r\n    \r\n    \r\n<\/div>\n<div id=\"frm_field_10_container\" class=\"frm_form_field form-field  frm_required_field frm_top_container frm_half\">\r\n    <label for=\"field_rgyni2\" id=\"field_rgyni2_label\" class=\"frm_primary_label\">Tel\u00e9fono\r\n        <span class=\"frm_required\" aria-hidden=\"true\">*<\/span>\r\n    <\/label>\r\n    <input  type=\"text\" id=\"field_rgyni2\" name=\"item_meta[10]\" value=\"\"  data-reqmsg=\"Este campo no puede estar vac\u00edo.\" aria-required=\"true\" data-invmsg=\"Text is invalid\" aria-invalid=\"false\"   \/>\r\n    \r\n    \r\n<\/div>\n<div id=\"frm_field_11_container\" class=\"frm_form_field form-field  frm_required_field frm_top_container frm_full\">\r\n    <label for=\"field_e6lis62\" id=\"field_e6lis62_label\" class=\"frm_primary_label\">Asunto\r\n        <span class=\"frm_required\" aria-hidden=\"true\">*<\/span>\r\n    <\/label>\r\n    <input  type=\"text\" id=\"field_e6lis62\" name=\"item_meta[11]\" value=\"\"  data-reqmsg=\"Este campo no puede estar vac\u00edo.\" aria-required=\"true\" data-invmsg=\"Subject is invalid\" aria-invalid=\"false\"   \/>\r\n    \r\n    \r\n<\/div>\n<div id=\"frm_field_12_container\" class=\"frm_form_field form-field  frm_required_field frm_top_container frm_full\">\r\n    <label for=\"field_9jv0r12\" id=\"field_9jv0r12_label\" class=\"frm_primary_label\">Mensaje\r\n        <span class=\"frm_required\" aria-hidden=\"true\">*<\/span>\r\n    <\/label>\r\n    <textarea name=\"item_meta[12]\" id=\"field_9jv0r12\" rows=\"5\"  data-reqmsg=\"Este campo no puede estar vac\u00edo.\" aria-required=\"true\" data-invmsg=\"Mensaje no es v\u00e1lido\" aria-invalid=\"false\"  ><\/textarea>\r\n    \r\n    \r\n<\/div>\n\t<input type=\"hidden\" name=\"item_key\" value=\"\" \/>\n\t\t\t<div id=\"frm_field_19_container\">\n\t\t\t<label for=\"field_mkmeu\" >\n\t\t\t\tSi eres humano, deja este campo en blanco.\t\t\t<\/label>\n\t\t\t<input  id=\"field_mkmeu\" type=\"text\" class=\"frm_form_field form-field frm_verify\" name=\"item_meta[19]\" value=\"\"  \/>\n\t\t<\/div>\n\t\t<input name=\"frm_state\" type=\"hidden\" value=\"RVAxzeOa870kcPcLpHw+kftvCStQIzQE9fQRTrMSwoC\/aNTVc2jLmvC4prNKOmMi\" \/><div class=\"frm_submit\">\r\n\r\n<button class=\"frm_button_submit frm_final_submit\" type=\"submit\"   formnovalidate=\"formnovalidate\">Enviar<\/button>\r\n\r\n<\/div><\/div>\n<\/fieldset>\n<\/div>\n\n<\/form>\n<\/div>\n[\/vc_column_text][vc_column_text]<em style=\"font-size: 13px;\">Nota: Por favor, rellene los campos marcados con un asterisco.<\/em>[\/vc_column_text][\/vc_column][vc_column width=\u00bb1\/6&#8243;][\/vc_column][\/vc_row][vc_row][vc_column][vc_empty_space height=\u00bb20px\u00bb][\/vc_column][\/vc_row][\/vc_section]\n<\/div>","protected":false},"excerpt":{"rendered":"<p>[vc_section][vc_row][vc_column][vc_empty_space height=\u00bb15px\u00bb][\/vc_column][\/vc_row][vc_row][vc_column width=\u00bb1\/4&#8243;][vc_single_image image=\u00bb334&#8243; el_class=\u00bbflag-contact\u00bb][vc_column_text el_class=\u00bbtext-contact\u00bb]Spanish Hydrocarburates TS SLU Calle Muntaner 240 pral. 2 08021 Barcelona Spain Tel: (+34) 93 202 0579[\/vc_column_text][\/vc_column][vc_column width=\u00bb1\/4&#8243;][vc_single_image image=\u00bb1411&#8243; el_class=\u00bbflag-contact\u00bb][vc_column_text el_class=\u00bbtext-contact\u00bb]Hydrocarburates TS Mexico Edificio German Centre Av. Santa Fe 170 Piso 4, oficina 4-2-12 Col. Santa Fe, \u00c1lvaro Obreg\u00f3n C.P. 01376, Ciudad de M\u00e9xico Tel: (+52) 5551612503 Tel: (+52) 5551612591&hellip;<\/p>\n","protected":false},"author":1,"featured_media":0,"parent":0,"menu_order":0,"comment_status":"closed","ping_status":"closed","template":"","meta":{"inline_featured_image":false,"footnotes":""},"class_list":["post-1097","page","type-page","status-publish","hentry","entry","no-media"],"yoast_head":"<!-- This site is optimized with the Yoast SEO plugin v26.4 - https:\/\/yoast.com\/wordpress\/plugins\/seo\/ -->\n<title>Contacto - HTS Fuels<\/title>\n<meta name=\"robots\" content=\"index, follow, max-snippet:-1, max-image-preview:large, max-video-preview:-1\" \/>\n<link rel=\"canonical\" href=\"https:\/\/www.htsfuels.com\/es\/contacto\/\" \/>\n<meta property=\"og:locale\" content=\"es_ES\" \/>\n<meta property=\"og:type\" content=\"article\" \/>\n<meta property=\"og:title\" content=\"Contacto - HTS Fuels\" \/>\n<meta property=\"og:description\" content=\"[vc_section][vc_row][vc_column][vc_empty_space height=\u00bb15px\u00bb][\/vc_column][\/vc_row][vc_row][vc_column width=\u00bb1\/4&#8243;][vc_single_image image=\u00bb334&#8243; el_class=\u00bbflag-contact\u00bb][vc_column_text el_class=\u00bbtext-contact\u00bb]Spanish Hydrocarburates TS SLU Calle Muntaner 240 pral. 2 08021 Barcelona Spain Tel: (+34) 93 202 0579[\/vc_column_text][\/vc_column][vc_column width=\u00bb1\/4&#8243;][vc_single_image image=\u00bb1411&#8243; el_class=\u00bbflag-contact\u00bb][vc_column_text el_class=\u00bbtext-contact\u00bb]Hydrocarburates TS Mexico Edificio German Centre Av. Santa Fe 170 Piso 4, oficina 4-2-12 Col. Santa Fe, \u00c1lvaro Obreg\u00f3n C.P. 01376, Ciudad de M\u00e9xico Tel: (+52) 5551612503 Tel: (+52) 5551612591&hellip;\" \/>\n<meta property=\"og:url\" content=\"https:\/\/www.htsfuels.com\/es\/contacto\/\" \/>\n<meta property=\"og:site_name\" content=\"HTS Fuels\" \/>\n<meta property=\"article:modified_time\" content=\"2024-06-13T09:24:08+00:00\" \/>\n<meta name=\"twitter:card\" content=\"summary_large_image\" \/>\n<meta name=\"twitter:label1\" content=\"Tiempo de lectura\" \/>\n\t<meta name=\"twitter:data1\" content=\"1 minuto\" \/>\n<script type=\"application\/ld+json\" class=\"yoast-schema-graph\">{\"@context\":\"https:\/\/schema.org\",\"@graph\":[{\"@type\":\"WebPage\",\"@id\":\"https:\/\/www.htsfuels.com\/es\/contacto\/\",\"url\":\"https:\/\/www.htsfuels.com\/es\/contacto\/\",\"name\":\"Contacto - HTS Fuels\",\"isPartOf\":{\"@id\":\"https:\/\/www.htsfuels.com\/es\/#website\"},\"datePublished\":\"2022-04-25T11:01:19+00:00\",\"dateModified\":\"2024-06-13T09:24:08+00:00\",\"breadcrumb\":{\"@id\":\"https:\/\/www.htsfuels.com\/es\/contacto\/#breadcrumb\"},\"inLanguage\":\"es\",\"potentialAction\":[{\"@type\":\"ReadAction\",\"target\":[\"https:\/\/www.htsfuels.com\/es\/contacto\/\"]}]},{\"@type\":\"BreadcrumbList\",\"@id\":\"https:\/\/www.htsfuels.com\/es\/contacto\/#breadcrumb\",\"itemListElement\":[{\"@type\":\"ListItem\",\"position\":1,\"name\":\"Inicio\",\"item\":\"https:\/\/www.htsfuels.com\/es\/\"},{\"@type\":\"ListItem\",\"position\":2,\"name\":\"Contacto\"}]},{\"@type\":\"WebSite\",\"@id\":\"https:\/\/www.htsfuels.com\/es\/#website\",\"url\":\"https:\/\/www.htsfuels.com\/es\/\",\"name\":\"HTS Fuels\",\"description\":\"Hydrocarburates trade services\",\"publisher\":{\"@id\":\"https:\/\/www.htsfuels.com\/es\/#organization\"},\"potentialAction\":[{\"@type\":\"SearchAction\",\"target\":{\"@type\":\"EntryPoint\",\"urlTemplate\":\"https:\/\/www.htsfuels.com\/es\/?s={search_term_string}\"},\"query-input\":{\"@type\":\"PropertyValueSpecification\",\"valueRequired\":true,\"valueName\":\"search_term_string\"}}],\"inLanguage\":\"es\"},{\"@type\":\"Organization\",\"@id\":\"https:\/\/www.htsfuels.com\/es\/#organization\",\"name\":\"HTS Fuels\",\"url\":\"https:\/\/www.htsfuels.com\/es\/\",\"logo\":{\"@type\":\"ImageObject\",\"inLanguage\":\"es\",\"@id\":\"https:\/\/www.htsfuels.com\/es\/#\/schema\/logo\/image\/\",\"url\":\"https:\/\/www.htsfuels.com\/wp-content\/uploads\/2021\/06\/logo-hts.svg\",\"contentUrl\":\"https:\/\/www.htsfuels.com\/wp-content\/uploads\/2021\/06\/logo-hts.svg\",\"width\":100,\"height\":100,\"caption\":\"HTS Fuels\"},\"image\":{\"@id\":\"https:\/\/www.htsfuels.com\/es\/#\/schema\/logo\/image\/\"}}]}<\/script>\n<!-- \/ Yoast SEO plugin. -->","yoast_head_json":{"title":"Contacto - HTS Fuels","robots":{"index":"index","follow":"follow","max-snippet":"max-snippet:-1","max-image-preview":"max-image-preview:large","max-video-preview":"max-video-preview:-1"},"canonical":"https:\/\/www.htsfuels.com\/es\/contacto\/","og_locale":"es_ES","og_type":"article","og_title":"Contacto - HTS Fuels","og_description":"[vc_section][vc_row][vc_column][vc_empty_space height=\u00bb15px\u00bb][\/vc_column][\/vc_row][vc_row][vc_column width=\u00bb1\/4&#8243;][vc_single_image image=\u00bb334&#8243; el_class=\u00bbflag-contact\u00bb][vc_column_text el_class=\u00bbtext-contact\u00bb]Spanish Hydrocarburates TS SLU Calle Muntaner 240 pral. 2 08021 Barcelona Spain Tel: (+34) 93 202 0579[\/vc_column_text][\/vc_column][vc_column width=\u00bb1\/4&#8243;][vc_single_image image=\u00bb1411&#8243; el_class=\u00bbflag-contact\u00bb][vc_column_text el_class=\u00bbtext-contact\u00bb]Hydrocarburates TS Mexico Edificio German Centre Av. Santa Fe 170 Piso 4, oficina 4-2-12 Col. Santa Fe, \u00c1lvaro Obreg\u00f3n C.P. 01376, Ciudad de M\u00e9xico Tel: (+52) 5551612503 Tel: (+52) 5551612591&hellip;","og_url":"https:\/\/www.htsfuels.com\/es\/contacto\/","og_site_name":"HTS Fuels","article_modified_time":"2024-06-13T09:24:08+00:00","twitter_card":"summary_large_image","twitter_misc":{"Tiempo de lectura":"1 minuto"},"schema":{"@context":"https:\/\/schema.org","@graph":[{"@type":"WebPage","@id":"https:\/\/www.htsfuels.com\/es\/contacto\/","url":"https:\/\/www.htsfuels.com\/es\/contacto\/","name":"Contacto - HTS Fuels","isPartOf":{"@id":"https:\/\/www.htsfuels.com\/es\/#website"},"datePublished":"2022-04-25T11:01:19+00:00","dateModified":"2024-06-13T09:24:08+00:00","breadcrumb":{"@id":"https:\/\/www.htsfuels.com\/es\/contacto\/#breadcrumb"},"inLanguage":"es","potentialAction":[{"@type":"ReadAction","target":["https:\/\/www.htsfuels.com\/es\/contacto\/"]}]},{"@type":"BreadcrumbList","@id":"https:\/\/www.htsfuels.com\/es\/contacto\/#breadcrumb","itemListElement":[{"@type":"ListItem","position":1,"name":"Inicio","item":"https:\/\/www.htsfuels.com\/es\/"},{"@type":"ListItem","position":2,"name":"Contacto"}]},{"@type":"WebSite","@id":"https:\/\/www.htsfuels.com\/es\/#website","url":"https:\/\/www.htsfuels.com\/es\/","name":"HTS Fuels","description":"Hydrocarburates trade services","publisher":{"@id":"https:\/\/www.htsfuels.com\/es\/#organization"},"potentialAction":[{"@type":"SearchAction","target":{"@type":"EntryPoint","urlTemplate":"https:\/\/www.htsfuels.com\/es\/?s={search_term_string}"},"query-input":{"@type":"PropertyValueSpecification","valueRequired":true,"valueName":"search_term_string"}}],"inLanguage":"es"},{"@type":"Organization","@id":"https:\/\/www.htsfuels.com\/es\/#organization","name":"HTS Fuels","url":"https:\/\/www.htsfuels.com\/es\/","logo":{"@type":"ImageObject","inLanguage":"es","@id":"https:\/\/www.htsfuels.com\/es\/#\/schema\/logo\/image\/","url":"https:\/\/www.htsfuels.com\/wp-content\/uploads\/2021\/06\/logo-hts.svg","contentUrl":"https:\/\/www.htsfuels.com\/wp-content\/uploads\/2021\/06\/logo-hts.svg","width":100,"height":100,"caption":"HTS Fuels"},"image":{"@id":"https:\/\/www.htsfuels.com\/es\/#\/schema\/logo\/image\/"}}]}},"_links":{"self":[{"href":"https:\/\/www.htsfuels.com\/es\/wp-json\/wp\/v2\/pages\/1097","targetHints":{"allow":["GET"]}}],"collection":[{"href":"https:\/\/www.htsfuels.com\/es\/wp-json\/wp\/v2\/pages"}],"about":[{"href":"https:\/\/www.htsfuels.com\/es\/wp-json\/wp\/v2\/types\/page"}],"author":[{"embeddable":true,"href":"https:\/\/www.htsfuels.com\/es\/wp-json\/wp\/v2\/users\/1"}],"replies":[{"embeddable":true,"href":"https:\/\/www.htsfuels.com\/es\/wp-json\/wp\/v2\/comments?post=1097"}],"version-history":[{"count":0,"href":"https:\/\/www.htsfuels.com\/es\/wp-json\/wp\/v2\/pages\/1097\/revisions"}],"wp:attachment":[{"href":"https:\/\/www.htsfuels.com\/es\/wp-json\/wp\/v2\/media?parent=1097"}],"curies":[{"name":"wp","href":"https:\/\/api.w.org\/{rel}","templated":true}]}}