{"id":1306,"date":"2022-04-26T09:51:49","date_gmt":"2022-04-26T09:51:49","guid":{"rendered":"https:\/\/www.htsfuels.com\/?page_id=1306"},"modified":"2022-04-26T09:59:15","modified_gmt":"2022-04-26T09:59:15","slug":"politica-de-privacidad","status":"publish","type":"page","link":"https:\/\/www.htsfuels.com\/es\/politica-de-privacidad\/","title":{"rendered":"Pol\u00edtica de privacidad"},"content":{"rendered":"<div class=\"wpb-content-wrapper\">[vc_row][vc_column][vc_column_text][vc_row][vc_column width=\u00bb1\/1&#8243;][vc_column_text]Tal y como establece el RGPD (Reglamento (UE) 2016\/679), ponemos a su disposici\u00f3n la Informaci\u00f3n Detallada de Protecci\u00f3n de Datos que se detalla a continuaci\u00f3n:<\/p>\n<p><strong>Responsable:<\/strong><\/p>\n<p>Raz\u00f3n social: Spanish Hydrocarburantes TS, S.L.U.<\/p>\n<p>C.I.F.: B65984189.<\/p>\n<p>Direcci\u00f3n: C\/ Muntaner, 240, Principal 2\u00aa, 08021 &#8211; Barcelona.<\/p>\n<p>Correo electr\u00f3nico: info@htsfuels.com.<\/p>\n<p><strong>Objetivo:<\/strong><\/p>\n<p>Le informamos que los Datos Personales recabados ser\u00e1n incorporados a un Fichero bajo nuestra responsabilidad, con la finalidad de gestionar el env\u00edo de la informaci\u00f3n solicitada y facilitar a los interesados ofertas de productos y servicios de su inter\u00e9s. Los datos proporcionados se conservar\u00e1n mientras se mantenga la relaci\u00f3n comercial, durante los a\u00f1os necesarios para cumplir con las obligaciones legales o se solicite su supresi\u00f3n por el interesado.<\/p>\n<p><strong>Legitimaci\u00f3n:<\/strong><\/p>\n<p>Los Datos Personales obtenidos en este Sitio Web, as\u00ed como la oferta de productos y servicios ofrecidos, est\u00e1n basados en el consentimiento que se solicita al interesado.<\/p>\n<p>El interesado tendr\u00e1 derecho a retirar su consentimiento en cualquier momento. La retirada del consentimiento no afectar\u00e1 a la licitud del tratamiento basado en el consentimiento previo a su retirada.<\/p>\n<p><strong>Destinatarios:<\/strong><\/p>\n<p>No se ceder\u00e1n datos a terceros, salvo obligaci\u00f3n legal.<\/p>\n<p><strong>Derechos:<\/strong><\/p>\n<p>Como interesado directo, tiene derecho a obtener confirmaci\u00f3n sobre si en Spanish Hydrocarburantes TS, S.L.U. estamos tratando datos personales que le conciernen, o no. Tiene derecho a acceder a sus datos personales, as\u00ed como a solicitar la rectificaci\u00f3n de los datos inexactos o, en su caso, solicitar su supresi\u00f3n cuando, entre otros motivos, los datos ya no sean necesarios para los fines que fueron recogidos.<\/p>\n<p>En determinadas circunstancias, podr\u00e1 solicitar la limitaci\u00f3n del tratamiento de sus datos, en cuyo caso \u00fanicamente los conservaremos para el ejercicio o la defensa de reclamaciones.<\/p>\n<p>En determinadas circunstancias y por motivos relacionados con su situaci\u00f3n particular, podr\u00e1 oponerse al tratamiento de sus datos. Hidrocarburantes Espa\u00f1ola TS, S.L.U. dejar\u00e1 de tratar los datos, salvo por motivos leg\u00edtimos imperiosos, o el ejercicio o la defensa de posibles reclamaciones.<\/p>\n<p>En determinadas circunstancias, tendr\u00e1 derecho a recibir los datos personales que le incumban y que nos haya facilitado, y transmitirlos o solicitar que se los facilitemos a un tercero sin oposici\u00f3n por nuestra parte (derecho a la portabilidad de los datos).<\/p>\n<p>En determinadas circunstancias, le informamos que tendr\u00e1 derecho a no ser objeto de una decisi\u00f3n basada \u00fanicamente en el tratamiento automatizado, incluida la elaboraci\u00f3n de perfiles, que produzca efectos jur\u00eddicos en usted o le afecte significativamente de forma similar.<\/p>\n<p>Por otro lado, le informamos que si considera que se ha cometido una infracci\u00f3n en el tratamiento de sus datos personales, tiene derecho a presentar una reclamaci\u00f3n ante la Autoridad de Control, Agencia Espa\u00f1ola de Protecci\u00f3n de Datos, C\/ Jorge Juan, 6, 28001 -Madrid. [\/vc_columna_texto] [\/vc_columna] [\/vc_fila][\/vc_column_text][\/vc_column][\/vc_row]\n<\/div>","protected":false},"excerpt":{"rendered":"<p>[vc_row][vc_column][vc_column_text][vc_row][vc_column width=\u00bb1\/1&#8243;][vc_column_text]Tal y como establece el RGPD (Reglamento (UE) 2016\/679), ponemos a su disposici\u00f3n la Informaci\u00f3n Detallada de Protecci\u00f3n de Datos que se detalla a continuaci\u00f3n: Responsable: Raz\u00f3n social: Spanish Hydrocarburantes TS, S.L.U. C.I.F.: B65984189. Direcci\u00f3n: C\/ Muntaner, 240, Principal 2\u00aa, 08021 &#8211; Barcelona. Correo electr\u00f3nico: info@htsfuels.com. Objetivo: Le informamos que los Datos Personales recabados&hellip;<\/p>\n","protected":false},"author":1,"featured_media":0,"parent":0,"menu_order":0,"comment_status":"closed","ping_status":"open","template":"","meta":{"inline_featured_image":false,"footnotes":""},"class_list":["post-1306","page","type-page","status-publish","hentry","entry","no-media"],"yoast_head":"<!-- This site is optimized with the Yoast SEO plugin v26.4 - https:\/\/yoast.com\/wordpress\/plugins\/seo\/ -->\n<title>Pol\u00edtica de privacidad - HTS Fuels<\/title>\n<meta name=\"robots\" content=\"index, follow, max-snippet:-1, max-image-preview:large, max-video-preview:-1\" \/>\n<link rel=\"canonical\" href=\"https:\/\/www.htsfuels.com\/es\/politica-de-privacidad\/\" \/>\n<meta property=\"og:locale\" content=\"es_ES\" \/>\n<meta property=\"og:type\" content=\"article\" \/>\n<meta property=\"og:title\" content=\"Pol\u00edtica de privacidad - HTS Fuels\" \/>\n<meta property=\"og:description\" content=\"[vc_row][vc_column][vc_column_text][vc_row][vc_column width=\u00bb1\/1&#8243;][vc_column_text]Tal y como establece el RGPD (Reglamento (UE) 2016\/679), ponemos a su disposici\u00f3n la Informaci\u00f3n Detallada de Protecci\u00f3n de Datos que se detalla a continuaci\u00f3n: Responsable: Raz\u00f3n social: Spanish Hydrocarburantes TS, S.L.U. C.I.F.: B65984189. Direcci\u00f3n: C\/ Muntaner, 240, Principal 2\u00aa, 08021 &#8211; Barcelona. Correo electr\u00f3nico: info@htsfuels.com. Objetivo: Le informamos que los Datos Personales recabados&hellip;\" \/>\n<meta property=\"og:url\" content=\"https:\/\/www.htsfuels.com\/es\/politica-de-privacidad\/\" \/>\n<meta property=\"og:site_name\" content=\"HTS Fuels\" \/>\n<meta property=\"article:modified_time\" content=\"2022-04-26T09:59:15+00:00\" \/>\n<meta name=\"twitter:card\" content=\"summary_large_image\" \/>\n<meta name=\"twitter:label1\" content=\"Tiempo de lectura\" \/>\n\t<meta name=\"twitter:data1\" content=\"2 minutos\" \/>\n<script type=\"application\/ld+json\" class=\"yoast-schema-graph\">{\"@context\":\"https:\/\/schema.org\",\"@graph\":[{\"@type\":\"WebPage\",\"@id\":\"https:\/\/www.htsfuels.com\/es\/politica-de-privacidad\/\",\"url\":\"https:\/\/www.htsfuels.com\/es\/politica-de-privacidad\/\",\"name\":\"Pol\u00edtica de privacidad - HTS Fuels\",\"isPartOf\":{\"@id\":\"https:\/\/www.htsfuels.com\/es\/#website\"},\"datePublished\":\"2022-04-26T09:51:49+00:00\",\"dateModified\":\"2022-04-26T09:59:15+00:00\",\"breadcrumb\":{\"@id\":\"https:\/\/www.htsfuels.com\/es\/politica-de-privacidad\/#breadcrumb\"},\"inLanguage\":\"es\",\"potentialAction\":[{\"@type\":\"ReadAction\",\"target\":[\"https:\/\/www.htsfuels.com\/es\/politica-de-privacidad\/\"]}]},{\"@type\":\"BreadcrumbList\",\"@id\":\"https:\/\/www.htsfuels.com\/es\/politica-de-privacidad\/#breadcrumb\",\"itemListElement\":[{\"@type\":\"ListItem\",\"position\":1,\"name\":\"Inicio\",\"item\":\"https:\/\/www.htsfuels.com\/es\/\"},{\"@type\":\"ListItem\",\"position\":2,\"name\":\"Pol\u00edtica de privacidad\"}]},{\"@type\":\"WebSite\",\"@id\":\"https:\/\/www.htsfuels.com\/es\/#website\",\"url\":\"https:\/\/www.htsfuels.com\/es\/\",\"name\":\"HTS Fuels\",\"description\":\"Hydrocarburates trade services\",\"publisher\":{\"@id\":\"https:\/\/www.htsfuels.com\/es\/#organization\"},\"potentialAction\":[{\"@type\":\"SearchAction\",\"target\":{\"@type\":\"EntryPoint\",\"urlTemplate\":\"https:\/\/www.htsfuels.com\/es\/?s={search_term_string}\"},\"query-input\":{\"@type\":\"PropertyValueSpecification\",\"valueRequired\":true,\"valueName\":\"search_term_string\"}}],\"inLanguage\":\"es\"},{\"@type\":\"Organization\",\"@id\":\"https:\/\/www.htsfuels.com\/es\/#organization\",\"name\":\"HTS Fuels\",\"url\":\"https:\/\/www.htsfuels.com\/es\/\",\"logo\":{\"@type\":\"ImageObject\",\"inLanguage\":\"es\",\"@id\":\"https:\/\/www.htsfuels.com\/es\/#\/schema\/logo\/image\/\",\"url\":\"https:\/\/www.htsfuels.com\/wp-content\/uploads\/2021\/06\/logo-hts.svg\",\"contentUrl\":\"https:\/\/www.htsfuels.com\/wp-content\/uploads\/2021\/06\/logo-hts.svg\",\"width\":100,\"height\":100,\"caption\":\"HTS Fuels\"},\"image\":{\"@id\":\"https:\/\/www.htsfuels.com\/es\/#\/schema\/logo\/image\/\"}}]}<\/script>\n<!-- \/ Yoast SEO plugin. -->","yoast_head_json":{"title":"Pol\u00edtica de privacidad - HTS Fuels","robots":{"index":"index","follow":"follow","max-snippet":"max-snippet:-1","max-image-preview":"max-image-preview:large","max-video-preview":"max-video-preview:-1"},"canonical":"https:\/\/www.htsfuels.com\/es\/politica-de-privacidad\/","og_locale":"es_ES","og_type":"article","og_title":"Pol\u00edtica de privacidad - HTS Fuels","og_description":"[vc_row][vc_column][vc_column_text][vc_row][vc_column width=\u00bb1\/1&#8243;][vc_column_text]Tal y como establece el RGPD (Reglamento (UE) 2016\/679), ponemos a su disposici\u00f3n la Informaci\u00f3n Detallada de Protecci\u00f3n de Datos que se detalla a continuaci\u00f3n: Responsable: Raz\u00f3n social: Spanish Hydrocarburantes TS, S.L.U. C.I.F.: B65984189. Direcci\u00f3n: C\/ Muntaner, 240, Principal 2\u00aa, 08021 &#8211; Barcelona. Correo electr\u00f3nico: info@htsfuels.com. Objetivo: Le informamos que los Datos Personales recabados&hellip;","og_url":"https:\/\/www.htsfuels.com\/es\/politica-de-privacidad\/","og_site_name":"HTS Fuels","article_modified_time":"2022-04-26T09:59:15+00:00","twitter_card":"summary_large_image","twitter_misc":{"Tiempo de lectura":"2 minutos"},"schema":{"@context":"https:\/\/schema.org","@graph":[{"@type":"WebPage","@id":"https:\/\/www.htsfuels.com\/es\/politica-de-privacidad\/","url":"https:\/\/www.htsfuels.com\/es\/politica-de-privacidad\/","name":"Pol\u00edtica de privacidad - HTS Fuels","isPartOf":{"@id":"https:\/\/www.htsfuels.com\/es\/#website"},"datePublished":"2022-04-26T09:51:49+00:00","dateModified":"2022-04-26T09:59:15+00:00","breadcrumb":{"@id":"https:\/\/www.htsfuels.com\/es\/politica-de-privacidad\/#breadcrumb"},"inLanguage":"es","potentialAction":[{"@type":"ReadAction","target":["https:\/\/www.htsfuels.com\/es\/politica-de-privacidad\/"]}]},{"@type":"BreadcrumbList","@id":"https:\/\/www.htsfuels.com\/es\/politica-de-privacidad\/#breadcrumb","itemListElement":[{"@type":"ListItem","position":1,"name":"Inicio","item":"https:\/\/www.htsfuels.com\/es\/"},{"@type":"ListItem","position":2,"name":"Pol\u00edtica de privacidad"}]},{"@type":"WebSite","@id":"https:\/\/www.htsfuels.com\/es\/#website","url":"https:\/\/www.htsfuels.com\/es\/","name":"HTS Fuels","description":"Hydrocarburates trade services","publisher":{"@id":"https:\/\/www.htsfuels.com\/es\/#organization"},"potentialAction":[{"@type":"SearchAction","target":{"@type":"EntryPoint","urlTemplate":"https:\/\/www.htsfuels.com\/es\/?s={search_term_string}"},"query-input":{"@type":"PropertyValueSpecification","valueRequired":true,"valueName":"search_term_string"}}],"inLanguage":"es"},{"@type":"Organization","@id":"https:\/\/www.htsfuels.com\/es\/#organization","name":"HTS Fuels","url":"https:\/\/www.htsfuels.com\/es\/","logo":{"@type":"ImageObject","inLanguage":"es","@id":"https:\/\/www.htsfuels.com\/es\/#\/schema\/logo\/image\/","url":"https:\/\/www.htsfuels.com\/wp-content\/uploads\/2021\/06\/logo-hts.svg","contentUrl":"https:\/\/www.htsfuels.com\/wp-content\/uploads\/2021\/06\/logo-hts.svg","width":100,"height":100,"caption":"HTS Fuels"},"image":{"@id":"https:\/\/www.htsfuels.com\/es\/#\/schema\/logo\/image\/"}}]}},"_links":{"self":[{"href":"https:\/\/www.htsfuels.com\/es\/wp-json\/wp\/v2\/pages\/1306","targetHints":{"allow":["GET"]}}],"collection":[{"href":"https:\/\/www.htsfuels.com\/es\/wp-json\/wp\/v2\/pages"}],"about":[{"href":"https:\/\/www.htsfuels.com\/es\/wp-json\/wp\/v2\/types\/page"}],"author":[{"embeddable":true,"href":"https:\/\/www.htsfuels.com\/es\/wp-json\/wp\/v2\/users\/1"}],"replies":[{"embeddable":true,"href":"https:\/\/www.htsfuels.com\/es\/wp-json\/wp\/v2\/comments?post=1306"}],"version-history":[{"count":0,"href":"https:\/\/www.htsfuels.com\/es\/wp-json\/wp\/v2\/pages\/1306\/revisions"}],"wp:attachment":[{"href":"https:\/\/www.htsfuels.com\/es\/wp-json\/wp\/v2\/media?parent=1306"}],"curies":[{"name":"wp","href":"https:\/\/api.w.org\/{rel}","templated":true}]}}