{"id":1051,"date":"2022-04-25T10:34:17","date_gmt":"2022-04-25T10:34:17","guid":{"rendered":"https:\/\/www.htsfuels.com\/?page_id=1051"},"modified":"2022-04-28T09:59:31","modified_gmt":"2022-04-28T09:59:31","slug":"maroc","status":"publish","type":"page","link":"https:\/\/www.htsfuels.com\/fr\/maroc\/","title":{"rendered":"Maroc"},"content":{"rendered":"<div class=\"wpb-content-wrapper\">[vc_row content_placement=\u00a0\u00bbmiddle\u00a0\u00bb][vc_column width=\u00a0\u00bb1\/2&Prime;][vc_column_text]Fond\u00e9e en 2014 \u00e0 Casablanca dans le but de distribuer du coke de p\u00e9trole dans tout le pays et de produire du coke de p\u00e9trole micronis\u00e9, HTS Maroc g\u00e8re et fournit tous les services de la cha\u00eene d&rsquo;approvisionnement : importation du coke de p\u00e9trole, op\u00e9rations portuaires, stockage et distribution.<\/p>\n<p>HTS Maroc dispose d&rsquo;une usine de production de coke de p\u00e9trole micronis\u00e9 strat\u00e9giquement situ\u00e9e \u00e0 Berrechid qui lui permet de fournir le meilleur service, la livraison la plus rapide et les prix les plus bas aux clients. En m\u00eame temps, la soci\u00e9t\u00e9 peut produire dans diff\u00e9rentes qualit\u00e9s, tailles et sp\u00e9cifications techniques pour r\u00e9pondre aux besoins de chaque client.[\/vc_column_text][\/vc_column][vc_column width=\u00a0\u00bb1\/2&Prime;][vc_single_image image=\u00a0\u00bb760&Prime;][\/vc_column][\/vc_row][vc_row full_width=\u00a0\u00bbstretch_row_content_no_spaces\u00a0\u00bb remove_bottom_col_margin=\u00a0\u00bbtrue\u00a0\u00bb][vc_column][vc_gmaps link=\u00a0\u00bb#E-8_JTNDaWZyYW1lJTIwc3JjJTNEJTIyaHR0cHMlM0ElMkYlMkZ3d3cuZ29vZ2xlLmNvbSUyRm1hcHMlMkZlbWJlZCUzRnBiJTNEJTIxMW0xOCUyMTFtMTIlMjExbTMlMjExZDEwNjM0Ni45ODk3MDA1Nzg1OCUyMTJkLTcuNjU4ODAyMzM3NDI5NDM5JTIxM2QzMy41OTYzOTI3MTU4NzcyNjUlMjEybTMlMjExZjAlMjEyZjAlMjEzZjAlMjEzbTIlMjExaTEwMjQlMjEyaTc2OCUyMTRmMTMuMSUyMTNtMyUyMTFtMiUyMTFzMHhkYTdjZDEyYmI3Nzg2N2YlMjUzQTB4NTBmNDM3Zjk0ZGJkZWMzYyUyMTJzNTklMjUyMFJ1ZSUyNTIwUmFoYWwlMjUyMEJlbiUyNTIwQWhtZWQlMjVEOCUyNThDJTI1MjBEYXItZWwtQmVpZGElMjUyMDIwMzAzJTI1MkMlMjUyME1hcnJ1ZWNvcyUyMTVlMCUyMTNtMiUyMTFzZXMlMjEyc2VzJTIxNHYxNjQ3NTE0NjY3MDk5JTIxNW0yJTIxMXNlcyUyMTJzZXMlMjIlMjB3aWR0aCUzRCUyMjE5MjAlMjIlMjBoZWlnaHQlM0QlMjI0NTAlMjIlMjBzdHlsZSUzRCUyMmJvcmRlciUzQTAlM0IlMjIlMjBhbGxvd2Z1bGxzY3JlZW4lM0QlMjIlMjIlMjBsb2FkaW5nJTNEJTIybGF6eSUyMiUzRSUzQyUyRmlmcmFtZSUzRQ==\u00a0\u00bb][\/vc_column][\/vc_row][vc_section][vc_row full_width=\u00a0\u00bbstretch_row\u00a0\u00bb remove_bottom_col_margin=\u00a0\u00bbtrue\u00a0\u00bb el_id=\u00a0\u00bbproduits-du-maroc\u00a0\u00bb css=\u00a0\u00bb.vc_custom_1651045428657{margin-bottom: 60px !important;padding-top: 40px !important;padding-bottom: 40px !important;background-color: #efefef !important;}\u00a0\u00bb][vc_column]<style>.vcex-heading.vcex_69f857632b0da{background-color:var(--wpex-accent);}<\/style><h2 class=\"vcex-heading vcex-heading-plain vcex-module wpex-heading wpex-text-2xl wpex-text-center hts-title-line hts-title-line-center has-gradient vcex_69f857632b0da\"><span class=\"vcex-heading-inner wpex-inline-block\">Products<\/span><\/h2>[\/vc_column][\/vc_row][vc_row][vc_column][vc_row_inner content_placement=\u00a0\u00bbmiddle\u00a0\u00bb][vc_column_inner width=\u00a0\u00bb1\/3&Prime;][vc_single_image image=\u00a0\u00bb697&Prime;][\/vc_column_inner][vc_column_inner width=\u00a0\u00bb2\/3&Prime;]<style>.vcex-heading.vcex_69f857632be22{color:var(--wpex-accent);}<\/style><h3 class=\"vcex-heading vcex-heading-plain vcex-module wpex-heading wpex-text-2xl wpex-text-left vcex_69f857632be22\"><span class=\"vcex-heading-inner wpex-inline-block\">Coke micronis\u00e9<\/span><\/h3><div class=\"vcex-spacing wpex-w-100 wpex-clear\" style=\"height:20px;\"><\/div>[vc_column_text]Le coke micronis\u00e9 est obtenu apr\u00e8s s\u00e9chage et broyage du coke de p\u00e9trole \u00e0 une taille comprise entre 80 et 100 microns.<\/p>\n<p>Gr\u00e2ce \u00e0 ce proc\u00e9d\u00e9, les propri\u00e9t\u00e9s du produit s&rsquo;am\u00e9liorent nettement, avec une plus grande homog\u00e9n\u00e9isation de la taille, une r\u00e9duction du pourcentage d&rsquo;humidit\u00e9, une augmentation du pouvoir calorifique et une plus grande stabilit\u00e9 lors du processus de combustion.[\/vc_column_text][\/vc_column_inner][\/vc_row_inner][vc_row_inner content_placement=\u00a0\u00bbmiddle\u00a0\u00bb columns_right=\u00a0\u00bbyes\u00a0\u00bb css=\u00a0\u00bb.vc_custom_1648743770583{padding-top: 60px !important;}\u00a0\u00bb][vc_column_inner width=\u00a0\u00bb1\/3&Prime;][vc_single_image image=\u00a0\u00bb644&Prime; img_size=\u00a0\u00bb400&#215;400&Prime;][\/vc_column_inner][vc_column_inner width=\u00a0\u00bb2\/3&Prime;]<style>.vcex-heading.vcex_69f857632c7f2{color:var(--wpex-accent);}<\/style><h3 class=\"vcex-heading vcex-heading-plain vcex-module wpex-heading wpex-text-2xl wpex-text-left vcex_69f857632c7f2\"><span class=\"vcex-heading-inner wpex-inline-block\">Coke de p\u00e9trole<\/span><\/h3><div class=\"vcex-spacing wpex-w-100 wpex-clear\" style=\"height:20px;\"><\/div>[vc_column_text]Le coke de p\u00e9trole, un sous-produit du processus de raffinage du p\u00e9trole, est un mat\u00e9riau solide poreux, noir ou gris fonc\u00e9, \u00e0 forte teneur en carbone et contenant diff\u00e9rents niveaux de soufre, selon sa qualit\u00e9.<\/p>\n<p>Gr\u00e2ce \u00e0 sa faible volatilit\u00e9 et \u00e0 son pouvoir calorifique \u00e9lev\u00e9, le coke de p\u00e9trole est un excellent combustible pour les centrales \u00e9lectriques, les cimenteries et d&rsquo;autres industries qui doivent atteindre de hautes temp\u00e9ratures de combustion. Environ 71 % de la production totale de coke de p\u00e9trole est utilis\u00e9e comme source d&rsquo;\u00e9nergie. Le coke de p\u00e9trole est \u00e9galement une excellente source de carbone.[\/vc_column_text][\/vc_column_inner][\/vc_row_inner][\/vc_column][\/vc_row][\/vc_section]\n<\/div>","protected":false},"excerpt":{"rendered":"<p>[vc_row content_placement=\u00a0\u00bbmiddle\u00a0\u00bb][vc_column width=\u00a0\u00bb1\/2&Prime;][vc_column_text]Fond\u00e9e en 2014 \u00e0 Casablanca dans le but de distribuer du coke de p\u00e9trole dans tout le pays et de produire du coke de p\u00e9trole micronis\u00e9, HTS Maroc g\u00e8re et fournit tous les services de la cha\u00eene d&rsquo;approvisionnement : importation du coke de p\u00e9trole, op\u00e9rations portuaires, stockage et distribution. HTS Maroc dispose d&rsquo;une&hellip;<\/p>\n","protected":false},"author":1,"featured_media":0,"parent":0,"menu_order":0,"comment_status":"closed","ping_status":"closed","template":"","meta":{"inline_featured_image":false,"footnotes":""},"class_list":["post-1051","page","type-page","status-publish","hentry","entry","no-media"],"yoast_head":"<!-- This site is optimized with the Yoast SEO plugin v26.4 - https:\/\/yoast.com\/wordpress\/plugins\/seo\/ -->\n<title>Maroc - HTS Fuels<\/title>\n<meta name=\"robots\" content=\"index, follow, max-snippet:-1, max-image-preview:large, max-video-preview:-1\" \/>\n<link rel=\"canonical\" href=\"https:\/\/www.htsfuels.com\/fr\/maroc\/\" \/>\n<meta property=\"og:locale\" content=\"fr_FR\" \/>\n<meta property=\"og:type\" content=\"article\" \/>\n<meta property=\"og:title\" content=\"Maroc - HTS Fuels\" \/>\n<meta property=\"og:description\" content=\"[vc_row content_placement=\u00a0\u00bbmiddle\u00a0\u00bb][vc_column width=\u00a0\u00bb1\/2&Prime;][vc_column_text]Fond\u00e9e en 2014 \u00e0 Casablanca dans le but de distribuer du coke de p\u00e9trole dans tout le pays et de produire du coke de p\u00e9trole micronis\u00e9, HTS Maroc g\u00e8re et fournit tous les services de la cha\u00eene d&rsquo;approvisionnement : importation du coke de p\u00e9trole, op\u00e9rations portuaires, stockage et distribution. HTS Maroc dispose d&rsquo;une&hellip;\" \/>\n<meta property=\"og:url\" content=\"https:\/\/www.htsfuels.com\/fr\/maroc\/\" \/>\n<meta property=\"og:site_name\" content=\"HTS Fuels\" \/>\n<meta property=\"article:modified_time\" content=\"2022-04-28T09:59:31+00:00\" \/>\n<meta name=\"twitter:card\" content=\"summary_large_image\" \/>\n<meta name=\"twitter:label1\" content=\"Dur\u00e9e de lecture estim\u00e9e\" \/>\n\t<meta name=\"twitter:data1\" content=\"2 minutes\" \/>\n<script type=\"application\/ld+json\" class=\"yoast-schema-graph\">{\"@context\":\"https:\/\/schema.org\",\"@graph\":[{\"@type\":\"WebPage\",\"@id\":\"https:\/\/www.htsfuels.com\/fr\/maroc\/\",\"url\":\"https:\/\/www.htsfuels.com\/fr\/maroc\/\",\"name\":\"Maroc - HTS Fuels\",\"isPartOf\":{\"@id\":\"https:\/\/www.htsfuels.com\/fr\/#website\"},\"datePublished\":\"2022-04-25T10:34:17+00:00\",\"dateModified\":\"2022-04-28T09:59:31+00:00\",\"breadcrumb\":{\"@id\":\"https:\/\/www.htsfuels.com\/fr\/maroc\/#breadcrumb\"},\"inLanguage\":\"fr-FR\",\"potentialAction\":[{\"@type\":\"ReadAction\",\"target\":[\"https:\/\/www.htsfuels.com\/fr\/maroc\/\"]}]},{\"@type\":\"BreadcrumbList\",\"@id\":\"https:\/\/www.htsfuels.com\/fr\/maroc\/#breadcrumb\",\"itemListElement\":[{\"@type\":\"ListItem\",\"position\":1,\"name\":\"Accueil\",\"item\":\"https:\/\/www.htsfuels.com\/fr\/\"},{\"@type\":\"ListItem\",\"position\":2,\"name\":\"Maroc\"}]},{\"@type\":\"WebSite\",\"@id\":\"https:\/\/www.htsfuels.com\/fr\/#website\",\"url\":\"https:\/\/www.htsfuels.com\/fr\/\",\"name\":\"HTS Fuels\",\"description\":\"Hydrocarburates trade services\",\"publisher\":{\"@id\":\"https:\/\/www.htsfuels.com\/fr\/#organization\"},\"potentialAction\":[{\"@type\":\"SearchAction\",\"target\":{\"@type\":\"EntryPoint\",\"urlTemplate\":\"https:\/\/www.htsfuels.com\/fr\/?s={search_term_string}\"},\"query-input\":{\"@type\":\"PropertyValueSpecification\",\"valueRequired\":true,\"valueName\":\"search_term_string\"}}],\"inLanguage\":\"fr-FR\"},{\"@type\":\"Organization\",\"@id\":\"https:\/\/www.htsfuels.com\/fr\/#organization\",\"name\":\"HTS Fuels\",\"url\":\"https:\/\/www.htsfuels.com\/fr\/\",\"logo\":{\"@type\":\"ImageObject\",\"inLanguage\":\"fr-FR\",\"@id\":\"https:\/\/www.htsfuels.com\/fr\/#\/schema\/logo\/image\/\",\"url\":\"https:\/\/www.htsfuels.com\/wp-content\/uploads\/2021\/06\/logo-hts.svg\",\"contentUrl\":\"https:\/\/www.htsfuels.com\/wp-content\/uploads\/2021\/06\/logo-hts.svg\",\"width\":100,\"height\":100,\"caption\":\"HTS Fuels\"},\"image\":{\"@id\":\"https:\/\/www.htsfuels.com\/fr\/#\/schema\/logo\/image\/\"}}]}<\/script>\n<!-- \/ Yoast SEO plugin. -->","yoast_head_json":{"title":"Maroc - HTS Fuels","robots":{"index":"index","follow":"follow","max-snippet":"max-snippet:-1","max-image-preview":"max-image-preview:large","max-video-preview":"max-video-preview:-1"},"canonical":"https:\/\/www.htsfuels.com\/fr\/maroc\/","og_locale":"fr_FR","og_type":"article","og_title":"Maroc - HTS Fuels","og_description":"[vc_row content_placement=\u00a0\u00bbmiddle\u00a0\u00bb][vc_column width=\u00a0\u00bb1\/2&Prime;][vc_column_text]Fond\u00e9e en 2014 \u00e0 Casablanca dans le but de distribuer du coke de p\u00e9trole dans tout le pays et de produire du coke de p\u00e9trole micronis\u00e9, HTS Maroc g\u00e8re et fournit tous les services de la cha\u00eene d&rsquo;approvisionnement : importation du coke de p\u00e9trole, op\u00e9rations portuaires, stockage et distribution. HTS Maroc dispose d&rsquo;une&hellip;","og_url":"https:\/\/www.htsfuels.com\/fr\/maroc\/","og_site_name":"HTS Fuels","article_modified_time":"2022-04-28T09:59:31+00:00","twitter_card":"summary_large_image","twitter_misc":{"Dur\u00e9e de lecture estim\u00e9e":"2 minutes"},"schema":{"@context":"https:\/\/schema.org","@graph":[{"@type":"WebPage","@id":"https:\/\/www.htsfuels.com\/fr\/maroc\/","url":"https:\/\/www.htsfuels.com\/fr\/maroc\/","name":"Maroc - HTS Fuels","isPartOf":{"@id":"https:\/\/www.htsfuels.com\/fr\/#website"},"datePublished":"2022-04-25T10:34:17+00:00","dateModified":"2022-04-28T09:59:31+00:00","breadcrumb":{"@id":"https:\/\/www.htsfuels.com\/fr\/maroc\/#breadcrumb"},"inLanguage":"fr-FR","potentialAction":[{"@type":"ReadAction","target":["https:\/\/www.htsfuels.com\/fr\/maroc\/"]}]},{"@type":"BreadcrumbList","@id":"https:\/\/www.htsfuels.com\/fr\/maroc\/#breadcrumb","itemListElement":[{"@type":"ListItem","position":1,"name":"Accueil","item":"https:\/\/www.htsfuels.com\/fr\/"},{"@type":"ListItem","position":2,"name":"Maroc"}]},{"@type":"WebSite","@id":"https:\/\/www.htsfuels.com\/fr\/#website","url":"https:\/\/www.htsfuels.com\/fr\/","name":"HTS Fuels","description":"Hydrocarburates trade services","publisher":{"@id":"https:\/\/www.htsfuels.com\/fr\/#organization"},"potentialAction":[{"@type":"SearchAction","target":{"@type":"EntryPoint","urlTemplate":"https:\/\/www.htsfuels.com\/fr\/?s={search_term_string}"},"query-input":{"@type":"PropertyValueSpecification","valueRequired":true,"valueName":"search_term_string"}}],"inLanguage":"fr-FR"},{"@type":"Organization","@id":"https:\/\/www.htsfuels.com\/fr\/#organization","name":"HTS Fuels","url":"https:\/\/www.htsfuels.com\/fr\/","logo":{"@type":"ImageObject","inLanguage":"fr-FR","@id":"https:\/\/www.htsfuels.com\/fr\/#\/schema\/logo\/image\/","url":"https:\/\/www.htsfuels.com\/wp-content\/uploads\/2021\/06\/logo-hts.svg","contentUrl":"https:\/\/www.htsfuels.com\/wp-content\/uploads\/2021\/06\/logo-hts.svg","width":100,"height":100,"caption":"HTS Fuels"},"image":{"@id":"https:\/\/www.htsfuels.com\/fr\/#\/schema\/logo\/image\/"}}]}},"_links":{"self":[{"href":"https:\/\/www.htsfuels.com\/fr\/wp-json\/wp\/v2\/pages\/1051","targetHints":{"allow":["GET"]}}],"collection":[{"href":"https:\/\/www.htsfuels.com\/fr\/wp-json\/wp\/v2\/pages"}],"about":[{"href":"https:\/\/www.htsfuels.com\/fr\/wp-json\/wp\/v2\/types\/page"}],"author":[{"embeddable":true,"href":"https:\/\/www.htsfuels.com\/fr\/wp-json\/wp\/v2\/users\/1"}],"replies":[{"embeddable":true,"href":"https:\/\/www.htsfuels.com\/fr\/wp-json\/wp\/v2\/comments?post=1051"}],"version-history":[{"count":0,"href":"https:\/\/www.htsfuels.com\/fr\/wp-json\/wp\/v2\/pages\/1051\/revisions"}],"wp:attachment":[{"href":"https:\/\/www.htsfuels.com\/fr\/wp-json\/wp\/v2\/media?parent=1051"}],"curies":[{"name":"wp","href":"https:\/\/api.w.org\/{rel}","templated":true}]}}