{"id":1060,"date":"2022-04-25T10:42:36","date_gmt":"2022-04-25T10:42:36","guid":{"rendered":"https:\/\/www.htsfuels.com\/?page_id=1060"},"modified":"2022-04-29T07:34:46","modified_gmt":"2022-04-29T07:34:46","slug":"histoire","status":"publish","type":"page","link":"https:\/\/www.htsfuels.com\/fr\/histoire\/","title":{"rendered":"Histoire"},"content":{"rendered":"<div class=\"wpb-content-wrapper\">[vc_row content_placement=\u00a0\u00bbmiddle\u00a0\u00bb css=\u00a0\u00bb.vc_custom_1647594311984{padding-top: 50px !important;padding-bottom: 50px !important;}\u00a0\u00bb][vc_column width=\u00a0\u00bb1\/2&Prime;][vc_column_text]<strong>Hydrocarburates Trade Services<\/strong> Ltd. a \u00e9t\u00e9 cr\u00e9\u00e9e \u00e0 Dublin (Irlande) en 2006 dans le but de commercialiser des combustibles solides, principalement du coke de p\u00e9trole et du charbon.<\/p>\n<p>En quelques ann\u00e9es seulement, HTS est devenu un leader du secteur offrant ses activit\u00e9s et ses services dans le monde entier.<\/p>\n<p>En 2012, le groupe a ouvert une nouvelle filiale au Mexique, Hydrocarburates TS Mexico. Cette soci\u00e9t\u00e9 s&rsquo;occupe de l&rsquo;importation, de la vente et de la distribution du charbon, du coke de p\u00e9trole, de l&rsquo;anthracite et d&rsquo;autres mati\u00e8res premi\u00e8res. Elle est \u00e9galement le seul distributeur officiel de la marque allemande Vautid au Mexique.<\/p>\n<p><strong>L&rsquo;essor d&rsquo;HTS <\/strong>s&rsquo;est poursuivi en 2013 avec l&rsquo;incorporation de la soci\u00e9t\u00e9 espagnole Hydrocarburates TS SLU dans le but de distribuer et de commercialiser des combustibles fossiles dans le monde entier.<\/p>\n<p>En 2014, dans le cadre d&rsquo;une internationalisation plus pouss\u00e9e, le groupe a cr\u00e9\u00e9 \u00e0 Casablanca une nouvelle filiale, Hydrocarburates TS Maroc, ayant pour objet l&rsquo;importation, la distribution de combustibles solides dans tout le Maroc et la production de coke micronis\u00e9.[\/vc_column_text][\/vc_column][vc_column width=\u00a0\u00bb1\/2&Prime;][vc_single_image image=\u00a0\u00bb628&Prime;][\/vc_column][\/vc_row]\n<\/div>","protected":false},"excerpt":{"rendered":"<p>[vc_row content_placement=\u00a0\u00bbmiddle\u00a0\u00bb css=\u00a0\u00bb.vc_custom_1647594311984{padding-top: 50px !important;padding-bottom: 50px !important;}\u00a0\u00bb][vc_column width=\u00a0\u00bb1\/2&Prime;][vc_column_text]Hydrocarburates Trade Services Ltd. a \u00e9t\u00e9 cr\u00e9\u00e9e \u00e0 Dublin (Irlande) en 2006 dans le but de commercialiser des combustibles solides, principalement du coke de p\u00e9trole et du charbon. En quelques ann\u00e9es seulement, HTS est devenu un leader du secteur offrant ses activit\u00e9s et ses services dans le monde&hellip;<\/p>\n","protected":false},"author":1,"featured_media":0,"parent":0,"menu_order":0,"comment_status":"closed","ping_status":"closed","template":"","meta":{"inline_featured_image":false,"footnotes":""},"class_list":["post-1060","page","type-page","status-publish","hentry","entry","no-media"],"yoast_head":"<!-- This site is optimized with the Yoast SEO plugin v26.4 - https:\/\/yoast.com\/wordpress\/plugins\/seo\/ -->\n<title>Histoire - HTS Fuels<\/title>\n<meta name=\"robots\" content=\"index, follow, max-snippet:-1, max-image-preview:large, max-video-preview:-1\" \/>\n<link rel=\"canonical\" href=\"https:\/\/www.htsfuels.com\/fr\/histoire\/\" \/>\n<meta property=\"og:locale\" content=\"fr_FR\" \/>\n<meta property=\"og:type\" content=\"article\" \/>\n<meta property=\"og:title\" content=\"Histoire - HTS Fuels\" \/>\n<meta property=\"og:description\" content=\"[vc_row content_placement=\u00a0\u00bbmiddle\u00a0\u00bb css=\u00a0\u00bb.vc_custom_1647594311984{padding-top: 50px !important;padding-bottom: 50px !important;}\u00a0\u00bb][vc_column width=\u00a0\u00bb1\/2&Prime;][vc_column_text]Hydrocarburates Trade Services Ltd. a \u00e9t\u00e9 cr\u00e9\u00e9e \u00e0 Dublin (Irlande) en 2006 dans le but de commercialiser des combustibles solides, principalement du coke de p\u00e9trole et du charbon. En quelques ann\u00e9es seulement, HTS est devenu un leader du secteur offrant ses activit\u00e9s et ses services dans le monde&hellip;\" \/>\n<meta property=\"og:url\" content=\"https:\/\/www.htsfuels.com\/fr\/histoire\/\" \/>\n<meta property=\"og:site_name\" content=\"HTS Fuels\" \/>\n<meta property=\"article:modified_time\" content=\"2022-04-29T07:34:46+00:00\" \/>\n<meta name=\"twitter:card\" content=\"summary_large_image\" \/>\n<meta name=\"twitter:label1\" content=\"Dur\u00e9e de lecture estim\u00e9e\" \/>\n\t<meta name=\"twitter:data1\" content=\"1 minute\" \/>\n<script type=\"application\/ld+json\" class=\"yoast-schema-graph\">{\"@context\":\"https:\/\/schema.org\",\"@graph\":[{\"@type\":\"WebPage\",\"@id\":\"https:\/\/www.htsfuels.com\/fr\/histoire\/\",\"url\":\"https:\/\/www.htsfuels.com\/fr\/histoire\/\",\"name\":\"Histoire - HTS Fuels\",\"isPartOf\":{\"@id\":\"https:\/\/www.htsfuels.com\/fr\/#website\"},\"datePublished\":\"2022-04-25T10:42:36+00:00\",\"dateModified\":\"2022-04-29T07:34:46+00:00\",\"breadcrumb\":{\"@id\":\"https:\/\/www.htsfuels.com\/fr\/histoire\/#breadcrumb\"},\"inLanguage\":\"fr-FR\",\"potentialAction\":[{\"@type\":\"ReadAction\",\"target\":[\"https:\/\/www.htsfuels.com\/fr\/histoire\/\"]}]},{\"@type\":\"BreadcrumbList\",\"@id\":\"https:\/\/www.htsfuels.com\/fr\/histoire\/#breadcrumb\",\"itemListElement\":[{\"@type\":\"ListItem\",\"position\":1,\"name\":\"Accueil\",\"item\":\"https:\/\/www.htsfuels.com\/fr\/\"},{\"@type\":\"ListItem\",\"position\":2,\"name\":\"Histoire\"}]},{\"@type\":\"WebSite\",\"@id\":\"https:\/\/www.htsfuels.com\/fr\/#website\",\"url\":\"https:\/\/www.htsfuels.com\/fr\/\",\"name\":\"HTS Fuels\",\"description\":\"Hydrocarburates trade services\",\"publisher\":{\"@id\":\"https:\/\/www.htsfuels.com\/fr\/#organization\"},\"potentialAction\":[{\"@type\":\"SearchAction\",\"target\":{\"@type\":\"EntryPoint\",\"urlTemplate\":\"https:\/\/www.htsfuels.com\/fr\/?s={search_term_string}\"},\"query-input\":{\"@type\":\"PropertyValueSpecification\",\"valueRequired\":true,\"valueName\":\"search_term_string\"}}],\"inLanguage\":\"fr-FR\"},{\"@type\":\"Organization\",\"@id\":\"https:\/\/www.htsfuels.com\/fr\/#organization\",\"name\":\"HTS Fuels\",\"url\":\"https:\/\/www.htsfuels.com\/fr\/\",\"logo\":{\"@type\":\"ImageObject\",\"inLanguage\":\"fr-FR\",\"@id\":\"https:\/\/www.htsfuels.com\/fr\/#\/schema\/logo\/image\/\",\"url\":\"https:\/\/www.htsfuels.com\/wp-content\/uploads\/2021\/06\/logo-hts.svg\",\"contentUrl\":\"https:\/\/www.htsfuels.com\/wp-content\/uploads\/2021\/06\/logo-hts.svg\",\"width\":100,\"height\":100,\"caption\":\"HTS Fuels\"},\"image\":{\"@id\":\"https:\/\/www.htsfuels.com\/fr\/#\/schema\/logo\/image\/\"}}]}<\/script>\n<!-- \/ Yoast SEO plugin. -->","yoast_head_json":{"title":"Histoire - HTS Fuels","robots":{"index":"index","follow":"follow","max-snippet":"max-snippet:-1","max-image-preview":"max-image-preview:large","max-video-preview":"max-video-preview:-1"},"canonical":"https:\/\/www.htsfuels.com\/fr\/histoire\/","og_locale":"fr_FR","og_type":"article","og_title":"Histoire - HTS Fuels","og_description":"[vc_row content_placement=\u00a0\u00bbmiddle\u00a0\u00bb css=\u00a0\u00bb.vc_custom_1647594311984{padding-top: 50px !important;padding-bottom: 50px !important;}\u00a0\u00bb][vc_column width=\u00a0\u00bb1\/2&Prime;][vc_column_text]Hydrocarburates Trade Services Ltd. a \u00e9t\u00e9 cr\u00e9\u00e9e \u00e0 Dublin (Irlande) en 2006 dans le but de commercialiser des combustibles solides, principalement du coke de p\u00e9trole et du charbon. En quelques ann\u00e9es seulement, HTS est devenu un leader du secteur offrant ses activit\u00e9s et ses services dans le monde&hellip;","og_url":"https:\/\/www.htsfuels.com\/fr\/histoire\/","og_site_name":"HTS Fuels","article_modified_time":"2022-04-29T07:34:46+00:00","twitter_card":"summary_large_image","twitter_misc":{"Dur\u00e9e de lecture estim\u00e9e":"1 minute"},"schema":{"@context":"https:\/\/schema.org","@graph":[{"@type":"WebPage","@id":"https:\/\/www.htsfuels.com\/fr\/histoire\/","url":"https:\/\/www.htsfuels.com\/fr\/histoire\/","name":"Histoire - HTS Fuels","isPartOf":{"@id":"https:\/\/www.htsfuels.com\/fr\/#website"},"datePublished":"2022-04-25T10:42:36+00:00","dateModified":"2022-04-29T07:34:46+00:00","breadcrumb":{"@id":"https:\/\/www.htsfuels.com\/fr\/histoire\/#breadcrumb"},"inLanguage":"fr-FR","potentialAction":[{"@type":"ReadAction","target":["https:\/\/www.htsfuels.com\/fr\/histoire\/"]}]},{"@type":"BreadcrumbList","@id":"https:\/\/www.htsfuels.com\/fr\/histoire\/#breadcrumb","itemListElement":[{"@type":"ListItem","position":1,"name":"Accueil","item":"https:\/\/www.htsfuels.com\/fr\/"},{"@type":"ListItem","position":2,"name":"Histoire"}]},{"@type":"WebSite","@id":"https:\/\/www.htsfuels.com\/fr\/#website","url":"https:\/\/www.htsfuels.com\/fr\/","name":"HTS Fuels","description":"Hydrocarburates trade services","publisher":{"@id":"https:\/\/www.htsfuels.com\/fr\/#organization"},"potentialAction":[{"@type":"SearchAction","target":{"@type":"EntryPoint","urlTemplate":"https:\/\/www.htsfuels.com\/fr\/?s={search_term_string}"},"query-input":{"@type":"PropertyValueSpecification","valueRequired":true,"valueName":"search_term_string"}}],"inLanguage":"fr-FR"},{"@type":"Organization","@id":"https:\/\/www.htsfuels.com\/fr\/#organization","name":"HTS Fuels","url":"https:\/\/www.htsfuels.com\/fr\/","logo":{"@type":"ImageObject","inLanguage":"fr-FR","@id":"https:\/\/www.htsfuels.com\/fr\/#\/schema\/logo\/image\/","url":"https:\/\/www.htsfuels.com\/wp-content\/uploads\/2021\/06\/logo-hts.svg","contentUrl":"https:\/\/www.htsfuels.com\/wp-content\/uploads\/2021\/06\/logo-hts.svg","width":100,"height":100,"caption":"HTS Fuels"},"image":{"@id":"https:\/\/www.htsfuels.com\/fr\/#\/schema\/logo\/image\/"}}]}},"_links":{"self":[{"href":"https:\/\/www.htsfuels.com\/fr\/wp-json\/wp\/v2\/pages\/1060","targetHints":{"allow":["GET"]}}],"collection":[{"href":"https:\/\/www.htsfuels.com\/fr\/wp-json\/wp\/v2\/pages"}],"about":[{"href":"https:\/\/www.htsfuels.com\/fr\/wp-json\/wp\/v2\/types\/page"}],"author":[{"embeddable":true,"href":"https:\/\/www.htsfuels.com\/fr\/wp-json\/wp\/v2\/users\/1"}],"replies":[{"embeddable":true,"href":"https:\/\/www.htsfuels.com\/fr\/wp-json\/wp\/v2\/comments?post=1060"}],"version-history":[{"count":0,"href":"https:\/\/www.htsfuels.com\/fr\/wp-json\/wp\/v2\/pages\/1060\/revisions"}],"wp:attachment":[{"href":"https:\/\/www.htsfuels.com\/fr\/wp-json\/wp\/v2\/media?parent=1060"}],"curies":[{"name":"wp","href":"https:\/\/api.w.org\/{rel}","templated":true}]}}