{"id":1071,"date":"2022-04-25T10:48:51","date_gmt":"2022-04-25T10:48:51","guid":{"rendered":"https:\/\/www.htsfuels.com\/?page_id=1071"},"modified":"2022-04-29T07:37:34","modified_gmt":"2022-04-29T07:37:34","slug":"notre-engagement","status":"publish","type":"page","link":"https:\/\/www.htsfuels.com\/fr\/notre-engagement\/","title":{"rendered":"Notre engagement"},"content":{"rendered":"<div class=\"wpb-content-wrapper\">[vc_row content_placement=\u00a0\u00bbmiddle\u00a0\u00bb css=\u00a0\u00bb.vc_custom_1647592553803{padding-top: 50px !important;padding-bottom: 50px !important;}\u00a0\u00bb][vc_column width=\u00a0\u00bb1\/2&Prime;][vc_column_text]D\u00e9velopper notre secteur dans les pays o\u00f9 HTS est implant\u00e9, en cr\u00e9ant des emplois et en assurant le bien-\u00eatre de la communaut\u00e9, ce dont nous sommes fiers.<\/p>\n<p>Fournir une solution globale couvrant toutes les \u00e9tapes de la cha\u00eene d&rsquo;approvisionnement, ainsi que souplesse et conseils techniques, afin de construire une relation \u00e0 long terme avec nos clients.<\/p>\n<p>Aider nos clients \u00e0 am\u00e9liorer leur efficacit\u00e9 \u00e9nerg\u00e9tique, gr\u00e2ce aux connaissances et \u00e0 l&rsquo;exp\u00e9rience de notre \u00e9quipe.[\/vc_column_text][\/vc_column][vc_column width=\u00a0\u00bb1\/2&Prime;][vc_single_image image=\u00a0\u00bb673&Prime;][\/vc_column][\/vc_row]\n<\/div>","protected":false},"excerpt":{"rendered":"<p>[vc_row content_placement=\u00a0\u00bbmiddle\u00a0\u00bb css=\u00a0\u00bb.vc_custom_1647592553803{padding-top: 50px !important;padding-bottom: 50px !important;}\u00a0\u00bb][vc_column width=\u00a0\u00bb1\/2&Prime;][vc_column_text]D\u00e9velopper notre secteur dans les pays o\u00f9 HTS est implant\u00e9, en cr\u00e9ant des emplois et en assurant le bien-\u00eatre de la communaut\u00e9, ce dont nous sommes fiers. Fournir une solution globale couvrant toutes les \u00e9tapes de la cha\u00eene d&rsquo;approvisionnement, ainsi que souplesse et conseils techniques, afin de construire&hellip;<\/p>\n","protected":false},"author":1,"featured_media":0,"parent":0,"menu_order":0,"comment_status":"closed","ping_status":"closed","template":"","meta":{"inline_featured_image":false,"footnotes":""},"class_list":["post-1071","page","type-page","status-publish","hentry","entry","no-media"],"yoast_head":"<!-- This site is optimized with the Yoast SEO plugin v26.4 - https:\/\/yoast.com\/wordpress\/plugins\/seo\/ -->\n<title>Notre engagement - HTS Fuels<\/title>\n<meta name=\"robots\" content=\"index, follow, max-snippet:-1, max-image-preview:large, max-video-preview:-1\" \/>\n<link rel=\"canonical\" href=\"https:\/\/www.htsfuels.com\/fr\/notre-engagement\/\" \/>\n<meta property=\"og:locale\" content=\"fr_FR\" \/>\n<meta property=\"og:type\" content=\"article\" \/>\n<meta property=\"og:title\" content=\"Notre engagement - HTS Fuels\" \/>\n<meta property=\"og:description\" content=\"[vc_row content_placement=\u00a0\u00bbmiddle\u00a0\u00bb css=\u00a0\u00bb.vc_custom_1647592553803{padding-top: 50px !important;padding-bottom: 50px !important;}\u00a0\u00bb][vc_column width=\u00a0\u00bb1\/2&Prime;][vc_column_text]D\u00e9velopper notre secteur dans les pays o\u00f9 HTS est implant\u00e9, en cr\u00e9ant des emplois et en assurant le bien-\u00eatre de la communaut\u00e9, ce dont nous sommes fiers. Fournir une solution globale couvrant toutes les \u00e9tapes de la cha\u00eene d&rsquo;approvisionnement, ainsi que souplesse et conseils techniques, afin de construire&hellip;\" \/>\n<meta property=\"og:url\" content=\"https:\/\/www.htsfuels.com\/fr\/notre-engagement\/\" \/>\n<meta property=\"og:site_name\" content=\"HTS Fuels\" \/>\n<meta property=\"article:modified_time\" content=\"2022-04-29T07:37:34+00:00\" \/>\n<meta name=\"twitter:card\" content=\"summary_large_image\" \/>\n<meta name=\"twitter:label1\" content=\"Dur\u00e9e de lecture estim\u00e9e\" \/>\n\t<meta name=\"twitter:data1\" content=\"1 minute\" \/>\n<script type=\"application\/ld+json\" class=\"yoast-schema-graph\">{\"@context\":\"https:\/\/schema.org\",\"@graph\":[{\"@type\":\"WebPage\",\"@id\":\"https:\/\/www.htsfuels.com\/fr\/notre-engagement\/\",\"url\":\"https:\/\/www.htsfuels.com\/fr\/notre-engagement\/\",\"name\":\"Notre engagement - HTS Fuels\",\"isPartOf\":{\"@id\":\"https:\/\/www.htsfuels.com\/fr\/#website\"},\"datePublished\":\"2022-04-25T10:48:51+00:00\",\"dateModified\":\"2022-04-29T07:37:34+00:00\",\"breadcrumb\":{\"@id\":\"https:\/\/www.htsfuels.com\/fr\/notre-engagement\/#breadcrumb\"},\"inLanguage\":\"fr-FR\",\"potentialAction\":[{\"@type\":\"ReadAction\",\"target\":[\"https:\/\/www.htsfuels.com\/fr\/notre-engagement\/\"]}]},{\"@type\":\"BreadcrumbList\",\"@id\":\"https:\/\/www.htsfuels.com\/fr\/notre-engagement\/#breadcrumb\",\"itemListElement\":[{\"@type\":\"ListItem\",\"position\":1,\"name\":\"Accueil\",\"item\":\"https:\/\/www.htsfuels.com\/fr\/\"},{\"@type\":\"ListItem\",\"position\":2,\"name\":\"Notre engagement\"}]},{\"@type\":\"WebSite\",\"@id\":\"https:\/\/www.htsfuels.com\/fr\/#website\",\"url\":\"https:\/\/www.htsfuels.com\/fr\/\",\"name\":\"HTS Fuels\",\"description\":\"Hydrocarburates trade services\",\"publisher\":{\"@id\":\"https:\/\/www.htsfuels.com\/fr\/#organization\"},\"potentialAction\":[{\"@type\":\"SearchAction\",\"target\":{\"@type\":\"EntryPoint\",\"urlTemplate\":\"https:\/\/www.htsfuels.com\/fr\/?s={search_term_string}\"},\"query-input\":{\"@type\":\"PropertyValueSpecification\",\"valueRequired\":true,\"valueName\":\"search_term_string\"}}],\"inLanguage\":\"fr-FR\"},{\"@type\":\"Organization\",\"@id\":\"https:\/\/www.htsfuels.com\/fr\/#organization\",\"name\":\"HTS Fuels\",\"url\":\"https:\/\/www.htsfuels.com\/fr\/\",\"logo\":{\"@type\":\"ImageObject\",\"inLanguage\":\"fr-FR\",\"@id\":\"https:\/\/www.htsfuels.com\/fr\/#\/schema\/logo\/image\/\",\"url\":\"https:\/\/www.htsfuels.com\/wp-content\/uploads\/2021\/06\/logo-hts.svg\",\"contentUrl\":\"https:\/\/www.htsfuels.com\/wp-content\/uploads\/2021\/06\/logo-hts.svg\",\"width\":100,\"height\":100,\"caption\":\"HTS Fuels\"},\"image\":{\"@id\":\"https:\/\/www.htsfuels.com\/fr\/#\/schema\/logo\/image\/\"}}]}<\/script>\n<!-- \/ Yoast SEO plugin. -->","yoast_head_json":{"title":"Notre engagement - HTS Fuels","robots":{"index":"index","follow":"follow","max-snippet":"max-snippet:-1","max-image-preview":"max-image-preview:large","max-video-preview":"max-video-preview:-1"},"canonical":"https:\/\/www.htsfuels.com\/fr\/notre-engagement\/","og_locale":"fr_FR","og_type":"article","og_title":"Notre engagement - HTS Fuels","og_description":"[vc_row content_placement=\u00a0\u00bbmiddle\u00a0\u00bb css=\u00a0\u00bb.vc_custom_1647592553803{padding-top: 50px !important;padding-bottom: 50px !important;}\u00a0\u00bb][vc_column width=\u00a0\u00bb1\/2&Prime;][vc_column_text]D\u00e9velopper notre secteur dans les pays o\u00f9 HTS est implant\u00e9, en cr\u00e9ant des emplois et en assurant le bien-\u00eatre de la communaut\u00e9, ce dont nous sommes fiers. Fournir une solution globale couvrant toutes les \u00e9tapes de la cha\u00eene d&rsquo;approvisionnement, ainsi que souplesse et conseils techniques, afin de construire&hellip;","og_url":"https:\/\/www.htsfuels.com\/fr\/notre-engagement\/","og_site_name":"HTS Fuels","article_modified_time":"2022-04-29T07:37:34+00:00","twitter_card":"summary_large_image","twitter_misc":{"Dur\u00e9e de lecture estim\u00e9e":"1 minute"},"schema":{"@context":"https:\/\/schema.org","@graph":[{"@type":"WebPage","@id":"https:\/\/www.htsfuels.com\/fr\/notre-engagement\/","url":"https:\/\/www.htsfuels.com\/fr\/notre-engagement\/","name":"Notre engagement - HTS Fuels","isPartOf":{"@id":"https:\/\/www.htsfuels.com\/fr\/#website"},"datePublished":"2022-04-25T10:48:51+00:00","dateModified":"2022-04-29T07:37:34+00:00","breadcrumb":{"@id":"https:\/\/www.htsfuels.com\/fr\/notre-engagement\/#breadcrumb"},"inLanguage":"fr-FR","potentialAction":[{"@type":"ReadAction","target":["https:\/\/www.htsfuels.com\/fr\/notre-engagement\/"]}]},{"@type":"BreadcrumbList","@id":"https:\/\/www.htsfuels.com\/fr\/notre-engagement\/#breadcrumb","itemListElement":[{"@type":"ListItem","position":1,"name":"Accueil","item":"https:\/\/www.htsfuels.com\/fr\/"},{"@type":"ListItem","position":2,"name":"Notre engagement"}]},{"@type":"WebSite","@id":"https:\/\/www.htsfuels.com\/fr\/#website","url":"https:\/\/www.htsfuels.com\/fr\/","name":"HTS Fuels","description":"Hydrocarburates trade services","publisher":{"@id":"https:\/\/www.htsfuels.com\/fr\/#organization"},"potentialAction":[{"@type":"SearchAction","target":{"@type":"EntryPoint","urlTemplate":"https:\/\/www.htsfuels.com\/fr\/?s={search_term_string}"},"query-input":{"@type":"PropertyValueSpecification","valueRequired":true,"valueName":"search_term_string"}}],"inLanguage":"fr-FR"},{"@type":"Organization","@id":"https:\/\/www.htsfuels.com\/fr\/#organization","name":"HTS Fuels","url":"https:\/\/www.htsfuels.com\/fr\/","logo":{"@type":"ImageObject","inLanguage":"fr-FR","@id":"https:\/\/www.htsfuels.com\/fr\/#\/schema\/logo\/image\/","url":"https:\/\/www.htsfuels.com\/wp-content\/uploads\/2021\/06\/logo-hts.svg","contentUrl":"https:\/\/www.htsfuels.com\/wp-content\/uploads\/2021\/06\/logo-hts.svg","width":100,"height":100,"caption":"HTS Fuels"},"image":{"@id":"https:\/\/www.htsfuels.com\/fr\/#\/schema\/logo\/image\/"}}]}},"_links":{"self":[{"href":"https:\/\/www.htsfuels.com\/fr\/wp-json\/wp\/v2\/pages\/1071","targetHints":{"allow":["GET"]}}],"collection":[{"href":"https:\/\/www.htsfuels.com\/fr\/wp-json\/wp\/v2\/pages"}],"about":[{"href":"https:\/\/www.htsfuels.com\/fr\/wp-json\/wp\/v2\/types\/page"}],"author":[{"embeddable":true,"href":"https:\/\/www.htsfuels.com\/fr\/wp-json\/wp\/v2\/users\/1"}],"replies":[{"embeddable":true,"href":"https:\/\/www.htsfuels.com\/fr\/wp-json\/wp\/v2\/comments?post=1071"}],"version-history":[{"count":0,"href":"https:\/\/www.htsfuels.com\/fr\/wp-json\/wp\/v2\/pages\/1071\/revisions"}],"wp:attachment":[{"href":"https:\/\/www.htsfuels.com\/fr\/wp-json\/wp\/v2\/media?parent=1071"}],"curies":[{"name":"wp","href":"https:\/\/api.w.org\/{rel}","templated":true}]}}