{"id":1090,"date":"2022-04-25T10:55:43","date_gmt":"2022-04-25T10:55:43","guid":{"rendered":"https:\/\/www.htsfuels.com\/?page_id=1090"},"modified":"2022-04-28T09:47:19","modified_gmt":"2022-04-28T09:47:19","slug":"produits","status":"publish","type":"page","link":"https:\/\/www.htsfuels.com\/fr\/mexico\/produits\/","title":{"rendered":"Produits"},"content":{"rendered":"<div class=\"wpb-content-wrapper\">[vc_row css=\u00a0\u00bb.vc_custom_1630333022695{border-bottom-width: 50px !important;padding-top: 70px !important;}\u00a0\u00bb][vc_column]<style>.vcex-heading.vcex_69f753e0400a8{color:var(--wpex-accent);}<\/style><h2 class=\"vcex-heading vcex-heading-plain vcex-module wpex-heading wpex-text-2xl wpex-text-center hts-title-line hts-title-line-center has-gradient vcex_69f753e0400a8\"><span class=\"vcex-heading-inner wpex-inline-block\">Voici les diff\u00e9rents produits que nous proposons.<\/span><\/h2>[\/vc_column][\/vc_row][vc_row][vc_column]<style>.vcex-heading.vcex_69f753e040e8b{color:var(--wpex-accent);}<\/style><h3 class=\"vcex-heading vcex-heading-plain vcex-module wpex-heading wpex-text-2xl wpex-text-center vcex_69f753e040e8b\"><span class=\"vcex-heading-inner wpex-inline-block\">Charbons<\/span><\/h3><div class=\"vcex-spacing wpex-w-100 wpex-clear\" style=\"height:20px;\"><\/div><div class=\"vcex-module vcex-portfolio-grid-wrap wpex-clr grid-products-mexico\"><div class=\"wpex-row vcex-portfolio-grid wpex-clr entries match-height-grid\"><div class=\"portfolio-entry vcex-grid-item span_1_of_4 col col-1 wpex-text-center entry post-1270 type-portfolio has-media cat-26\"><div class=\"portfolio-entry-inner entry-inner wpex-first-mt-0 wpex-last-mb-0 wpex-clr wpex-shadow\"><div class=\"portfolio-entry-media entry-media wpex-relative overlay-parent overlay-parent-title-category-hover overlay-h wpex-overflow-hidden overlay-ms\"><a href=\"https:\/\/www.htsfuels.com\/fr\/produit\/flexicoke\/\" title=\"Flexicoke\" class=\"portfolio-entry-media-link\"><img loading=\"lazy\" class=\"portfolio-entry-img wpex-align-middle\" decoding=\"async\" src=\"https:\/\/www.htsfuels.com\/wp-content\/uploads\/2021\/06\/Flexicoke-big-03-250x250.jpg\" alt=\"\" srcset=\"https:\/\/www.htsfuels.com\/wp-content\/uploads\/2021\/06\/Flexicoke-big-03-250x250.jpg 250w, https:\/\/www.htsfuels.com\/wp-content\/uploads\/2021\/06\/Flexicoke-big-03-300x300.jpg 300w, https:\/\/www.htsfuels.com\/wp-content\/uploads\/2021\/06\/Flexicoke-big-03-150x150.jpg 150w, https:\/\/www.htsfuels.com\/wp-content\/uploads\/2021\/06\/Flexicoke-big-03-100x100.jpg 100w, https:\/\/www.htsfuels.com\/wp-content\/uploads\/2021\/06\/Flexicoke-big-03-299x300.jpg 299w, https:\/\/www.htsfuels.com\/wp-content\/uploads\/2021\/06\/Flexicoke-big-03.jpg 400w\" width=\"250\" height=\"250\">\n<div class=\"overlay-title-category-hover overlay-hide theme-overlay wpex-absolute wpex-inset-0 wpex-transition-all wpex-duration-300 wpex-overflow-hidden wpex-flex wpex-items-center wpex-justify-center wpex-text-center\">\n\t<div class=\"overlay-bg wpex-bg-black wpex-absolute wpex-inset-0 wpex-opacity-60\"><\/div>\n\t<div class=\"overlay-content overlay-scale wpex-relative wpex-text-white wpex-p-15 wpex-duration-300 wpex-transition-transform wpex-clr\">\n\t\t<div class=\"overlay-title wpex-text-lg\">Flexicoke<\/div>\n\t\t<div class=\"overlay-terms wpex-opacity-80 wpex-italic\"><span class=\"term-26\">Mexique<\/span><\/div>\t<\/div>\n<\/div>\n<\/a><\/div><\/div><\/div><div class=\"portfolio-entry vcex-grid-item span_1_of_4 col col-2 wpex-text-center entry post-1144 type-portfolio has-media cat-27 cat-26\"><div class=\"portfolio-entry-inner entry-inner wpex-first-mt-0 wpex-last-mb-0 wpex-clr wpex-shadow\"><div class=\"portfolio-entry-media entry-media wpex-relative overlay-parent overlay-parent-title-category-hover overlay-h wpex-overflow-hidden overlay-ms\"><a href=\"https:\/\/www.htsfuels.com\/fr\/produit\/coke-de-petrole\/\" title=\"Coke de p\u00e9trole\" class=\"portfolio-entry-media-link\"><img loading=\"lazy\" class=\"portfolio-entry-img wpex-align-middle\" decoding=\"async\" src=\"https:\/\/www.htsfuels.com\/wp-content\/uploads\/2021\/01\/Petcoke-250x250.jpg\" alt=\"\" srcset=\"https:\/\/www.htsfuels.com\/wp-content\/uploads\/2021\/01\/Petcoke-250x250.jpg 250w, https:\/\/www.htsfuels.com\/wp-content\/uploads\/2021\/01\/Petcoke-300x300.jpg 300w, https:\/\/www.htsfuels.com\/wp-content\/uploads\/2021\/01\/Petcoke-150x150.jpg 150w, https:\/\/www.htsfuels.com\/wp-content\/uploads\/2021\/01\/Petcoke-100x100.jpg 100w, https:\/\/www.htsfuels.com\/wp-content\/uploads\/2021\/01\/Petcoke.jpg 500w\" width=\"250\" height=\"250\">\n<div class=\"overlay-title-category-hover overlay-hide theme-overlay wpex-absolute wpex-inset-0 wpex-transition-all wpex-duration-300 wpex-overflow-hidden wpex-flex wpex-items-center wpex-justify-center wpex-text-center\">\n\t<div class=\"overlay-bg wpex-bg-black wpex-absolute wpex-inset-0 wpex-opacity-60\"><\/div>\n\t<div class=\"overlay-content overlay-scale wpex-relative wpex-text-white wpex-p-15 wpex-duration-300 wpex-transition-transform wpex-clr\">\n\t\t<div class=\"overlay-title wpex-text-lg\">Coke de p\u00e9trole<\/div>\n\t\t<div class=\"overlay-terms wpex-opacity-80 wpex-italic\"><span class=\"term-27\">Maroc<\/span>, <span class=\"term-26\">Mexique<\/span><\/div>\t<\/div>\n<\/div>\n<\/a><\/div><\/div><\/div><div class=\"portfolio-entry vcex-grid-item span_1_of_4 col col-3 wpex-text-center entry post-1125 type-portfolio has-media cat-26\"><div class=\"portfolio-entry-inner entry-inner wpex-first-mt-0 wpex-last-mb-0 wpex-clr wpex-shadow\"><div class=\"portfolio-entry-media entry-media wpex-relative overlay-parent overlay-parent-title-category-hover overlay-h wpex-overflow-hidden overlay-ms\"><a href=\"https:\/\/www.htsfuels.com\/fr\/produit\/anthracite\/\" title=\"Anthracite\" class=\"portfolio-entry-media-link\"><img loading=\"lazy\" class=\"portfolio-entry-img wpex-align-middle\" decoding=\"async\" src=\"https:\/\/www.htsfuels.com\/wp-content\/uploads\/2021\/06\/antracite-250x250.jpg\" alt=\"\" srcset=\"https:\/\/www.htsfuels.com\/wp-content\/uploads\/2021\/06\/antracite-250x250.jpg 250w, https:\/\/www.htsfuels.com\/wp-content\/uploads\/2021\/06\/antracite-300x300.jpg 300w, https:\/\/www.htsfuels.com\/wp-content\/uploads\/2021\/06\/antracite-150x150.jpg 150w, https:\/\/www.htsfuels.com\/wp-content\/uploads\/2021\/06\/antracite-100x100.jpg 100w, https:\/\/www.htsfuels.com\/wp-content\/uploads\/2021\/06\/antracite-299x300.jpg 299w, https:\/\/www.htsfuels.com\/wp-content\/uploads\/2021\/06\/antracite.jpg 500w\" width=\"250\" height=\"250\">\n<div class=\"overlay-title-category-hover overlay-hide theme-overlay wpex-absolute wpex-inset-0 wpex-transition-all wpex-duration-300 wpex-overflow-hidden wpex-flex wpex-items-center wpex-justify-center wpex-text-center\">\n\t<div class=\"overlay-bg wpex-bg-black wpex-absolute wpex-inset-0 wpex-opacity-60\"><\/div>\n\t<div class=\"overlay-content overlay-scale wpex-relative wpex-text-white wpex-p-15 wpex-duration-300 wpex-transition-transform wpex-clr\">\n\t\t<div class=\"overlay-title wpex-text-lg\">Anthracite<\/div>\n\t\t<div class=\"overlay-terms wpex-opacity-80 wpex-italic\"><span class=\"term-26\">Mexique<\/span><\/div>\t<\/div>\n<\/div>\n<\/a><\/div><\/div><\/div><div class=\"portfolio-entry vcex-grid-item span_1_of_4 col col-4 wpex-text-center entry post-1111 type-portfolio has-media cat-26\"><div class=\"portfolio-entry-inner entry-inner wpex-first-mt-0 wpex-last-mb-0 wpex-clr wpex-shadow\"><div class=\"portfolio-entry-media entry-media wpex-relative overlay-parent overlay-parent-title-category-hover overlay-h wpex-overflow-hidden overlay-ms\"><a href=\"https:\/\/www.htsfuels.com\/fr\/produit\/recarburizer\/\" title=\"Recarburizer\" class=\"portfolio-entry-media-link\"><img loading=\"lazy\" class=\"portfolio-entry-img wpex-align-middle\" decoding=\"async\" src=\"https:\/\/www.htsfuels.com\/wp-content\/uploads\/2021\/06\/recarburizer-big-250x250.jpg\" alt=\"\" srcset=\"https:\/\/www.htsfuels.com\/wp-content\/uploads\/2021\/06\/recarburizer-big-250x250.jpg 250w, https:\/\/www.htsfuels.com\/wp-content\/uploads\/2021\/06\/recarburizer-big-300x300.jpg 300w, https:\/\/www.htsfuels.com\/wp-content\/uploads\/2021\/06\/recarburizer-big-150x150.jpg 150w, https:\/\/www.htsfuels.com\/wp-content\/uploads\/2021\/06\/recarburizer-big-100x100.jpg 100w, https:\/\/www.htsfuels.com\/wp-content\/uploads\/2021\/06\/recarburizer-big-299x300.jpg 299w, https:\/\/www.htsfuels.com\/wp-content\/uploads\/2021\/06\/recarburizer-big.jpg 500w\" width=\"250\" height=\"250\">\n<div class=\"overlay-title-category-hover overlay-hide theme-overlay wpex-absolute wpex-inset-0 wpex-transition-all wpex-duration-300 wpex-overflow-hidden wpex-flex wpex-items-center wpex-justify-center wpex-text-center\">\n\t<div class=\"overlay-bg wpex-bg-black wpex-absolute wpex-inset-0 wpex-opacity-60\"><\/div>\n\t<div class=\"overlay-content overlay-scale wpex-relative wpex-text-white wpex-p-15 wpex-duration-300 wpex-transition-transform wpex-clr\">\n\t\t<div class=\"overlay-title wpex-text-lg\">Recarburizer<\/div>\n\t\t<div class=\"overlay-terms wpex-opacity-80 wpex-italic\"><span class=\"term-26\">Mexique<\/span><\/div>\t<\/div>\n<\/div>\n<\/a><\/div><\/div><\/div><\/div><\/div>[\/vc_column][\/vc_row][vc_row][vc_column]<style>.vcex-heading.vcex_69f753e048987{color:var(--wpex-accent);}<\/style><h3 class=\"vcex-heading vcex-heading-plain vcex-module wpex-heading wpex-text-2xl wpex-text-center vcex_69f753e048987\"><span class=\"vcex-heading-inner wpex-inline-block\">Vautid<\/span><\/h3><div class=\"vcex-spacing wpex-w-100 wpex-clear\" style=\"height:20px;\"><\/div>[vc_row_inner content_placement=\u00a0\u00bbmiddle\u00a0\u00bb][vc_column_inner width=\u00a0\u00bb1\/3&Prime;][vc_single_image image=\u00a0\u00bb327&Prime; img_size=\u00a0\u00bb250&#215;250&Prime; alignment=\u00a0\u00bbcenter\u00a0\u00bb][\/vc_column_inner][vc_column_inner width=\u00a0\u00bb2\/3&Prime;][vc_column_text]Vautid est une marque pionni\u00e8re en mati\u00e8re de protection contre l&rsquo;usure, notamment en ce qui concerne les consommables \u00e0 rev\u00eatement dur qui peuvent \u00eatre utilis\u00e9s dans une grande vari\u00e9t\u00e9 d&rsquo;applications.<\/p>\n<p>Nous offrons une solution \u00e0 diff\u00e9rents probl\u00e8mes, en prot\u00e9geant les composants \u00e0 forte usure des installations et des machines.<\/p>\n<p>Vautid se concentre sur la r\u00e9duction des agents abrasifs et sur l&rsquo;augmentation de la r\u00e9sistance de l&rsquo;acier aux impacts. Nos solutions offrent une protection fiable et \u00e0 long terme contre l&rsquo;usure pour tous les types d&rsquo;\u00e9quipement en proposant une vaste gamme de solutions diff\u00e9rentes.<\/p>\n<p>Nos principaux clients sont des entreprises du secteur de l&rsquo;acier, du ciment, des mines et du recyclage.<\/p>\n<p>HTS Mexico est le seul distributeur officiel de Vautid au Mexique.[\/vc_column_text][\/vc_column_inner][\/vc_row_inner][\/vc_column][\/vc_row]\n<\/div>","protected":false},"excerpt":{"rendered":"<p>[vc_row css=\u00a0\u00bb.vc_custom_1630333022695{border-bottom-width: 50px !important;padding-top: 70px !important;}\u00a0\u00bb][vc_column][\/vc_column][\/vc_row][vc_row][vc_column][\/vc_column][\/vc_row][vc_row][vc_column][vc_row_inner content_placement=\u00a0\u00bbmiddle\u00a0\u00bb][vc_column_inner width=\u00a0\u00bb1\/3&Prime;][vc_single_image image=\u00a0\u00bb327&Prime; img_size=\u00a0\u00bb250&#215;250&Prime; alignment=\u00a0\u00bbcenter\u00a0\u00bb][\/vc_column_inner][vc_column_inner width=\u00a0\u00bb2\/3&Prime;][vc_column_text]Vautid est une marque pionni\u00e8re en mati\u00e8re de protection contre l&rsquo;usure, notamment en ce qui concerne les consommables \u00e0 rev\u00eatement dur qui peuvent \u00eatre utilis\u00e9s dans une grande vari\u00e9t\u00e9 d&rsquo;applications. Nous offrons une solution \u00e0 diff\u00e9rents probl\u00e8mes, en prot\u00e9geant les composants \u00e0 forte usure&hellip;<\/p>\n","protected":false},"author":1,"featured_media":937,"parent":1043,"menu_order":0,"comment_status":"closed","ping_status":"closed","template":"","meta":{"inline_featured_image":false,"footnotes":""},"class_list":["post-1090","page","type-page","status-publish","has-post-thumbnail","hentry","entry","has-media"],"yoast_head":"<!-- This site is optimized with the Yoast SEO plugin v26.4 - https:\/\/yoast.com\/wordpress\/plugins\/seo\/ -->\n<title>Produits - HTS Fuels<\/title>\n<meta name=\"robots\" content=\"index, follow, max-snippet:-1, max-image-preview:large, max-video-preview:-1\" \/>\n<link rel=\"canonical\" href=\"https:\/\/www.htsfuels.com\/fr\/mexico\/produits\/\" \/>\n<meta property=\"og:locale\" content=\"fr_FR\" \/>\n<meta property=\"og:type\" content=\"article\" \/>\n<meta property=\"og:title\" content=\"Produits - HTS Fuels\" \/>\n<meta property=\"og:description\" content=\"[vc_row css=\u00a0\u00bb.vc_custom_1630333022695{border-bottom-width: 50px !important;padding-top: 70px !important;}\u00a0\u00bb][vc_column][\/vc_column][\/vc_row][vc_row][vc_column][\/vc_column][\/vc_row][vc_row][vc_column][vc_row_inner content_placement=\u00a0\u00bbmiddle\u00a0\u00bb][vc_column_inner width=\u00a0\u00bb1\/3&Prime;][vc_single_image image=\u00a0\u00bb327&Prime; img_size=\u00a0\u00bb250&#215;250&Prime; alignment=\u00a0\u00bbcenter\u00a0\u00bb][\/vc_column_inner][vc_column_inner width=\u00a0\u00bb2\/3&Prime;][vc_column_text]Vautid est une marque pionni\u00e8re en mati\u00e8re de protection contre l&rsquo;usure, notamment en ce qui concerne les consommables \u00e0 rev\u00eatement dur qui peuvent \u00eatre utilis\u00e9s dans une grande vari\u00e9t\u00e9 d&rsquo;applications. Nous offrons une solution \u00e0 diff\u00e9rents probl\u00e8mes, en prot\u00e9geant les composants \u00e0 forte usure&hellip;\" \/>\n<meta property=\"og:url\" content=\"https:\/\/www.htsfuels.com\/fr\/mexico\/produits\/\" \/>\n<meta property=\"og:site_name\" content=\"HTS Fuels\" \/>\n<meta property=\"article:modified_time\" content=\"2022-04-28T09:47:19+00:00\" \/>\n<meta property=\"og:image\" content=\"https:\/\/www.htsfuels.com\/wp-content\/uploads\/2021\/08\/header-products-001.jpg\" \/>\n\t<meta property=\"og:image:width\" content=\"1920\" \/>\n\t<meta property=\"og:image:height\" content=\"594\" \/>\n\t<meta property=\"og:image:type\" content=\"image\/jpeg\" \/>\n<meta name=\"twitter:card\" content=\"summary_large_image\" \/>\n<meta name=\"twitter:label1\" content=\"Dur\u00e9e de lecture estim\u00e9e\" \/>\n\t<meta name=\"twitter:data1\" content=\"1 minute\" \/>\n<script type=\"application\/ld+json\" class=\"yoast-schema-graph\">{\"@context\":\"https:\/\/schema.org\",\"@graph\":[{\"@type\":\"WebPage\",\"@id\":\"https:\/\/www.htsfuels.com\/fr\/mexico\/produits\/\",\"url\":\"https:\/\/www.htsfuels.com\/fr\/mexico\/produits\/\",\"name\":\"Produits - HTS Fuels\",\"isPartOf\":{\"@id\":\"https:\/\/www.htsfuels.com\/fr\/#website\"},\"primaryImageOfPage\":{\"@id\":\"https:\/\/www.htsfuels.com\/fr\/mexico\/produits\/#primaryimage\"},\"image\":{\"@id\":\"https:\/\/www.htsfuels.com\/fr\/mexico\/produits\/#primaryimage\"},\"thumbnailUrl\":\"https:\/\/www.htsfuels.com\/wp-content\/uploads\/2021\/08\/header-products-001.jpg\",\"datePublished\":\"2022-04-25T10:55:43+00:00\",\"dateModified\":\"2022-04-28T09:47:19+00:00\",\"breadcrumb\":{\"@id\":\"https:\/\/www.htsfuels.com\/fr\/mexico\/produits\/#breadcrumb\"},\"inLanguage\":\"fr-FR\",\"potentialAction\":[{\"@type\":\"ReadAction\",\"target\":[\"https:\/\/www.htsfuels.com\/fr\/mexico\/produits\/\"]}]},{\"@type\":\"ImageObject\",\"inLanguage\":\"fr-FR\",\"@id\":\"https:\/\/www.htsfuels.com\/fr\/mexico\/produits\/#primaryimage\",\"url\":\"https:\/\/www.htsfuels.com\/wp-content\/uploads\/2021\/08\/header-products-001.jpg\",\"contentUrl\":\"https:\/\/www.htsfuels.com\/wp-content\/uploads\/2021\/08\/header-products-001.jpg\",\"width\":1920,\"height\":594},{\"@type\":\"BreadcrumbList\",\"@id\":\"https:\/\/www.htsfuels.com\/fr\/mexico\/produits\/#breadcrumb\",\"itemListElement\":[{\"@type\":\"ListItem\",\"position\":1,\"name\":\"Accueil\",\"item\":\"https:\/\/www.htsfuels.com\/fr\/\"},{\"@type\":\"ListItem\",\"position\":2,\"name\":\"Mexique\",\"item\":\"https:\/\/www.htsfuels.com\/fr\/mexico\/\"},{\"@type\":\"ListItem\",\"position\":3,\"name\":\"Produits\"}]},{\"@type\":\"WebSite\",\"@id\":\"https:\/\/www.htsfuels.com\/fr\/#website\",\"url\":\"https:\/\/www.htsfuels.com\/fr\/\",\"name\":\"HTS Fuels\",\"description\":\"Hydrocarburates trade services\",\"publisher\":{\"@id\":\"https:\/\/www.htsfuels.com\/fr\/#organization\"},\"potentialAction\":[{\"@type\":\"SearchAction\",\"target\":{\"@type\":\"EntryPoint\",\"urlTemplate\":\"https:\/\/www.htsfuels.com\/fr\/?s={search_term_string}\"},\"query-input\":{\"@type\":\"PropertyValueSpecification\",\"valueRequired\":true,\"valueName\":\"search_term_string\"}}],\"inLanguage\":\"fr-FR\"},{\"@type\":\"Organization\",\"@id\":\"https:\/\/www.htsfuels.com\/fr\/#organization\",\"name\":\"HTS Fuels\",\"url\":\"https:\/\/www.htsfuels.com\/fr\/\",\"logo\":{\"@type\":\"ImageObject\",\"inLanguage\":\"fr-FR\",\"@id\":\"https:\/\/www.htsfuels.com\/fr\/#\/schema\/logo\/image\/\",\"url\":\"https:\/\/www.htsfuels.com\/wp-content\/uploads\/2021\/06\/logo-hts.svg\",\"contentUrl\":\"https:\/\/www.htsfuels.com\/wp-content\/uploads\/2021\/06\/logo-hts.svg\",\"width\":100,\"height\":100,\"caption\":\"HTS Fuels\"},\"image\":{\"@id\":\"https:\/\/www.htsfuels.com\/fr\/#\/schema\/logo\/image\/\"}}]}<\/script>\n<!-- \/ Yoast SEO plugin. -->","yoast_head_json":{"title":"Produits - HTS Fuels","robots":{"index":"index","follow":"follow","max-snippet":"max-snippet:-1","max-image-preview":"max-image-preview:large","max-video-preview":"max-video-preview:-1"},"canonical":"https:\/\/www.htsfuels.com\/fr\/mexico\/produits\/","og_locale":"fr_FR","og_type":"article","og_title":"Produits - HTS Fuels","og_description":"[vc_row css=\u00a0\u00bb.vc_custom_1630333022695{border-bottom-width: 50px !important;padding-top: 70px !important;}\u00a0\u00bb][vc_column][\/vc_column][\/vc_row][vc_row][vc_column][\/vc_column][\/vc_row][vc_row][vc_column][vc_row_inner content_placement=\u00a0\u00bbmiddle\u00a0\u00bb][vc_column_inner width=\u00a0\u00bb1\/3&Prime;][vc_single_image image=\u00a0\u00bb327&Prime; img_size=\u00a0\u00bb250&#215;250&Prime; alignment=\u00a0\u00bbcenter\u00a0\u00bb][\/vc_column_inner][vc_column_inner width=\u00a0\u00bb2\/3&Prime;][vc_column_text]Vautid est une marque pionni\u00e8re en mati\u00e8re de protection contre l&rsquo;usure, notamment en ce qui concerne les consommables \u00e0 rev\u00eatement dur qui peuvent \u00eatre utilis\u00e9s dans une grande vari\u00e9t\u00e9 d&rsquo;applications. Nous offrons une solution \u00e0 diff\u00e9rents probl\u00e8mes, en prot\u00e9geant les composants \u00e0 forte usure&hellip;","og_url":"https:\/\/www.htsfuels.com\/fr\/mexico\/produits\/","og_site_name":"HTS Fuels","article_modified_time":"2022-04-28T09:47:19+00:00","og_image":[{"width":1920,"height":594,"url":"https:\/\/www.htsfuels.com\/wp-content\/uploads\/2021\/08\/header-products-001.jpg","type":"image\/jpeg"}],"twitter_card":"summary_large_image","twitter_misc":{"Dur\u00e9e de lecture estim\u00e9e":"1 minute"},"schema":{"@context":"https:\/\/schema.org","@graph":[{"@type":"WebPage","@id":"https:\/\/www.htsfuels.com\/fr\/mexico\/produits\/","url":"https:\/\/www.htsfuels.com\/fr\/mexico\/produits\/","name":"Produits - HTS Fuels","isPartOf":{"@id":"https:\/\/www.htsfuels.com\/fr\/#website"},"primaryImageOfPage":{"@id":"https:\/\/www.htsfuels.com\/fr\/mexico\/produits\/#primaryimage"},"image":{"@id":"https:\/\/www.htsfuels.com\/fr\/mexico\/produits\/#primaryimage"},"thumbnailUrl":"https:\/\/www.htsfuels.com\/wp-content\/uploads\/2021\/08\/header-products-001.jpg","datePublished":"2022-04-25T10:55:43+00:00","dateModified":"2022-04-28T09:47:19+00:00","breadcrumb":{"@id":"https:\/\/www.htsfuels.com\/fr\/mexico\/produits\/#breadcrumb"},"inLanguage":"fr-FR","potentialAction":[{"@type":"ReadAction","target":["https:\/\/www.htsfuels.com\/fr\/mexico\/produits\/"]}]},{"@type":"ImageObject","inLanguage":"fr-FR","@id":"https:\/\/www.htsfuels.com\/fr\/mexico\/produits\/#primaryimage","url":"https:\/\/www.htsfuels.com\/wp-content\/uploads\/2021\/08\/header-products-001.jpg","contentUrl":"https:\/\/www.htsfuels.com\/wp-content\/uploads\/2021\/08\/header-products-001.jpg","width":1920,"height":594},{"@type":"BreadcrumbList","@id":"https:\/\/www.htsfuels.com\/fr\/mexico\/produits\/#breadcrumb","itemListElement":[{"@type":"ListItem","position":1,"name":"Accueil","item":"https:\/\/www.htsfuels.com\/fr\/"},{"@type":"ListItem","position":2,"name":"Mexique","item":"https:\/\/www.htsfuels.com\/fr\/mexico\/"},{"@type":"ListItem","position":3,"name":"Produits"}]},{"@type":"WebSite","@id":"https:\/\/www.htsfuels.com\/fr\/#website","url":"https:\/\/www.htsfuels.com\/fr\/","name":"HTS Fuels","description":"Hydrocarburates trade services","publisher":{"@id":"https:\/\/www.htsfuels.com\/fr\/#organization"},"potentialAction":[{"@type":"SearchAction","target":{"@type":"EntryPoint","urlTemplate":"https:\/\/www.htsfuels.com\/fr\/?s={search_term_string}"},"query-input":{"@type":"PropertyValueSpecification","valueRequired":true,"valueName":"search_term_string"}}],"inLanguage":"fr-FR"},{"@type":"Organization","@id":"https:\/\/www.htsfuels.com\/fr\/#organization","name":"HTS Fuels","url":"https:\/\/www.htsfuels.com\/fr\/","logo":{"@type":"ImageObject","inLanguage":"fr-FR","@id":"https:\/\/www.htsfuels.com\/fr\/#\/schema\/logo\/image\/","url":"https:\/\/www.htsfuels.com\/wp-content\/uploads\/2021\/06\/logo-hts.svg","contentUrl":"https:\/\/www.htsfuels.com\/wp-content\/uploads\/2021\/06\/logo-hts.svg","width":100,"height":100,"caption":"HTS Fuels"},"image":{"@id":"https:\/\/www.htsfuels.com\/fr\/#\/schema\/logo\/image\/"}}]}},"_links":{"self":[{"href":"https:\/\/www.htsfuels.com\/fr\/wp-json\/wp\/v2\/pages\/1090","targetHints":{"allow":["GET"]}}],"collection":[{"href":"https:\/\/www.htsfuels.com\/fr\/wp-json\/wp\/v2\/pages"}],"about":[{"href":"https:\/\/www.htsfuels.com\/fr\/wp-json\/wp\/v2\/types\/page"}],"author":[{"embeddable":true,"href":"https:\/\/www.htsfuels.com\/fr\/wp-json\/wp\/v2\/users\/1"}],"replies":[{"embeddable":true,"href":"https:\/\/www.htsfuels.com\/fr\/wp-json\/wp\/v2\/comments?post=1090"}],"version-history":[{"count":0,"href":"https:\/\/www.htsfuels.com\/fr\/wp-json\/wp\/v2\/pages\/1090\/revisions"}],"up":[{"embeddable":true,"href":"https:\/\/www.htsfuels.com\/fr\/wp-json\/wp\/v2\/pages\/1043"}],"wp:featuredmedia":[{"embeddable":true,"href":"https:\/\/www.htsfuels.com\/fr\/wp-json\/wp\/v2\/media\/937"}],"wp:attachment":[{"href":"https:\/\/www.htsfuels.com\/fr\/wp-json\/wp\/v2\/media?parent=1090"}],"curies":[{"name":"wp","href":"https:\/\/api.w.org\/{rel}","templated":true}]}}