{"id":1095,"date":"2022-04-25T11:01:07","date_gmt":"2022-04-25T11:01:07","guid":{"rendered":"https:\/\/www.htsfuels.com\/?page_id=1095"},"modified":"2024-06-13T09:23:56","modified_gmt":"2024-06-13T09:23:56","slug":"contact","status":"publish","type":"page","link":"https:\/\/www.htsfuels.com\/fr\/contact\/","title":{"rendered":"Contact"},"content":{"rendered":"<div class=\"wpb-content-wrapper\">[vc_section][vc_row][vc_column]<style>.vcex-heading.vcex_69f5ec7201c8a{color:var(--wpex-accent);}<\/style><h2 class=\"vcex-heading vcex-heading-plain vcex-module wpex-heading wpex-text-2xl wpex-text-center hts-title-line hts-title-line-center has-gradient vcex_69f5ec7201c8a\"><span class=\"vcex-heading-inner wpex-inline-block\">Nous contacter<\/span><\/h2>[vc_empty_space height=\u00a0\u00bb15px\u00a0\u00bb][\/vc_column][\/vc_row][vc_row][vc_column width=\u00a0\u00bb1\/4&Prime;][vc_single_image image=\u00a0\u00bb334&Prime; el_class=\u00a0\u00bbflag-contact\u00a0\u00bb][vc_column_text el_class=\u00a0\u00bbtext-contact\u00a0\u00bb]<strong>Spanish Hydrocarburates TS SLU<\/strong><\/p>\n<p>Calle Muntaner 240 pral. 2<br \/>\n08021 Barcelona Spain<br \/>\nTel: <a href=\"tel:(34)932020579\">(+34) 93 202 0579<\/a>[\/vc_column_text][\/vc_column][vc_column width=\u00a0\u00bb1\/4&Prime;][vc_single_image image=\u00a0\u00bb1410&Prime; el_class=\u00a0\u00bbflag-contact\u00a0\u00bb][vc_column_text el_class=\u00a0\u00bbtext-contact\u00a0\u00bb]<strong>Hydrocarburates TS Mexico<\/strong><\/p>\n<div>Edificio German Centre<\/div>\n<div>Av. Santa Fe 170<\/div>\n<div>Piso 4, oficina 4-2-12<\/div>\n<div>Col. Santa Fe, \u00c1lvaro Obreg\u00f3n<\/div>\n<div>C.P. 01376, Ciudad de M\u00e9xico<\/div>\n<div>\n<p>Tel: <a href=\"tel:00525551612503\">(+52) 5551612503<\/a><br \/>\nTel: <a href=\"tel:00525551612591\">(+52) 5551612591<\/a><\/p>\n<\/div>\n[\/vc_column_text][\/vc_column][vc_column width=\u00a0\u00bb1\/4&Prime;][vc_single_image image=\u00a0\u00bb333&Prime; el_class=\u00a0\u00bbflag-contact\u00a0\u00bb][vc_column_text el_class=\u00a0\u00bbtext-contact\u00a0\u00bb]<strong>Hydrocarburates TS Morocco SARL <\/strong><\/p>\n<p>59 Rue Rahal Ben Ahmed Rez de Chauss\u00e9e<br \/>\nRoches Noires Casablanca, Morocco<br \/>\nTel: <a href=\"tel:(+212)522240556\">(+212) 522 240 556<\/a><br \/>\nFax: (+212) 522 240 557[\/vc_column_text][\/vc_column][vc_column width=\u00a0\u00bb1\/4&Prime;][vc_single_image image=\u00a0\u00bb337&Prime; el_class=\u00a0\u00bbflag-contact\u00a0\u00bb][vc_column_text el_class=\u00a0\u00bbtext-contact\u00a0\u00bb]<strong>Hydrocarburates Trade Services Ltd<\/strong><\/p>\n<p>26\/27 Pembroke Street Upper Dublin,<br \/>\nD02 X361 Ireland<br \/>\nTel: <a href=\"tel:(+353) 1 640 1811\" target=\"_blank\" rel=\"nofollow noopener\">(+353) 1 640 1811<\/a>[\/vc_column_text][\/vc_column][\/vc_row][vc_row][vc_column width=\u00a0\u00bb1\/6&Prime;][\/vc_column][vc_column width=\u00a0\u00bb2\/3&Prime; css=\u00a0\u00bb.vc_custom_1628062170323{border-top-width: 2px !important;border-right-width: 2px !important;border-bottom-width: 2px !important;border-left-width: 2px !important;padding-top: 30px !important;padding-right: 30px !important;padding-bottom: 30px !important;padding-left: 30px !important;border-left-color: #098fd6 !important;border-left-style: solid !important;border-right-color: #098fd6 !important;border-right-style: solid !important;border-top-color: #098fd6 !important;border-top-style: solid !important;border-bottom-color: #098fd6 !important;border-bottom-style: solid !important;}\u00a0\u00bb]<style>.vcex-heading.vcex_69f5ec7203286{color:var(--wpex-accent);}<\/style><h2 class=\"vcex-heading vcex-heading-plain vcex-module wpex-heading wpex-text-2xl wpex-text-center hts-title-line hts-title-line-center has-gradient vcex_69f5ec7203286\"><span class=\"vcex-heading-inner wpex-inline-block\">Formulaire de contact<\/span><\/h2>[vc_empty_space height=\u00a0\u00bb25px\u00a0\u00bb][vc_column_text]<div class=\"frm_forms  with_frm_style frm_style_formidable-style\" id=\"frm_form_3_container\" >\n<form enctype=\"multipart\/form-data\" method=\"post\" class=\"frm-show-form  frm_js_validate  frm_ajax_submit  frm_pro_form \" id=\"form_contact-form22\" >\n<div class=\"frm_form_fields \">\n<fieldset>\n<legend class=\"frm_screen_reader\">Contactez-nous<\/legend>\r\n\r\n<div class=\"frm_fields_container\">\n<input type=\"hidden\" name=\"frm_action\" value=\"create\" \/>\n<input type=\"hidden\" name=\"form_id\" value=\"3\" \/>\n<input type=\"hidden\" name=\"frm_hide_fields_3\" id=\"frm_hide_fields_3\" value=\"\" \/>\n<input type=\"hidden\" name=\"form_key\" value=\"contact-form22\" \/>\n<input type=\"hidden\" name=\"item_meta[0]\" value=\"\" \/>\n<input type=\"hidden\" id=\"frm_submit_entry_3\" name=\"frm_submit_entry_3\" value=\"bc491340d0\" \/><input type=\"hidden\" name=\"_wp_http_referer\" value=\"\/fr\/wp-json\/wp\/v2\/pages\/1095\" \/><div id=\"frm_field_13_container\" class=\"frm_form_field form-field  frm_required_field frm_top_container frm_first frm_half\">\r\n    <label for=\"field_qh4icy3\" id=\"field_qh4icy3_label\" class=\"frm_primary_label\">Pr\u00e9nom\r\n        <span class=\"frm_required\" aria-hidden=\"true\">*<\/span>\r\n    <\/label>\r\n    <input  type=\"text\" id=\"field_qh4icy3\" name=\"item_meta[13]\" value=\"\"  data-reqmsg=\"Ce champ ne peut \u00eatre vide.\" aria-required=\"true\" data-invmsg=\"Name is invalid\" aria-invalid=\"false\"   \/>\r\n    \r\n    \r\n<\/div>\n<div id=\"frm_field_14_container\" class=\"frm_form_field form-field  frm_required_field frm_top_container frm_half\">\r\n    <label for=\"field_ocfup13\" id=\"field_ocfup13_label\" class=\"frm_primary_label\">Nom\r\n        <span class=\"frm_required\" aria-hidden=\"true\">*<\/span>\r\n    <\/label>\r\n    <input  type=\"text\" id=\"field_ocfup13\" name=\"item_meta[14]\" value=\"\"  data-reqmsg=\"Ce champ ne peut \u00eatre vide.\" aria-required=\"true\" data-invmsg=\"Last is invalid\" aria-invalid=\"false\"   \/>\r\n    \r\n    \r\n<\/div>\n<div id=\"frm_field_15_container\" class=\"frm_form_field form-field  frm_required_field frm_top_container frm_first frm_half\">\r\n    <label for=\"field_29yf4d3\" id=\"field_29yf4d3_label\" class=\"frm_primary_label\">Email\r\n        <span class=\"frm_required\" aria-hidden=\"true\">*<\/span>\r\n    <\/label>\r\n    <input type=\"email\" id=\"field_29yf4d3\" name=\"item_meta[15]\" value=\"\"  data-reqmsg=\"Ce champ ne peut \u00eatre vide.\" aria-required=\"true\" data-invmsg=\"S&#039;il vous pla\u00eet, mettez une adresse email valide.\" aria-invalid=\"false\"  \/>\r\n    \r\n    \r\n<\/div>\n<div id=\"frm_field_16_container\" class=\"frm_form_field form-field  frm_required_field frm_top_container frm_half\">\r\n    <label for=\"field_rgyni3\" id=\"field_rgyni3_label\" class=\"frm_primary_label\">T\u00e9l\u00e9phone\r\n        <span class=\"frm_required\" aria-hidden=\"true\">*<\/span>\r\n    <\/label>\r\n    <input  type=\"text\" id=\"field_rgyni3\" name=\"item_meta[16]\" value=\"\"  data-reqmsg=\"Ce champ ne peut \u00eatre vide.\" aria-required=\"true\" data-invmsg=\"Text is invalid\" aria-invalid=\"false\"   \/>\r\n    \r\n    \r\n<\/div>\n<div id=\"frm_field_17_container\" class=\"frm_form_field form-field  frm_required_field frm_top_container frm_full\">\r\n    <label for=\"field_e6lis63\" id=\"field_e6lis63_label\" class=\"frm_primary_label\">Objet\r\n        <span class=\"frm_required\" aria-hidden=\"true\">*<\/span>\r\n    <\/label>\r\n    <input  type=\"text\" id=\"field_e6lis63\" name=\"item_meta[17]\" value=\"\"  data-reqmsg=\"Ce champ ne peut \u00eatre vide.\" aria-required=\"true\" data-invmsg=\"Subject is invalid\" aria-invalid=\"false\"   \/>\r\n    \r\n    \r\n<\/div>\n<div id=\"frm_field_18_container\" class=\"frm_form_field form-field  frm_required_field frm_top_container frm_full\">\r\n    <label for=\"field_9jv0r13\" id=\"field_9jv0r13_label\" class=\"frm_primary_label\">Message\r\n        <span class=\"frm_required\" aria-hidden=\"true\">*<\/span>\r\n    <\/label>\r\n    <textarea name=\"item_meta[18]\" id=\"field_9jv0r13\" rows=\"5\"  data-reqmsg=\"Ce champ ne peut \u00eatre vide.\" aria-required=\"true\" data-invmsg=\"Message est non valide\" aria-invalid=\"false\"  ><\/textarea>\r\n    \r\n    \r\n<\/div>\n\t<input type=\"hidden\" name=\"item_key\" value=\"\" \/>\n\t\t\t<div id=\"frm_field_19_container\">\n\t\t\t<label for=\"field_uevma\" >\n\t\t\t\tSi vous \u00eates un humain, ne remplissez pas ce champ.\t\t\t<\/label>\n\t\t\t<input  id=\"field_uevma\" type=\"text\" class=\"frm_form_field form-field frm_verify\" name=\"item_meta[19]\" value=\"\"  \/>\n\t\t<\/div>\n\t\t<input name=\"frm_state\" type=\"hidden\" value=\"RVAxzeOa870kcPcLpHw+kS4VOon9zFL3Xje5+Vgj5UW\/aNTVc2jLmvC4prNKOmMi\" \/><div class=\"frm_submit\">\r\n\r\n<button class=\"frm_button_submit frm_final_submit\" type=\"submit\"   formnovalidate=\"formnovalidate\">Envoyer<\/button>\r\n\r\n<\/div><\/div>\n<\/fieldset>\n<\/div>\n\n<\/form>\n<\/div>\n[\/vc_column_text][vc_column_text]<em style=\"font-size: 13px;\">N.B. : remplissez tous les champs marqu\u00e9s d&rsquo;un ast\u00e9risque.<\/em>[\/vc_column_text][\/vc_column][vc_column width=\u00a0\u00bb1\/6&Prime;][\/vc_column][\/vc_row][vc_row][vc_column][vc_empty_space height=\u00a0\u00bb20px\u00a0\u00bb][\/vc_column][\/vc_row][\/vc_section]\n<\/div>","protected":false},"excerpt":{"rendered":"<p>[vc_section][vc_row][vc_column][vc_empty_space height=\u00a0\u00bb15px\u00a0\u00bb][\/vc_column][\/vc_row][vc_row][vc_column width=\u00a0\u00bb1\/4&Prime;][vc_single_image image=\u00a0\u00bb334&Prime; el_class=\u00a0\u00bbflag-contact\u00a0\u00bb][vc_column_text el_class=\u00a0\u00bbtext-contact\u00a0\u00bb]Spanish Hydrocarburates TS SLU Calle Muntaner 240 pral. 2 08021 Barcelona Spain Tel: (+34) 93 202 0579[\/vc_column_text][\/vc_column][vc_column width=\u00a0\u00bb1\/4&Prime;][vc_single_image image=\u00a0\u00bb1410&Prime; el_class=\u00a0\u00bbflag-contact\u00a0\u00bb][vc_column_text el_class=\u00a0\u00bbtext-contact\u00a0\u00bb]Hydrocarburates TS Mexico Edificio German Centre Av. Santa Fe 170 Piso 4, oficina 4-2-12 Col. Santa Fe, \u00c1lvaro Obreg\u00f3n C.P. 01376, Ciudad de M\u00e9xico Tel: (+52) 5551612503 Tel: (+52) 5551612591&hellip;<\/p>\n","protected":false},"author":1,"featured_media":0,"parent":0,"menu_order":0,"comment_status":"closed","ping_status":"closed","template":"","meta":{"inline_featured_image":false,"footnotes":""},"class_list":["post-1095","page","type-page","status-publish","hentry","entry","no-media"],"yoast_head":"<!-- This site is optimized with the Yoast SEO plugin v26.4 - https:\/\/yoast.com\/wordpress\/plugins\/seo\/ -->\n<title>Contact - HTS Fuels<\/title>\n<meta name=\"robots\" content=\"index, follow, max-snippet:-1, max-image-preview:large, max-video-preview:-1\" \/>\n<link rel=\"canonical\" href=\"https:\/\/www.htsfuels.com\/fr\/contact\/\" \/>\n<meta property=\"og:locale\" content=\"fr_FR\" \/>\n<meta property=\"og:type\" content=\"article\" \/>\n<meta property=\"og:title\" content=\"Contact - HTS Fuels\" \/>\n<meta property=\"og:description\" content=\"[vc_section][vc_row][vc_column][vc_empty_space height=\u00a0\u00bb15px\u00a0\u00bb][\/vc_column][\/vc_row][vc_row][vc_column width=\u00a0\u00bb1\/4&Prime;][vc_single_image image=\u00a0\u00bb334&Prime; el_class=\u00a0\u00bbflag-contact\u00a0\u00bb][vc_column_text el_class=\u00a0\u00bbtext-contact\u00a0\u00bb]Spanish Hydrocarburates TS SLU Calle Muntaner 240 pral. 2 08021 Barcelona Spain Tel: (+34) 93 202 0579[\/vc_column_text][\/vc_column][vc_column width=\u00a0\u00bb1\/4&Prime;][vc_single_image image=\u00a0\u00bb1410&Prime; el_class=\u00a0\u00bbflag-contact\u00a0\u00bb][vc_column_text el_class=\u00a0\u00bbtext-contact\u00a0\u00bb]Hydrocarburates TS Mexico Edificio German Centre Av. Santa Fe 170 Piso 4, oficina 4-2-12 Col. Santa Fe, \u00c1lvaro Obreg\u00f3n C.P. 01376, Ciudad de M\u00e9xico Tel: (+52) 5551612503 Tel: (+52) 5551612591&hellip;\" \/>\n<meta property=\"og:url\" content=\"https:\/\/www.htsfuels.com\/fr\/contact\/\" \/>\n<meta property=\"og:site_name\" content=\"HTS Fuels\" \/>\n<meta property=\"article:modified_time\" content=\"2024-06-13T09:23:56+00:00\" \/>\n<meta name=\"twitter:card\" content=\"summary_large_image\" \/>\n<meta name=\"twitter:label1\" content=\"Dur\u00e9e de lecture estim\u00e9e\" \/>\n\t<meta name=\"twitter:data1\" content=\"1 minute\" \/>\n<script type=\"application\/ld+json\" class=\"yoast-schema-graph\">{\"@context\":\"https:\/\/schema.org\",\"@graph\":[{\"@type\":\"WebPage\",\"@id\":\"https:\/\/www.htsfuels.com\/fr\/contact\/\",\"url\":\"https:\/\/www.htsfuels.com\/fr\/contact\/\",\"name\":\"Contact - HTS Fuels\",\"isPartOf\":{\"@id\":\"https:\/\/www.htsfuels.com\/fr\/#website\"},\"datePublished\":\"2022-04-25T11:01:07+00:00\",\"dateModified\":\"2024-06-13T09:23:56+00:00\",\"breadcrumb\":{\"@id\":\"https:\/\/www.htsfuels.com\/fr\/contact\/#breadcrumb\"},\"inLanguage\":\"fr-FR\",\"potentialAction\":[{\"@type\":\"ReadAction\",\"target\":[\"https:\/\/www.htsfuels.com\/fr\/contact\/\"]}]},{\"@type\":\"BreadcrumbList\",\"@id\":\"https:\/\/www.htsfuels.com\/fr\/contact\/#breadcrumb\",\"itemListElement\":[{\"@type\":\"ListItem\",\"position\":1,\"name\":\"Accueil\",\"item\":\"https:\/\/www.htsfuels.com\/fr\/\"},{\"@type\":\"ListItem\",\"position\":2,\"name\":\"Contact\"}]},{\"@type\":\"WebSite\",\"@id\":\"https:\/\/www.htsfuels.com\/fr\/#website\",\"url\":\"https:\/\/www.htsfuels.com\/fr\/\",\"name\":\"HTS Fuels\",\"description\":\"Hydrocarburates trade services\",\"publisher\":{\"@id\":\"https:\/\/www.htsfuels.com\/fr\/#organization\"},\"potentialAction\":[{\"@type\":\"SearchAction\",\"target\":{\"@type\":\"EntryPoint\",\"urlTemplate\":\"https:\/\/www.htsfuels.com\/fr\/?s={search_term_string}\"},\"query-input\":{\"@type\":\"PropertyValueSpecification\",\"valueRequired\":true,\"valueName\":\"search_term_string\"}}],\"inLanguage\":\"fr-FR\"},{\"@type\":\"Organization\",\"@id\":\"https:\/\/www.htsfuels.com\/fr\/#organization\",\"name\":\"HTS Fuels\",\"url\":\"https:\/\/www.htsfuels.com\/fr\/\",\"logo\":{\"@type\":\"ImageObject\",\"inLanguage\":\"fr-FR\",\"@id\":\"https:\/\/www.htsfuels.com\/fr\/#\/schema\/logo\/image\/\",\"url\":\"https:\/\/www.htsfuels.com\/wp-content\/uploads\/2021\/06\/logo-hts.svg\",\"contentUrl\":\"https:\/\/www.htsfuels.com\/wp-content\/uploads\/2021\/06\/logo-hts.svg\",\"width\":100,\"height\":100,\"caption\":\"HTS Fuels\"},\"image\":{\"@id\":\"https:\/\/www.htsfuels.com\/fr\/#\/schema\/logo\/image\/\"}}]}<\/script>\n<!-- \/ Yoast SEO plugin. -->","yoast_head_json":{"title":"Contact - HTS Fuels","robots":{"index":"index","follow":"follow","max-snippet":"max-snippet:-1","max-image-preview":"max-image-preview:large","max-video-preview":"max-video-preview:-1"},"canonical":"https:\/\/www.htsfuels.com\/fr\/contact\/","og_locale":"fr_FR","og_type":"article","og_title":"Contact - HTS Fuels","og_description":"[vc_section][vc_row][vc_column][vc_empty_space height=\u00a0\u00bb15px\u00a0\u00bb][\/vc_column][\/vc_row][vc_row][vc_column width=\u00a0\u00bb1\/4&Prime;][vc_single_image image=\u00a0\u00bb334&Prime; el_class=\u00a0\u00bbflag-contact\u00a0\u00bb][vc_column_text el_class=\u00a0\u00bbtext-contact\u00a0\u00bb]Spanish Hydrocarburates TS SLU Calle Muntaner 240 pral. 2 08021 Barcelona Spain Tel: (+34) 93 202 0579[\/vc_column_text][\/vc_column][vc_column width=\u00a0\u00bb1\/4&Prime;][vc_single_image image=\u00a0\u00bb1410&Prime; el_class=\u00a0\u00bbflag-contact\u00a0\u00bb][vc_column_text el_class=\u00a0\u00bbtext-contact\u00a0\u00bb]Hydrocarburates TS Mexico Edificio German Centre Av. Santa Fe 170 Piso 4, oficina 4-2-12 Col. Santa Fe, \u00c1lvaro Obreg\u00f3n C.P. 01376, Ciudad de M\u00e9xico Tel: (+52) 5551612503 Tel: (+52) 5551612591&hellip;","og_url":"https:\/\/www.htsfuels.com\/fr\/contact\/","og_site_name":"HTS Fuels","article_modified_time":"2024-06-13T09:23:56+00:00","twitter_card":"summary_large_image","twitter_misc":{"Dur\u00e9e de lecture estim\u00e9e":"1 minute"},"schema":{"@context":"https:\/\/schema.org","@graph":[{"@type":"WebPage","@id":"https:\/\/www.htsfuels.com\/fr\/contact\/","url":"https:\/\/www.htsfuels.com\/fr\/contact\/","name":"Contact - HTS Fuels","isPartOf":{"@id":"https:\/\/www.htsfuels.com\/fr\/#website"},"datePublished":"2022-04-25T11:01:07+00:00","dateModified":"2024-06-13T09:23:56+00:00","breadcrumb":{"@id":"https:\/\/www.htsfuels.com\/fr\/contact\/#breadcrumb"},"inLanguage":"fr-FR","potentialAction":[{"@type":"ReadAction","target":["https:\/\/www.htsfuels.com\/fr\/contact\/"]}]},{"@type":"BreadcrumbList","@id":"https:\/\/www.htsfuels.com\/fr\/contact\/#breadcrumb","itemListElement":[{"@type":"ListItem","position":1,"name":"Accueil","item":"https:\/\/www.htsfuels.com\/fr\/"},{"@type":"ListItem","position":2,"name":"Contact"}]},{"@type":"WebSite","@id":"https:\/\/www.htsfuels.com\/fr\/#website","url":"https:\/\/www.htsfuels.com\/fr\/","name":"HTS Fuels","description":"Hydrocarburates trade services","publisher":{"@id":"https:\/\/www.htsfuels.com\/fr\/#organization"},"potentialAction":[{"@type":"SearchAction","target":{"@type":"EntryPoint","urlTemplate":"https:\/\/www.htsfuels.com\/fr\/?s={search_term_string}"},"query-input":{"@type":"PropertyValueSpecification","valueRequired":true,"valueName":"search_term_string"}}],"inLanguage":"fr-FR"},{"@type":"Organization","@id":"https:\/\/www.htsfuels.com\/fr\/#organization","name":"HTS Fuels","url":"https:\/\/www.htsfuels.com\/fr\/","logo":{"@type":"ImageObject","inLanguage":"fr-FR","@id":"https:\/\/www.htsfuels.com\/fr\/#\/schema\/logo\/image\/","url":"https:\/\/www.htsfuels.com\/wp-content\/uploads\/2021\/06\/logo-hts.svg","contentUrl":"https:\/\/www.htsfuels.com\/wp-content\/uploads\/2021\/06\/logo-hts.svg","width":100,"height":100,"caption":"HTS Fuels"},"image":{"@id":"https:\/\/www.htsfuels.com\/fr\/#\/schema\/logo\/image\/"}}]}},"_links":{"self":[{"href":"https:\/\/www.htsfuels.com\/fr\/wp-json\/wp\/v2\/pages\/1095","targetHints":{"allow":["GET"]}}],"collection":[{"href":"https:\/\/www.htsfuels.com\/fr\/wp-json\/wp\/v2\/pages"}],"about":[{"href":"https:\/\/www.htsfuels.com\/fr\/wp-json\/wp\/v2\/types\/page"}],"author":[{"embeddable":true,"href":"https:\/\/www.htsfuels.com\/fr\/wp-json\/wp\/v2\/users\/1"}],"replies":[{"embeddable":true,"href":"https:\/\/www.htsfuels.com\/fr\/wp-json\/wp\/v2\/comments?post=1095"}],"version-history":[{"count":0,"href":"https:\/\/www.htsfuels.com\/fr\/wp-json\/wp\/v2\/pages\/1095\/revisions"}],"wp:attachment":[{"href":"https:\/\/www.htsfuels.com\/fr\/wp-json\/wp\/v2\/media?parent=1095"}],"curies":[{"name":"wp","href":"https:\/\/api.w.org\/{rel}","templated":true}]}}