{"id":1232,"date":"2022-04-26T08:40:38","date_gmt":"2022-04-26T08:40:38","guid":{"rendered":"https:\/\/www.htsfuels.com\/?page_id=1232"},"modified":"2022-04-28T09:55:53","modified_gmt":"2022-04-28T09:55:53","slug":"services","status":"publish","type":"page","link":"https:\/\/www.htsfuels.com\/fr\/mexico\/services\/","title":{"rendered":"Services"},"content":{"rendered":"<div class=\"wpb-content-wrapper\">[vc_row css=\u00a0\u00bb.vc_custom_1648741073754{border-bottom-width: 50px !important;padding-top: 20px !important;}\u00a0\u00bb][vc_column]<style>.vcex-heading.vcex_69f754c889761{color:var(--wpex-accent);}<\/style><h2 class=\"vcex-heading vcex-heading-plain vcex-module wpex-heading wpex-text-2xl wpex-text-center hts-title-line hts-title-line-center has-gradient vcex_69f754c889761\"><span class=\"vcex-heading-inner wpex-inline-block\">Gestion de tous les services logistiques<\/span><\/h2>[vc_empty_space height=\u00a0\u00bb25px\u00a0\u00bb][vc_row_inner][vc_column_inner][vc_column_text text_align=\u00a0\u00bbcenter\u00a0\u00bb]L&rsquo;un de nos principaux atouts est la gestion int\u00e9grale des services logistiques : importation de mat\u00e9riel, gestion des formalit\u00e9s douani\u00e8res, op\u00e9rations portuaires, stockage et distribution locale. Avec plus de 15 ans d&rsquo;exp\u00e9rience, nous fournissons des conseils techniques \u00e0 nos clients pour trouver la solution \u00e9nerg\u00e9tique la plus performante pour eux.[\/vc_column_text][\/vc_column_inner][\/vc_row_inner][\/vc_column][\/vc_row][vc_row][vc_column]<div class=\"vcex-module vcex-post-type-grid-wrap wpex-clr\"><div class=\"wpex-row vcex-post-type-grid entries wpex-clr match-height-grid\"><div class=\"vcex-post-type-entry vcex-grid-item wpex-clr col span_1_of_3 textcenter col-1 entry post-1324 type-staff has-media\"><div class=\"vcex-post-type-entry-inner entry-inner wpex-first-mt-0 wpex-last-mb-0 wpex-clr wpex-shadow\"><div class=\"vcex-post-type-entry-media entry-media wpex-relative overlay-parent overlay-parent-title-category-hover overlay-h wpex-overflow-hidden overlay-ms\"><a href=\"https:\/\/www.htsfuels.com\/fr\/service\/transport-terrestre\/\" title=\"Transport terrestre\"><img width=\"600\" height=\"400\" src=\"https:\/\/www.htsfuels.com\/wp-content\/uploads\/2021\/06\/Inland-transport.jpg\" class=\"vcex-blog-entry-img wpex-align-middle\" alt=\"\" loading=\"lazy\" decoding=\"async\" srcset=\"https:\/\/www.htsfuels.com\/wp-content\/uploads\/2021\/06\/Inland-transport.jpg 600w, https:\/\/www.htsfuels.com\/wp-content\/uploads\/2021\/06\/Inland-transport-300x200.jpg 300w\" sizes=\"auto, (max-width: 600px) 100vw, 600px\" \/>\n<div class=\"overlay-title-category-hover overlay-hide theme-overlay wpex-absolute wpex-inset-0 wpex-transition-all wpex-duration-300 wpex-overflow-hidden wpex-flex wpex-items-center wpex-justify-center wpex-text-center\">\n\t<div class=\"overlay-bg wpex-bg-black wpex-absolute wpex-inset-0 wpex-opacity-60\"><\/div>\n\t<div class=\"overlay-content overlay-scale wpex-relative wpex-text-white wpex-p-15 wpex-duration-300 wpex-transition-transform wpex-clr\">\n\t\t<div class=\"overlay-title wpex-text-lg\">Transport terrestre<\/div>\n\t\t\t<\/div>\n<\/div>\n<\/a><\/div><\/div><\/div><div class=\"vcex-post-type-entry vcex-grid-item wpex-clr col span_1_of_3 textcenter col-2 entry post-1321 type-staff has-media\"><div class=\"vcex-post-type-entry-inner entry-inner wpex-first-mt-0 wpex-last-mb-0 wpex-clr wpex-shadow\"><div class=\"vcex-post-type-entry-media entry-media wpex-relative overlay-parent overlay-parent-title-category-hover overlay-h wpex-overflow-hidden overlay-ms\"><a href=\"https:\/\/www.htsfuels.com\/fr\/service\/operations-portuaires\/\" title=\"Op\u00e9rations portuaires\"><img width=\"600\" height=\"400\" src=\"https:\/\/www.htsfuels.com\/wp-content\/uploads\/2021\/06\/Port-operations.jpg\" class=\"vcex-blog-entry-img wpex-align-middle\" alt=\"\" loading=\"lazy\" decoding=\"async\" srcset=\"https:\/\/www.htsfuels.com\/wp-content\/uploads\/2021\/06\/Port-operations.jpg 600w, https:\/\/www.htsfuels.com\/wp-content\/uploads\/2021\/06\/Port-operations-300x200.jpg 300w\" sizes=\"auto, (max-width: 600px) 100vw, 600px\" \/>\n<div class=\"overlay-title-category-hover overlay-hide theme-overlay wpex-absolute wpex-inset-0 wpex-transition-all wpex-duration-300 wpex-overflow-hidden wpex-flex wpex-items-center wpex-justify-center wpex-text-center\">\n\t<div class=\"overlay-bg wpex-bg-black wpex-absolute wpex-inset-0 wpex-opacity-60\"><\/div>\n\t<div class=\"overlay-content overlay-scale wpex-relative wpex-text-white wpex-p-15 wpex-duration-300 wpex-transition-transform wpex-clr\">\n\t\t<div class=\"overlay-title wpex-text-lg\">Op\u00e9rations portuaires<\/div>\n\t\t\t<\/div>\n<\/div>\n<\/a><\/div><\/div><\/div><div class=\"vcex-post-type-entry vcex-grid-item wpex-clr col span_1_of_3 textcenter col-3 entry post-1203 type-staff has-media\"><div class=\"vcex-post-type-entry-inner entry-inner wpex-first-mt-0 wpex-last-mb-0 wpex-clr wpex-shadow\"><div class=\"vcex-post-type-entry-media entry-media wpex-relative overlay-parent overlay-parent-title-category-hover overlay-h wpex-overflow-hidden overlay-ms\"><a href=\"https:\/\/www.htsfuels.com\/fr\/service\/fret-maritime\/\" title=\"Fret maritime\"><img width=\"600\" height=\"400\" src=\"https:\/\/www.htsfuels.com\/wp-content\/uploads\/2021\/01\/Ocean-Freight-SERVICE-01.jpg\" class=\"vcex-blog-entry-img wpex-align-middle\" alt=\"\" loading=\"lazy\" decoding=\"async\" srcset=\"https:\/\/www.htsfuels.com\/wp-content\/uploads\/2021\/01\/Ocean-Freight-SERVICE-01.jpg 600w, https:\/\/www.htsfuels.com\/wp-content\/uploads\/2021\/01\/Ocean-Freight-SERVICE-01-300x200.jpg 300w\" sizes=\"auto, (max-width: 600px) 100vw, 600px\" \/>\n<div class=\"overlay-title-category-hover overlay-hide theme-overlay wpex-absolute wpex-inset-0 wpex-transition-all wpex-duration-300 wpex-overflow-hidden wpex-flex wpex-items-center wpex-justify-center wpex-text-center\">\n\t<div class=\"overlay-bg wpex-bg-black wpex-absolute wpex-inset-0 wpex-opacity-60\"><\/div>\n\t<div class=\"overlay-content overlay-scale wpex-relative wpex-text-white wpex-p-15 wpex-duration-300 wpex-transition-transform wpex-clr\">\n\t\t<div class=\"overlay-title wpex-text-lg\">Fret maritime<\/div>\n\t\t\t<\/div>\n<\/div>\n<\/a><\/div><\/div><\/div><div class=\"vcex-post-type-entry vcex-grid-item wpex-clr col span_1_of_3 textcenter col-1 entry post-1178 type-staff has-media\"><div class=\"vcex-post-type-entry-inner entry-inner wpex-first-mt-0 wpex-last-mb-0 wpex-clr wpex-shadow\"><div class=\"vcex-post-type-entry-media entry-media wpex-relative overlay-parent overlay-parent-title-category-hover overlay-h wpex-overflow-hidden overlay-ms\"><a href=\"https:\/\/www.htsfuels.com\/fr\/service\/stockage\/\" title=\"Stockage\"><img width=\"600\" height=\"400\" src=\"https:\/\/www.htsfuels.com\/wp-content\/uploads\/2021\/06\/Almacen-Storage.jpg\" class=\"vcex-blog-entry-img wpex-align-middle\" alt=\"\" loading=\"lazy\" decoding=\"async\" srcset=\"https:\/\/www.htsfuels.com\/wp-content\/uploads\/2021\/06\/Almacen-Storage.jpg 600w, https:\/\/www.htsfuels.com\/wp-content\/uploads\/2021\/06\/Almacen-Storage-300x200.jpg 300w\" sizes=\"auto, (max-width: 600px) 100vw, 600px\" \/>\n<div class=\"overlay-title-category-hover overlay-hide theme-overlay wpex-absolute wpex-inset-0 wpex-transition-all wpex-duration-300 wpex-overflow-hidden wpex-flex wpex-items-center wpex-justify-center wpex-text-center\">\n\t<div class=\"overlay-bg wpex-bg-black wpex-absolute wpex-inset-0 wpex-opacity-60\"><\/div>\n\t<div class=\"overlay-content overlay-scale wpex-relative wpex-text-white wpex-p-15 wpex-duration-300 wpex-transition-transform wpex-clr\">\n\t\t<div class=\"overlay-title wpex-text-lg\">Stockage<\/div>\n\t\t\t<\/div>\n<\/div>\n<\/a><\/div><\/div><\/div><div class=\"vcex-post-type-entry vcex-grid-item wpex-clr col span_1_of_3 textcenter col-2 entry post-1159 type-staff has-media\"><div class=\"vcex-post-type-entry-inner entry-inner wpex-first-mt-0 wpex-last-mb-0 wpex-clr wpex-shadow\"><div class=\"vcex-post-type-entry-media entry-media wpex-relative overlay-parent overlay-parent-title-category-hover overlay-h wpex-overflow-hidden overlay-ms\"><a href=\"https:\/\/www.htsfuels.com\/fr\/service\/conseils\/\" title=\"Conseils\"><img width=\"600\" height=\"400\" src=\"https:\/\/www.htsfuels.com\/wp-content\/uploads\/2021\/06\/Advice.jpg\" class=\"vcex-blog-entry-img wpex-align-middle\" alt=\"\" loading=\"lazy\" decoding=\"async\" srcset=\"https:\/\/www.htsfuels.com\/wp-content\/uploads\/2021\/06\/Advice.jpg 600w, https:\/\/www.htsfuels.com\/wp-content\/uploads\/2021\/06\/Advice-300x200.jpg 300w\" sizes=\"auto, (max-width: 600px) 100vw, 600px\" \/>\n<div class=\"overlay-title-category-hover overlay-hide theme-overlay wpex-absolute wpex-inset-0 wpex-transition-all wpex-duration-300 wpex-overflow-hidden wpex-flex wpex-items-center wpex-justify-center wpex-text-center\">\n\t<div class=\"overlay-bg wpex-bg-black wpex-absolute wpex-inset-0 wpex-opacity-60\"><\/div>\n\t<div class=\"overlay-content overlay-scale wpex-relative wpex-text-white wpex-p-15 wpex-duration-300 wpex-transition-transform wpex-clr\">\n\t\t<div class=\"overlay-title wpex-text-lg\">Conseils<\/div>\n\t\t\t<\/div>\n<\/div>\n<\/a><\/div><\/div><\/div><\/div><\/div>[\/vc_column][\/vc_row]\n<\/div>","protected":false},"excerpt":{"rendered":"<p>[vc_row css=\u00a0\u00bb.vc_custom_1648741073754{border-bottom-width: 50px !important;padding-top: 20px !important;}\u00a0\u00bb][vc_column][vc_empty_space height=\u00a0\u00bb25px\u00a0\u00bb][vc_row_inner][vc_column_inner][vc_column_text text_align=\u00a0\u00bbcenter\u00a0\u00bb]L&rsquo;un de nos principaux atouts est la gestion int\u00e9grale des services logistiques : importation de mat\u00e9riel, gestion des formalit\u00e9s douani\u00e8res, op\u00e9rations portuaires, stockage et distribution locale. Avec plus de 15 ans d&rsquo;exp\u00e9rience, nous fournissons des conseils techniques \u00e0 nos clients pour trouver la solution \u00e9nerg\u00e9tique la plus performante&hellip;<\/p>\n","protected":false},"author":1,"featured_media":0,"parent":1043,"menu_order":0,"comment_status":"closed","ping_status":"closed","template":"","meta":{"inline_featured_image":false,"footnotes":""},"class_list":["post-1232","page","type-page","status-publish","hentry","entry","has-media"],"yoast_head":"<!-- This site is optimized with the Yoast SEO plugin v26.4 - https:\/\/yoast.com\/wordpress\/plugins\/seo\/ -->\n<title>Services - HTS Fuels<\/title>\n<meta name=\"robots\" content=\"index, follow, max-snippet:-1, max-image-preview:large, max-video-preview:-1\" \/>\n<link rel=\"canonical\" href=\"https:\/\/www.htsfuels.com\/fr\/mexico\/services\/\" \/>\n<meta property=\"og:locale\" content=\"fr_FR\" \/>\n<meta property=\"og:type\" content=\"article\" \/>\n<meta property=\"og:title\" content=\"Services - HTS Fuels\" \/>\n<meta property=\"og:description\" content=\"[vc_row css=\u00a0\u00bb.vc_custom_1648741073754{border-bottom-width: 50px !important;padding-top: 20px !important;}\u00a0\u00bb][vc_column][vc_empty_space height=\u00a0\u00bb25px\u00a0\u00bb][vc_row_inner][vc_column_inner][vc_column_text text_align=\u00a0\u00bbcenter\u00a0\u00bb]L&rsquo;un de nos principaux atouts est la gestion int\u00e9grale des services logistiques : importation de mat\u00e9riel, gestion des formalit\u00e9s douani\u00e8res, op\u00e9rations portuaires, stockage et distribution locale. Avec plus de 15 ans d&rsquo;exp\u00e9rience, nous fournissons des conseils techniques \u00e0 nos clients pour trouver la solution \u00e9nerg\u00e9tique la plus performante&hellip;\" \/>\n<meta property=\"og:url\" content=\"https:\/\/www.htsfuels.com\/fr\/mexico\/services\/\" \/>\n<meta property=\"og:site_name\" content=\"HTS Fuels\" \/>\n<meta property=\"article:modified_time\" content=\"2022-04-28T09:55:53+00:00\" \/>\n<meta name=\"twitter:card\" content=\"summary_large_image\" \/>\n<meta name=\"twitter:label1\" content=\"Dur\u00e9e de lecture estim\u00e9e\" \/>\n\t<meta name=\"twitter:data1\" content=\"1 minute\" \/>\n<script type=\"application\/ld+json\" class=\"yoast-schema-graph\">{\"@context\":\"https:\/\/schema.org\",\"@graph\":[{\"@type\":\"WebPage\",\"@id\":\"https:\/\/www.htsfuels.com\/fr\/mexico\/services\/\",\"url\":\"https:\/\/www.htsfuels.com\/fr\/mexico\/services\/\",\"name\":\"Services - HTS Fuels\",\"isPartOf\":{\"@id\":\"https:\/\/www.htsfuels.com\/fr\/#website\"},\"datePublished\":\"2022-04-26T08:40:38+00:00\",\"dateModified\":\"2022-04-28T09:55:53+00:00\",\"breadcrumb\":{\"@id\":\"https:\/\/www.htsfuels.com\/fr\/mexico\/services\/#breadcrumb\"},\"inLanguage\":\"fr-FR\",\"potentialAction\":[{\"@type\":\"ReadAction\",\"target\":[\"https:\/\/www.htsfuels.com\/fr\/mexico\/services\/\"]}]},{\"@type\":\"BreadcrumbList\",\"@id\":\"https:\/\/www.htsfuels.com\/fr\/mexico\/services\/#breadcrumb\",\"itemListElement\":[{\"@type\":\"ListItem\",\"position\":1,\"name\":\"Accueil\",\"item\":\"https:\/\/www.htsfuels.com\/fr\/\"},{\"@type\":\"ListItem\",\"position\":2,\"name\":\"Mexique\",\"item\":\"https:\/\/www.htsfuels.com\/fr\/mexico\/\"},{\"@type\":\"ListItem\",\"position\":3,\"name\":\"Services\"}]},{\"@type\":\"WebSite\",\"@id\":\"https:\/\/www.htsfuels.com\/fr\/#website\",\"url\":\"https:\/\/www.htsfuels.com\/fr\/\",\"name\":\"HTS Fuels\",\"description\":\"Hydrocarburates trade services\",\"publisher\":{\"@id\":\"https:\/\/www.htsfuels.com\/fr\/#organization\"},\"potentialAction\":[{\"@type\":\"SearchAction\",\"target\":{\"@type\":\"EntryPoint\",\"urlTemplate\":\"https:\/\/www.htsfuels.com\/fr\/?s={search_term_string}\"},\"query-input\":{\"@type\":\"PropertyValueSpecification\",\"valueRequired\":true,\"valueName\":\"search_term_string\"}}],\"inLanguage\":\"fr-FR\"},{\"@type\":\"Organization\",\"@id\":\"https:\/\/www.htsfuels.com\/fr\/#organization\",\"name\":\"HTS Fuels\",\"url\":\"https:\/\/www.htsfuels.com\/fr\/\",\"logo\":{\"@type\":\"ImageObject\",\"inLanguage\":\"fr-FR\",\"@id\":\"https:\/\/www.htsfuels.com\/fr\/#\/schema\/logo\/image\/\",\"url\":\"https:\/\/www.htsfuels.com\/wp-content\/uploads\/2021\/06\/logo-hts.svg\",\"contentUrl\":\"https:\/\/www.htsfuels.com\/wp-content\/uploads\/2021\/06\/logo-hts.svg\",\"width\":100,\"height\":100,\"caption\":\"HTS Fuels\"},\"image\":{\"@id\":\"https:\/\/www.htsfuels.com\/fr\/#\/schema\/logo\/image\/\"}}]}<\/script>\n<!-- \/ Yoast SEO plugin. -->","yoast_head_json":{"title":"Services - HTS Fuels","robots":{"index":"index","follow":"follow","max-snippet":"max-snippet:-1","max-image-preview":"max-image-preview:large","max-video-preview":"max-video-preview:-1"},"canonical":"https:\/\/www.htsfuels.com\/fr\/mexico\/services\/","og_locale":"fr_FR","og_type":"article","og_title":"Services - HTS Fuels","og_description":"[vc_row css=\u00a0\u00bb.vc_custom_1648741073754{border-bottom-width: 50px !important;padding-top: 20px !important;}\u00a0\u00bb][vc_column][vc_empty_space height=\u00a0\u00bb25px\u00a0\u00bb][vc_row_inner][vc_column_inner][vc_column_text text_align=\u00a0\u00bbcenter\u00a0\u00bb]L&rsquo;un de nos principaux atouts est la gestion int\u00e9grale des services logistiques : importation de mat\u00e9riel, gestion des formalit\u00e9s douani\u00e8res, op\u00e9rations portuaires, stockage et distribution locale. Avec plus de 15 ans d&rsquo;exp\u00e9rience, nous fournissons des conseils techniques \u00e0 nos clients pour trouver la solution \u00e9nerg\u00e9tique la plus performante&hellip;","og_url":"https:\/\/www.htsfuels.com\/fr\/mexico\/services\/","og_site_name":"HTS Fuels","article_modified_time":"2022-04-28T09:55:53+00:00","twitter_card":"summary_large_image","twitter_misc":{"Dur\u00e9e de lecture estim\u00e9e":"1 minute"},"schema":{"@context":"https:\/\/schema.org","@graph":[{"@type":"WebPage","@id":"https:\/\/www.htsfuels.com\/fr\/mexico\/services\/","url":"https:\/\/www.htsfuels.com\/fr\/mexico\/services\/","name":"Services - HTS Fuels","isPartOf":{"@id":"https:\/\/www.htsfuels.com\/fr\/#website"},"datePublished":"2022-04-26T08:40:38+00:00","dateModified":"2022-04-28T09:55:53+00:00","breadcrumb":{"@id":"https:\/\/www.htsfuels.com\/fr\/mexico\/services\/#breadcrumb"},"inLanguage":"fr-FR","potentialAction":[{"@type":"ReadAction","target":["https:\/\/www.htsfuels.com\/fr\/mexico\/services\/"]}]},{"@type":"BreadcrumbList","@id":"https:\/\/www.htsfuels.com\/fr\/mexico\/services\/#breadcrumb","itemListElement":[{"@type":"ListItem","position":1,"name":"Accueil","item":"https:\/\/www.htsfuels.com\/fr\/"},{"@type":"ListItem","position":2,"name":"Mexique","item":"https:\/\/www.htsfuels.com\/fr\/mexico\/"},{"@type":"ListItem","position":3,"name":"Services"}]},{"@type":"WebSite","@id":"https:\/\/www.htsfuels.com\/fr\/#website","url":"https:\/\/www.htsfuels.com\/fr\/","name":"HTS Fuels","description":"Hydrocarburates trade services","publisher":{"@id":"https:\/\/www.htsfuels.com\/fr\/#organization"},"potentialAction":[{"@type":"SearchAction","target":{"@type":"EntryPoint","urlTemplate":"https:\/\/www.htsfuels.com\/fr\/?s={search_term_string}"},"query-input":{"@type":"PropertyValueSpecification","valueRequired":true,"valueName":"search_term_string"}}],"inLanguage":"fr-FR"},{"@type":"Organization","@id":"https:\/\/www.htsfuels.com\/fr\/#organization","name":"HTS Fuels","url":"https:\/\/www.htsfuels.com\/fr\/","logo":{"@type":"ImageObject","inLanguage":"fr-FR","@id":"https:\/\/www.htsfuels.com\/fr\/#\/schema\/logo\/image\/","url":"https:\/\/www.htsfuels.com\/wp-content\/uploads\/2021\/06\/logo-hts.svg","contentUrl":"https:\/\/www.htsfuels.com\/wp-content\/uploads\/2021\/06\/logo-hts.svg","width":100,"height":100,"caption":"HTS Fuels"},"image":{"@id":"https:\/\/www.htsfuels.com\/fr\/#\/schema\/logo\/image\/"}}]}},"_links":{"self":[{"href":"https:\/\/www.htsfuels.com\/fr\/wp-json\/wp\/v2\/pages\/1232","targetHints":{"allow":["GET"]}}],"collection":[{"href":"https:\/\/www.htsfuels.com\/fr\/wp-json\/wp\/v2\/pages"}],"about":[{"href":"https:\/\/www.htsfuels.com\/fr\/wp-json\/wp\/v2\/types\/page"}],"author":[{"embeddable":true,"href":"https:\/\/www.htsfuels.com\/fr\/wp-json\/wp\/v2\/users\/1"}],"replies":[{"embeddable":true,"href":"https:\/\/www.htsfuels.com\/fr\/wp-json\/wp\/v2\/comments?post=1232"}],"version-history":[{"count":0,"href":"https:\/\/www.htsfuels.com\/fr\/wp-json\/wp\/v2\/pages\/1232\/revisions"}],"up":[{"embeddable":true,"href":"https:\/\/www.htsfuels.com\/fr\/wp-json\/wp\/v2\/pages\/1043"}],"wp:attachment":[{"href":"https:\/\/www.htsfuels.com\/fr\/wp-json\/wp\/v2\/media?parent=1232"}],"curies":[{"name":"wp","href":"https:\/\/api.w.org\/{rel}","templated":true}]}}