{"id":1249,"date":"2022-04-26T08:54:31","date_gmt":"2022-04-26T08:54:31","guid":{"rendered":"https:\/\/www.htsfuels.com\/?page_id=1249"},"modified":"2022-04-26T09:00:14","modified_gmt":"2022-04-26T09:00:14","slug":"notre-mission","status":"publish","type":"page","link":"https:\/\/www.htsfuels.com\/fr\/notre-mission\/","title":{"rendered":"Notre mission"},"content":{"rendered":"<div class=\"wpb-content-wrapper\">[vc_row][vc_column]<h2 class=\"vcex-heading vcex-heading-plain vcex-module wpex-heading wpex-text-2xl wpex-text-center hts-title-line hts-title-line-center has-gradient\"><span class=\"vcex-heading-inner wpex-inline-block\">Quel est notre but<\/span><\/h2><div class=\"vcex-spacing wpex-w-100 wpex-clear\" style=\"height:10px;\"><\/div>[\/vc_column][\/vc_row][vc_row content_placement=\u00a0\u00bbmiddle\u00a0\u00bb][vc_column width=\u00a0\u00bb2\/3&Prime;][vc_column_text]Notre objectif est de diriger le march\u00e9 industriel des min\u00e9raux en apportant am\u00e9lioration et efficacit\u00e9 \u00e0 nos clients, ainsi qu&rsquo;au bien-\u00eatre et \u00e0 la s\u00e9curit\u00e9 de nos employ\u00e9s. Fiers de d\u00e9velopper l&rsquo;industrie au Mexique et au Maroc, offrant int\u00e9gration, flexibilit\u00e9 et conseils techniques \u00e0 nos clients.<\/p>\n<ul>\n<li><strong>Notre \u00e9quipe<\/strong>: Nous avons de l&rsquo;exp\u00e9rience dans l&rsquo;industrie de l&rsquo;acier, de la m\u00e9tallurgie et du b\u00e9ton avec plus de 50 ans d&rsquo;aide et de d\u00e9veloppement des usines.<\/li>\n<li><strong>Notre vision<\/strong>: Nous avons assur\u00e9 la fiabilit\u00e9 de la cha\u00eene d&rsquo;approvisionnement, la qualit\u00e9 et le service et la flexibilit\u00e9 des conditions de vente.<\/li>\n<li><strong>Mat\u00e9riaux<\/strong>: Il y a un engagement \u00e0 avoir un programme de qualit\u00e9, avec d&rsquo;excellentes conditions de stockage, des exigences d&rsquo;achat et notre processus de production est v\u00e9rifi\u00e9 et audit\u00e9 par une soci\u00e9t\u00e9 externe.<\/li>\n<\/ul>\n[\/vc_column_text][\/vc_column][vc_column width=\u00a0\u00bb1\/3&Prime;][vc_single_image image=\u00a0\u00bb387&Prime;][\/vc_column][\/vc_row]\n<\/div>","protected":false},"excerpt":{"rendered":"<p>[vc_row][vc_column][\/vc_column][\/vc_row][vc_row content_placement=\u00a0\u00bbmiddle\u00a0\u00bb][vc_column width=\u00a0\u00bb2\/3&Prime;][vc_column_text]Notre objectif est de diriger le march\u00e9 industriel des min\u00e9raux en apportant am\u00e9lioration et efficacit\u00e9 \u00e0 nos clients, ainsi qu&rsquo;au bien-\u00eatre et \u00e0 la s\u00e9curit\u00e9 de nos employ\u00e9s. Fiers de d\u00e9velopper l&rsquo;industrie au Mexique et au Maroc, offrant int\u00e9gration, flexibilit\u00e9 et conseils techniques \u00e0 nos clients. Notre \u00e9quipe: Nous avons de l&rsquo;exp\u00e9rience dans&hellip;<\/p>\n","protected":false},"author":1,"featured_media":0,"parent":0,"menu_order":0,"comment_status":"closed","ping_status":"closed","template":"","meta":{"inline_featured_image":false,"footnotes":""},"class_list":["post-1249","page","type-page","status-publish","hentry","entry","no-media"],"yoast_head":"<!-- This site is optimized with the Yoast SEO plugin v26.4 - https:\/\/yoast.com\/wordpress\/plugins\/seo\/ -->\n<title>Notre mission - HTS Fuels<\/title>\n<meta name=\"robots\" content=\"index, follow, max-snippet:-1, max-image-preview:large, max-video-preview:-1\" \/>\n<link rel=\"canonical\" href=\"https:\/\/www.htsfuels.com\/fr\/notre-mission\/\" \/>\n<meta property=\"og:locale\" content=\"fr_FR\" \/>\n<meta property=\"og:type\" content=\"article\" \/>\n<meta property=\"og:title\" content=\"Notre mission - HTS Fuels\" \/>\n<meta property=\"og:description\" content=\"[vc_row][vc_column][\/vc_column][\/vc_row][vc_row content_placement=\u00a0\u00bbmiddle\u00a0\u00bb][vc_column width=\u00a0\u00bb2\/3&Prime;][vc_column_text]Notre objectif est de diriger le march\u00e9 industriel des min\u00e9raux en apportant am\u00e9lioration et efficacit\u00e9 \u00e0 nos clients, ainsi qu&rsquo;au bien-\u00eatre et \u00e0 la s\u00e9curit\u00e9 de nos employ\u00e9s. Fiers de d\u00e9velopper l&rsquo;industrie au Mexique et au Maroc, offrant int\u00e9gration, flexibilit\u00e9 et conseils techniques \u00e0 nos clients. Notre \u00e9quipe: Nous avons de l&rsquo;exp\u00e9rience dans&hellip;\" \/>\n<meta property=\"og:url\" content=\"https:\/\/www.htsfuels.com\/fr\/notre-mission\/\" \/>\n<meta property=\"og:site_name\" content=\"HTS Fuels\" \/>\n<meta property=\"article:modified_time\" content=\"2022-04-26T09:00:14+00:00\" \/>\n<meta name=\"twitter:card\" content=\"summary_large_image\" \/>\n<meta name=\"twitter:label1\" content=\"Dur\u00e9e de lecture estim\u00e9e\" \/>\n\t<meta name=\"twitter:data1\" content=\"1 minute\" \/>\n<script type=\"application\/ld+json\" class=\"yoast-schema-graph\">{\"@context\":\"https:\/\/schema.org\",\"@graph\":[{\"@type\":\"WebPage\",\"@id\":\"https:\/\/www.htsfuels.com\/fr\/notre-mission\/\",\"url\":\"https:\/\/www.htsfuels.com\/fr\/notre-mission\/\",\"name\":\"Notre mission - HTS Fuels\",\"isPartOf\":{\"@id\":\"https:\/\/www.htsfuels.com\/fr\/#website\"},\"datePublished\":\"2022-04-26T08:54:31+00:00\",\"dateModified\":\"2022-04-26T09:00:14+00:00\",\"breadcrumb\":{\"@id\":\"https:\/\/www.htsfuels.com\/fr\/notre-mission\/#breadcrumb\"},\"inLanguage\":\"fr-FR\",\"potentialAction\":[{\"@type\":\"ReadAction\",\"target\":[\"https:\/\/www.htsfuels.com\/fr\/notre-mission\/\"]}]},{\"@type\":\"BreadcrumbList\",\"@id\":\"https:\/\/www.htsfuels.com\/fr\/notre-mission\/#breadcrumb\",\"itemListElement\":[{\"@type\":\"ListItem\",\"position\":1,\"name\":\"Accueil\",\"item\":\"https:\/\/www.htsfuels.com\/fr\/\"},{\"@type\":\"ListItem\",\"position\":2,\"name\":\"Notre mission\"}]},{\"@type\":\"WebSite\",\"@id\":\"https:\/\/www.htsfuels.com\/fr\/#website\",\"url\":\"https:\/\/www.htsfuels.com\/fr\/\",\"name\":\"HTS Fuels\",\"description\":\"Hydrocarburates trade services\",\"publisher\":{\"@id\":\"https:\/\/www.htsfuels.com\/fr\/#organization\"},\"potentialAction\":[{\"@type\":\"SearchAction\",\"target\":{\"@type\":\"EntryPoint\",\"urlTemplate\":\"https:\/\/www.htsfuels.com\/fr\/?s={search_term_string}\"},\"query-input\":{\"@type\":\"PropertyValueSpecification\",\"valueRequired\":true,\"valueName\":\"search_term_string\"}}],\"inLanguage\":\"fr-FR\"},{\"@type\":\"Organization\",\"@id\":\"https:\/\/www.htsfuels.com\/fr\/#organization\",\"name\":\"HTS Fuels\",\"url\":\"https:\/\/www.htsfuels.com\/fr\/\",\"logo\":{\"@type\":\"ImageObject\",\"inLanguage\":\"fr-FR\",\"@id\":\"https:\/\/www.htsfuels.com\/fr\/#\/schema\/logo\/image\/\",\"url\":\"https:\/\/www.htsfuels.com\/wp-content\/uploads\/2021\/06\/logo-hts.svg\",\"contentUrl\":\"https:\/\/www.htsfuels.com\/wp-content\/uploads\/2021\/06\/logo-hts.svg\",\"width\":100,\"height\":100,\"caption\":\"HTS Fuels\"},\"image\":{\"@id\":\"https:\/\/www.htsfuels.com\/fr\/#\/schema\/logo\/image\/\"}}]}<\/script>\n<!-- \/ Yoast SEO plugin. -->","yoast_head_json":{"title":"Notre mission - HTS Fuels","robots":{"index":"index","follow":"follow","max-snippet":"max-snippet:-1","max-image-preview":"max-image-preview:large","max-video-preview":"max-video-preview:-1"},"canonical":"https:\/\/www.htsfuels.com\/fr\/notre-mission\/","og_locale":"fr_FR","og_type":"article","og_title":"Notre mission - HTS Fuels","og_description":"[vc_row][vc_column][\/vc_column][\/vc_row][vc_row content_placement=\u00a0\u00bbmiddle\u00a0\u00bb][vc_column width=\u00a0\u00bb2\/3&Prime;][vc_column_text]Notre objectif est de diriger le march\u00e9 industriel des min\u00e9raux en apportant am\u00e9lioration et efficacit\u00e9 \u00e0 nos clients, ainsi qu&rsquo;au bien-\u00eatre et \u00e0 la s\u00e9curit\u00e9 de nos employ\u00e9s. Fiers de d\u00e9velopper l&rsquo;industrie au Mexique et au Maroc, offrant int\u00e9gration, flexibilit\u00e9 et conseils techniques \u00e0 nos clients. Notre \u00e9quipe: Nous avons de l&rsquo;exp\u00e9rience dans&hellip;","og_url":"https:\/\/www.htsfuels.com\/fr\/notre-mission\/","og_site_name":"HTS Fuels","article_modified_time":"2022-04-26T09:00:14+00:00","twitter_card":"summary_large_image","twitter_misc":{"Dur\u00e9e de lecture estim\u00e9e":"1 minute"},"schema":{"@context":"https:\/\/schema.org","@graph":[{"@type":"WebPage","@id":"https:\/\/www.htsfuels.com\/fr\/notre-mission\/","url":"https:\/\/www.htsfuels.com\/fr\/notre-mission\/","name":"Notre mission - HTS Fuels","isPartOf":{"@id":"https:\/\/www.htsfuels.com\/fr\/#website"},"datePublished":"2022-04-26T08:54:31+00:00","dateModified":"2022-04-26T09:00:14+00:00","breadcrumb":{"@id":"https:\/\/www.htsfuels.com\/fr\/notre-mission\/#breadcrumb"},"inLanguage":"fr-FR","potentialAction":[{"@type":"ReadAction","target":["https:\/\/www.htsfuels.com\/fr\/notre-mission\/"]}]},{"@type":"BreadcrumbList","@id":"https:\/\/www.htsfuels.com\/fr\/notre-mission\/#breadcrumb","itemListElement":[{"@type":"ListItem","position":1,"name":"Accueil","item":"https:\/\/www.htsfuels.com\/fr\/"},{"@type":"ListItem","position":2,"name":"Notre mission"}]},{"@type":"WebSite","@id":"https:\/\/www.htsfuels.com\/fr\/#website","url":"https:\/\/www.htsfuels.com\/fr\/","name":"HTS Fuels","description":"Hydrocarburates trade services","publisher":{"@id":"https:\/\/www.htsfuels.com\/fr\/#organization"},"potentialAction":[{"@type":"SearchAction","target":{"@type":"EntryPoint","urlTemplate":"https:\/\/www.htsfuels.com\/fr\/?s={search_term_string}"},"query-input":{"@type":"PropertyValueSpecification","valueRequired":true,"valueName":"search_term_string"}}],"inLanguage":"fr-FR"},{"@type":"Organization","@id":"https:\/\/www.htsfuels.com\/fr\/#organization","name":"HTS Fuels","url":"https:\/\/www.htsfuels.com\/fr\/","logo":{"@type":"ImageObject","inLanguage":"fr-FR","@id":"https:\/\/www.htsfuels.com\/fr\/#\/schema\/logo\/image\/","url":"https:\/\/www.htsfuels.com\/wp-content\/uploads\/2021\/06\/logo-hts.svg","contentUrl":"https:\/\/www.htsfuels.com\/wp-content\/uploads\/2021\/06\/logo-hts.svg","width":100,"height":100,"caption":"HTS Fuels"},"image":{"@id":"https:\/\/www.htsfuels.com\/fr\/#\/schema\/logo\/image\/"}}]}},"_links":{"self":[{"href":"https:\/\/www.htsfuels.com\/fr\/wp-json\/wp\/v2\/pages\/1249","targetHints":{"allow":["GET"]}}],"collection":[{"href":"https:\/\/www.htsfuels.com\/fr\/wp-json\/wp\/v2\/pages"}],"about":[{"href":"https:\/\/www.htsfuels.com\/fr\/wp-json\/wp\/v2\/types\/page"}],"author":[{"embeddable":true,"href":"https:\/\/www.htsfuels.com\/fr\/wp-json\/wp\/v2\/users\/1"}],"replies":[{"embeddable":true,"href":"https:\/\/www.htsfuels.com\/fr\/wp-json\/wp\/v2\/comments?post=1249"}],"version-history":[{"count":0,"href":"https:\/\/www.htsfuels.com\/fr\/wp-json\/wp\/v2\/pages\/1249\/revisions"}],"wp:attachment":[{"href":"https:\/\/www.htsfuels.com\/fr\/wp-json\/wp\/v2\/media?parent=1249"}],"curies":[{"name":"wp","href":"https:\/\/api.w.org\/{rel}","templated":true}]}}