{"id":1263,"date":"2022-04-26T09:15:13","date_gmt":"2022-04-26T09:15:13","guid":{"rendered":"https:\/\/www.htsfuels.com\/?page_id=1263"},"modified":"2022-04-26T09:16:11","modified_gmt":"2022-04-26T09:16:11","slug":"espagne","status":"publish","type":"page","link":"https:\/\/www.htsfuels.com\/fr\/espagne\/","title":{"rendered":"Espagne"},"content":{"rendered":"<div class=\"wpb-content-wrapper\">[vc_row][vc_column][vc_column_text]Espagnol Hydrocarbures TS SLU est une entreprise sp\u00e9cialis\u00e9e dans l&rsquo;achat, le transport et la vente de combustibles solides, principalement le coke de p\u00e9trole et le charbon, dans le monde entier.<\/p>\n<p>La soci\u00e9t\u00e9 ajoute de la valeur \u00e0 la cha\u00eene d&rsquo;approvisionnement, en \u00e9tablissant une relation \u00e0 long terme avec ses fournisseurs et ses clients pour leur garantir un approvisionnement et un service logistique stables, g\u00e9r\u00e9s par une \u00e9quipe professionnelle ayant des connaissances et une exp\u00e9rience dans le secteur.[\/vc_column_text][\/vc_column][\/vc_row]\n<\/div>","protected":false},"excerpt":{"rendered":"<p>[vc_row][vc_column][vc_column_text]Espagnol Hydrocarbures TS SLU est une entreprise sp\u00e9cialis\u00e9e dans l&rsquo;achat, le transport et la vente de combustibles solides, principalement le coke de p\u00e9trole et le charbon, dans le monde entier. La soci\u00e9t\u00e9 ajoute de la valeur \u00e0 la cha\u00eene d&rsquo;approvisionnement, en \u00e9tablissant une relation \u00e0 long terme avec ses fournisseurs et ses clients pour leur&hellip;<\/p>\n","protected":false},"author":1,"featured_media":0,"parent":0,"menu_order":0,"comment_status":"closed","ping_status":"closed","template":"","meta":{"inline_featured_image":false,"footnotes":""},"class_list":["post-1263","page","type-page","status-publish","hentry","entry","no-media"],"yoast_head":"<!-- This site is optimized with the Yoast SEO plugin v26.4 - https:\/\/yoast.com\/wordpress\/plugins\/seo\/ -->\n<title>Espagne - HTS Fuels<\/title>\n<meta name=\"robots\" content=\"index, follow, max-snippet:-1, max-image-preview:large, max-video-preview:-1\" \/>\n<link rel=\"canonical\" href=\"https:\/\/www.htsfuels.com\/fr\/espagne\/\" \/>\n<meta property=\"og:locale\" content=\"fr_FR\" \/>\n<meta property=\"og:type\" content=\"article\" \/>\n<meta property=\"og:title\" content=\"Espagne - HTS Fuels\" \/>\n<meta property=\"og:description\" content=\"[vc_row][vc_column][vc_column_text]Espagnol Hydrocarbures TS SLU est une entreprise sp\u00e9cialis\u00e9e dans l&rsquo;achat, le transport et la vente de combustibles solides, principalement le coke de p\u00e9trole et le charbon, dans le monde entier. La soci\u00e9t\u00e9 ajoute de la valeur \u00e0 la cha\u00eene d&rsquo;approvisionnement, en \u00e9tablissant une relation \u00e0 long terme avec ses fournisseurs et ses clients pour leur&hellip;\" \/>\n<meta property=\"og:url\" content=\"https:\/\/www.htsfuels.com\/fr\/espagne\/\" \/>\n<meta property=\"og:site_name\" content=\"HTS Fuels\" \/>\n<meta property=\"article:modified_time\" content=\"2022-04-26T09:16:11+00:00\" \/>\n<meta name=\"twitter:card\" content=\"summary_large_image\" \/>\n<meta name=\"twitter:label1\" content=\"Dur\u00e9e de lecture estim\u00e9e\" \/>\n\t<meta name=\"twitter:data1\" content=\"1 minute\" \/>\n<script type=\"application\/ld+json\" class=\"yoast-schema-graph\">{\"@context\":\"https:\/\/schema.org\",\"@graph\":[{\"@type\":\"WebPage\",\"@id\":\"https:\/\/www.htsfuels.com\/fr\/espagne\/\",\"url\":\"https:\/\/www.htsfuels.com\/fr\/espagne\/\",\"name\":\"Espagne - HTS Fuels\",\"isPartOf\":{\"@id\":\"https:\/\/www.htsfuels.com\/fr\/#website\"},\"datePublished\":\"2022-04-26T09:15:13+00:00\",\"dateModified\":\"2022-04-26T09:16:11+00:00\",\"breadcrumb\":{\"@id\":\"https:\/\/www.htsfuels.com\/fr\/espagne\/#breadcrumb\"},\"inLanguage\":\"fr-FR\",\"potentialAction\":[{\"@type\":\"ReadAction\",\"target\":[\"https:\/\/www.htsfuels.com\/fr\/espagne\/\"]}]},{\"@type\":\"BreadcrumbList\",\"@id\":\"https:\/\/www.htsfuels.com\/fr\/espagne\/#breadcrumb\",\"itemListElement\":[{\"@type\":\"ListItem\",\"position\":1,\"name\":\"Accueil\",\"item\":\"https:\/\/www.htsfuels.com\/fr\/\"},{\"@type\":\"ListItem\",\"position\":2,\"name\":\"Espagne\"}]},{\"@type\":\"WebSite\",\"@id\":\"https:\/\/www.htsfuels.com\/fr\/#website\",\"url\":\"https:\/\/www.htsfuels.com\/fr\/\",\"name\":\"HTS Fuels\",\"description\":\"Hydrocarburates trade services\",\"publisher\":{\"@id\":\"https:\/\/www.htsfuels.com\/fr\/#organization\"},\"potentialAction\":[{\"@type\":\"SearchAction\",\"target\":{\"@type\":\"EntryPoint\",\"urlTemplate\":\"https:\/\/www.htsfuels.com\/fr\/?s={search_term_string}\"},\"query-input\":{\"@type\":\"PropertyValueSpecification\",\"valueRequired\":true,\"valueName\":\"search_term_string\"}}],\"inLanguage\":\"fr-FR\"},{\"@type\":\"Organization\",\"@id\":\"https:\/\/www.htsfuels.com\/fr\/#organization\",\"name\":\"HTS Fuels\",\"url\":\"https:\/\/www.htsfuels.com\/fr\/\",\"logo\":{\"@type\":\"ImageObject\",\"inLanguage\":\"fr-FR\",\"@id\":\"https:\/\/www.htsfuels.com\/fr\/#\/schema\/logo\/image\/\",\"url\":\"https:\/\/www.htsfuels.com\/wp-content\/uploads\/2021\/06\/logo-hts.svg\",\"contentUrl\":\"https:\/\/www.htsfuels.com\/wp-content\/uploads\/2021\/06\/logo-hts.svg\",\"width\":100,\"height\":100,\"caption\":\"HTS Fuels\"},\"image\":{\"@id\":\"https:\/\/www.htsfuels.com\/fr\/#\/schema\/logo\/image\/\"}}]}<\/script>\n<!-- \/ Yoast SEO plugin. -->","yoast_head_json":{"title":"Espagne - HTS Fuels","robots":{"index":"index","follow":"follow","max-snippet":"max-snippet:-1","max-image-preview":"max-image-preview:large","max-video-preview":"max-video-preview:-1"},"canonical":"https:\/\/www.htsfuels.com\/fr\/espagne\/","og_locale":"fr_FR","og_type":"article","og_title":"Espagne - HTS Fuels","og_description":"[vc_row][vc_column][vc_column_text]Espagnol Hydrocarbures TS SLU est une entreprise sp\u00e9cialis\u00e9e dans l&rsquo;achat, le transport et la vente de combustibles solides, principalement le coke de p\u00e9trole et le charbon, dans le monde entier. La soci\u00e9t\u00e9 ajoute de la valeur \u00e0 la cha\u00eene d&rsquo;approvisionnement, en \u00e9tablissant une relation \u00e0 long terme avec ses fournisseurs et ses clients pour leur&hellip;","og_url":"https:\/\/www.htsfuels.com\/fr\/espagne\/","og_site_name":"HTS Fuels","article_modified_time":"2022-04-26T09:16:11+00:00","twitter_card":"summary_large_image","twitter_misc":{"Dur\u00e9e de lecture estim\u00e9e":"1 minute"},"schema":{"@context":"https:\/\/schema.org","@graph":[{"@type":"WebPage","@id":"https:\/\/www.htsfuels.com\/fr\/espagne\/","url":"https:\/\/www.htsfuels.com\/fr\/espagne\/","name":"Espagne - HTS Fuels","isPartOf":{"@id":"https:\/\/www.htsfuels.com\/fr\/#website"},"datePublished":"2022-04-26T09:15:13+00:00","dateModified":"2022-04-26T09:16:11+00:00","breadcrumb":{"@id":"https:\/\/www.htsfuels.com\/fr\/espagne\/#breadcrumb"},"inLanguage":"fr-FR","potentialAction":[{"@type":"ReadAction","target":["https:\/\/www.htsfuels.com\/fr\/espagne\/"]}]},{"@type":"BreadcrumbList","@id":"https:\/\/www.htsfuels.com\/fr\/espagne\/#breadcrumb","itemListElement":[{"@type":"ListItem","position":1,"name":"Accueil","item":"https:\/\/www.htsfuels.com\/fr\/"},{"@type":"ListItem","position":2,"name":"Espagne"}]},{"@type":"WebSite","@id":"https:\/\/www.htsfuels.com\/fr\/#website","url":"https:\/\/www.htsfuels.com\/fr\/","name":"HTS Fuels","description":"Hydrocarburates trade services","publisher":{"@id":"https:\/\/www.htsfuels.com\/fr\/#organization"},"potentialAction":[{"@type":"SearchAction","target":{"@type":"EntryPoint","urlTemplate":"https:\/\/www.htsfuels.com\/fr\/?s={search_term_string}"},"query-input":{"@type":"PropertyValueSpecification","valueRequired":true,"valueName":"search_term_string"}}],"inLanguage":"fr-FR"},{"@type":"Organization","@id":"https:\/\/www.htsfuels.com\/fr\/#organization","name":"HTS Fuels","url":"https:\/\/www.htsfuels.com\/fr\/","logo":{"@type":"ImageObject","inLanguage":"fr-FR","@id":"https:\/\/www.htsfuels.com\/fr\/#\/schema\/logo\/image\/","url":"https:\/\/www.htsfuels.com\/wp-content\/uploads\/2021\/06\/logo-hts.svg","contentUrl":"https:\/\/www.htsfuels.com\/wp-content\/uploads\/2021\/06\/logo-hts.svg","width":100,"height":100,"caption":"HTS Fuels"},"image":{"@id":"https:\/\/www.htsfuels.com\/fr\/#\/schema\/logo\/image\/"}}]}},"_links":{"self":[{"href":"https:\/\/www.htsfuels.com\/fr\/wp-json\/wp\/v2\/pages\/1263","targetHints":{"allow":["GET"]}}],"collection":[{"href":"https:\/\/www.htsfuels.com\/fr\/wp-json\/wp\/v2\/pages"}],"about":[{"href":"https:\/\/www.htsfuels.com\/fr\/wp-json\/wp\/v2\/types\/page"}],"author":[{"embeddable":true,"href":"https:\/\/www.htsfuels.com\/fr\/wp-json\/wp\/v2\/users\/1"}],"replies":[{"embeddable":true,"href":"https:\/\/www.htsfuels.com\/fr\/wp-json\/wp\/v2\/comments?post=1263"}],"version-history":[{"count":0,"href":"https:\/\/www.htsfuels.com\/fr\/wp-json\/wp\/v2\/pages\/1263\/revisions"}],"wp:attachment":[{"href":"https:\/\/www.htsfuels.com\/fr\/wp-json\/wp\/v2\/media?parent=1263"}],"curies":[{"name":"wp","href":"https:\/\/api.w.org\/{rel}","templated":true}]}}