{"id":1305,"date":"2022-04-26T09:51:47","date_gmt":"2022-04-26T09:51:47","guid":{"rendered":"https:\/\/www.htsfuels.com\/?page_id=1305"},"modified":"2022-04-26T09:56:20","modified_gmt":"2022-04-26T09:56:20","slug":"politique-de-confidentialite","status":"publish","type":"page","link":"https:\/\/www.htsfuels.com\/fr\/politique-de-confidentialite\/","title":{"rendered":"Politique de confidentialit\u00e9"},"content":{"rendered":"<div class=\"wpb-content-wrapper\">[vc_row][vc_column][vc_column_text][vc_row][vc_column width=\u00a0\u00bb1\/1&Prime;][vc_column_text]Comme \u00e9tabli dans le RGPD (R\u00e8glement (UE) 2016\/679), nous vous fournissons les informations d\u00e9taill\u00e9es sur la protection des donn\u00e9es d\u00e9crites ci-dessous :<\/p>\n<p><strong>Responsable:<\/strong><\/p>\n<p>Nom de la soci\u00e9t\u00e9 : Spanish Hydrocarburantes TS, S.L.U.<\/p>\n<p>C.I.F. : B65984189.<\/p>\n<p>Adresse : C \/ Muntaner, 240, Principal 2\u00aa, 08021 &#8211; Barcelone.<\/p>\n<p>Courriel : info@htsfuels.com.<\/p>\n<p><strong>Objectif:<\/strong><\/p>\n<p>Nous vous informons que les Donn\u00e9es Personnelles collect\u00e9es seront incorpor\u00e9es dans un Fichier sous notre responsabilit\u00e9, afin de g\u00e9rer l&rsquo;envoi des informations demand\u00e9es et de proposer aux int\u00e9ress\u00e9s des offres de produits et services d&rsquo;int\u00e9r\u00eat. Les donn\u00e9es fournies seront conserv\u00e9es tant que la relation commerciale sera maintenue, pendant les ann\u00e9es n\u00e9cessaires pour se conformer aux obligations l\u00e9gales ou si leur suppression est demand\u00e9e par l&rsquo;int\u00e9ress\u00e9.<\/p>\n<p><strong>L\u00e9gitimation:<\/strong><\/p>\n<p>Les donn\u00e9es personnelles obtenues sur ce site Web, ainsi que l&rsquo;offre de produits et services propos\u00e9s, sont bas\u00e9es sur le consentement demand\u00e9 \u00e0 l&rsquo;int\u00e9ress\u00e9.<\/p>\n<p>L&rsquo;int\u00e9ress\u00e9 aura le droit de retirer son consentement \u00e0 tout moment. Le retrait du consentement n&rsquo;affectera pas la l\u00e9galit\u00e9 du traitement fond\u00e9 sur le consentement avant son retrait.<\/p>\n<p><strong>Destinataires:<\/strong><\/p>\n<p>Aucune donn\u00e9e ne sera c\u00e9d\u00e9e \u00e0 des tiers, sauf obligation l\u00e9gale.<\/p>\n<p><strong>Droits:<\/strong><\/p>\n<p>En tant qu&rsquo;int\u00e9ress\u00e9 direct, vous avez le droit d&rsquo;obtenir la confirmation si en Spanish Hydrocarburantes TS, S.L.U. nous traitons des donn\u00e9es personnelles qui vous concernent ou non. Vous avez le droit d&rsquo;acc\u00e9der \u00e0 vos donn\u00e9es personnelles, ainsi que de demander la rectification de donn\u00e9es inexactes ou, le cas \u00e9ch\u00e9ant, de demander leur suppression lorsque, entre autres raisons, les donn\u00e9es ne sont plus n\u00e9cessaires aux fins pour lesquelles elles ont \u00e9t\u00e9 collect\u00e9es.<\/p>\n<p>Dans certaines circonstances, vous pouvez demander la limitation du traitement de vos donn\u00e9es, auquel cas nous ne les conserverons que pour l&rsquo;exercice ou la d\u00e9fense de r\u00e9clamations.<\/p>\n<p>Dans certaines circonstances et pour des raisons li\u00e9es \u00e0 votre situation particuli\u00e8re, vous pouvez vous opposer au traitement de vos donn\u00e9es. Espagnol Hydrocarburantes TS, S.L.U. cessera de traiter les donn\u00e9es, sauf pour des raisons l\u00e9gitimes imp\u00e9rieuses, ou l&rsquo;exercice ou la d\u00e9fense d&rsquo;\u00e9ventuelles r\u00e9clamations.<\/p>\n<p>Dans certaines circonstances, vous aurez le droit de recevoir les donn\u00e9es personnelles vous concernant et que vous nous avez fournies, et de les transmettre ou de nous demander de les fournir \u00e0 un tiers sans objection de notre part (droit \u00e0 la portabilit\u00e9 des donn\u00e9es).<\/p>\n<p>Dans certaines circonstances, nous vous informons que vous aurez le droit de ne pas faire l&rsquo;objet d&rsquo;une d\u00e9cision fond\u00e9e uniquement sur un traitement automatis\u00e9, y compris le profilage, produisant des effets juridiques \u00e0 votre \u00e9gard ou vous affectant de mani\u00e8re significative de mani\u00e8re similaire.<\/p>\n<p>En revanche, nous vous informons que si vous consid\u00e9rez qu&rsquo;une infraction a \u00e9t\u00e9 commise dans le cadre du traitement de vos donn\u00e9es personnelles, vous disposez du droit d&rsquo;introduire une r\u00e9clamation aupr\u00e8s du Autoridad de Control, Agencia Espa\u00f1ola de Protecci\u00f3n de Datos, C \/ Jorge Juan, 6, 28001 -Madrid. [\/ Vc_column_text] [\/ vc_column] [\/ vc_row][\/vc_column_text][\/vc_column][\/vc_row]\n<\/div>","protected":false},"excerpt":{"rendered":"<p>[vc_row][vc_column][vc_column_text][vc_row][vc_column width=\u00a0\u00bb1\/1&Prime;][vc_column_text]Comme \u00e9tabli dans le RGPD (R\u00e8glement (UE) 2016\/679), nous vous fournissons les informations d\u00e9taill\u00e9es sur la protection des donn\u00e9es d\u00e9crites ci-dessous : Responsable: Nom de la soci\u00e9t\u00e9 : Spanish Hydrocarburantes TS, S.L.U. C.I.F. : B65984189. Adresse : C \/ Muntaner, 240, Principal 2\u00aa, 08021 &#8211; Barcelone. Courriel : info@htsfuels.com. Objectif: Nous vous informons que&hellip;<\/p>\n","protected":false},"author":1,"featured_media":0,"parent":0,"menu_order":0,"comment_status":"closed","ping_status":"open","template":"","meta":{"inline_featured_image":false,"footnotes":""},"class_list":["post-1305","page","type-page","status-publish","hentry","entry","no-media"],"yoast_head":"<!-- This site is optimized with the Yoast SEO plugin v26.4 - https:\/\/yoast.com\/wordpress\/plugins\/seo\/ -->\n<title>Politique de confidentialit\u00e9 - HTS Fuels<\/title>\n<meta name=\"robots\" content=\"index, follow, max-snippet:-1, max-image-preview:large, max-video-preview:-1\" \/>\n<link rel=\"canonical\" href=\"https:\/\/www.htsfuels.com\/fr\/politique-de-confidentialite\/\" \/>\n<meta property=\"og:locale\" content=\"fr_FR\" \/>\n<meta property=\"og:type\" content=\"article\" \/>\n<meta property=\"og:title\" content=\"Politique de confidentialit\u00e9 - HTS Fuels\" \/>\n<meta property=\"og:description\" content=\"[vc_row][vc_column][vc_column_text][vc_row][vc_column width=\u00a0\u00bb1\/1&Prime;][vc_column_text]Comme \u00e9tabli dans le RGPD (R\u00e8glement (UE) 2016\/679), nous vous fournissons les informations d\u00e9taill\u00e9es sur la protection des donn\u00e9es d\u00e9crites ci-dessous : Responsable: Nom de la soci\u00e9t\u00e9 : Spanish Hydrocarburantes TS, S.L.U. C.I.F. : B65984189. Adresse : C \/ Muntaner, 240, Principal 2\u00aa, 08021 &#8211; Barcelone. Courriel : info@htsfuels.com. Objectif: Nous vous informons que&hellip;\" \/>\n<meta property=\"og:url\" content=\"https:\/\/www.htsfuels.com\/fr\/politique-de-confidentialite\/\" \/>\n<meta property=\"og:site_name\" content=\"HTS Fuels\" \/>\n<meta property=\"article:modified_time\" content=\"2022-04-26T09:56:20+00:00\" \/>\n<meta name=\"twitter:card\" content=\"summary_large_image\" \/>\n<meta name=\"twitter:label1\" content=\"Dur\u00e9e de lecture estim\u00e9e\" \/>\n\t<meta name=\"twitter:data1\" content=\"3 minutes\" \/>\n<script type=\"application\/ld+json\" class=\"yoast-schema-graph\">{\"@context\":\"https:\/\/schema.org\",\"@graph\":[{\"@type\":\"WebPage\",\"@id\":\"https:\/\/www.htsfuels.com\/fr\/politique-de-confidentialite\/\",\"url\":\"https:\/\/www.htsfuels.com\/fr\/politique-de-confidentialite\/\",\"name\":\"Politique de confidentialit\u00e9 - HTS Fuels\",\"isPartOf\":{\"@id\":\"https:\/\/www.htsfuels.com\/fr\/#website\"},\"datePublished\":\"2022-04-26T09:51:47+00:00\",\"dateModified\":\"2022-04-26T09:56:20+00:00\",\"breadcrumb\":{\"@id\":\"https:\/\/www.htsfuels.com\/fr\/politique-de-confidentialite\/#breadcrumb\"},\"inLanguage\":\"fr-FR\",\"potentialAction\":[{\"@type\":\"ReadAction\",\"target\":[\"https:\/\/www.htsfuels.com\/fr\/politique-de-confidentialite\/\"]}]},{\"@type\":\"BreadcrumbList\",\"@id\":\"https:\/\/www.htsfuels.com\/fr\/politique-de-confidentialite\/#breadcrumb\",\"itemListElement\":[{\"@type\":\"ListItem\",\"position\":1,\"name\":\"Accueil\",\"item\":\"https:\/\/www.htsfuels.com\/fr\/\"},{\"@type\":\"ListItem\",\"position\":2,\"name\":\"Politique de confidentialit\u00e9\"}]},{\"@type\":\"WebSite\",\"@id\":\"https:\/\/www.htsfuels.com\/fr\/#website\",\"url\":\"https:\/\/www.htsfuels.com\/fr\/\",\"name\":\"HTS Fuels\",\"description\":\"Hydrocarburates trade services\",\"publisher\":{\"@id\":\"https:\/\/www.htsfuels.com\/fr\/#organization\"},\"potentialAction\":[{\"@type\":\"SearchAction\",\"target\":{\"@type\":\"EntryPoint\",\"urlTemplate\":\"https:\/\/www.htsfuels.com\/fr\/?s={search_term_string}\"},\"query-input\":{\"@type\":\"PropertyValueSpecification\",\"valueRequired\":true,\"valueName\":\"search_term_string\"}}],\"inLanguage\":\"fr-FR\"},{\"@type\":\"Organization\",\"@id\":\"https:\/\/www.htsfuels.com\/fr\/#organization\",\"name\":\"HTS Fuels\",\"url\":\"https:\/\/www.htsfuels.com\/fr\/\",\"logo\":{\"@type\":\"ImageObject\",\"inLanguage\":\"fr-FR\",\"@id\":\"https:\/\/www.htsfuels.com\/fr\/#\/schema\/logo\/image\/\",\"url\":\"https:\/\/www.htsfuels.com\/wp-content\/uploads\/2021\/06\/logo-hts.svg\",\"contentUrl\":\"https:\/\/www.htsfuels.com\/wp-content\/uploads\/2021\/06\/logo-hts.svg\",\"width\":100,\"height\":100,\"caption\":\"HTS Fuels\"},\"image\":{\"@id\":\"https:\/\/www.htsfuels.com\/fr\/#\/schema\/logo\/image\/\"}}]}<\/script>\n<!-- \/ Yoast SEO plugin. -->","yoast_head_json":{"title":"Politique de confidentialit\u00e9 - HTS Fuels","robots":{"index":"index","follow":"follow","max-snippet":"max-snippet:-1","max-image-preview":"max-image-preview:large","max-video-preview":"max-video-preview:-1"},"canonical":"https:\/\/www.htsfuels.com\/fr\/politique-de-confidentialite\/","og_locale":"fr_FR","og_type":"article","og_title":"Politique de confidentialit\u00e9 - HTS Fuels","og_description":"[vc_row][vc_column][vc_column_text][vc_row][vc_column width=\u00a0\u00bb1\/1&Prime;][vc_column_text]Comme \u00e9tabli dans le RGPD (R\u00e8glement (UE) 2016\/679), nous vous fournissons les informations d\u00e9taill\u00e9es sur la protection des donn\u00e9es d\u00e9crites ci-dessous : Responsable: Nom de la soci\u00e9t\u00e9 : Spanish Hydrocarburantes TS, S.L.U. C.I.F. : B65984189. Adresse : C \/ Muntaner, 240, Principal 2\u00aa, 08021 &#8211; Barcelone. Courriel : info@htsfuels.com. Objectif: Nous vous informons que&hellip;","og_url":"https:\/\/www.htsfuels.com\/fr\/politique-de-confidentialite\/","og_site_name":"HTS Fuels","article_modified_time":"2022-04-26T09:56:20+00:00","twitter_card":"summary_large_image","twitter_misc":{"Dur\u00e9e de lecture estim\u00e9e":"3 minutes"},"schema":{"@context":"https:\/\/schema.org","@graph":[{"@type":"WebPage","@id":"https:\/\/www.htsfuels.com\/fr\/politique-de-confidentialite\/","url":"https:\/\/www.htsfuels.com\/fr\/politique-de-confidentialite\/","name":"Politique de confidentialit\u00e9 - HTS Fuels","isPartOf":{"@id":"https:\/\/www.htsfuels.com\/fr\/#website"},"datePublished":"2022-04-26T09:51:47+00:00","dateModified":"2022-04-26T09:56:20+00:00","breadcrumb":{"@id":"https:\/\/www.htsfuels.com\/fr\/politique-de-confidentialite\/#breadcrumb"},"inLanguage":"fr-FR","potentialAction":[{"@type":"ReadAction","target":["https:\/\/www.htsfuels.com\/fr\/politique-de-confidentialite\/"]}]},{"@type":"BreadcrumbList","@id":"https:\/\/www.htsfuels.com\/fr\/politique-de-confidentialite\/#breadcrumb","itemListElement":[{"@type":"ListItem","position":1,"name":"Accueil","item":"https:\/\/www.htsfuels.com\/fr\/"},{"@type":"ListItem","position":2,"name":"Politique de confidentialit\u00e9"}]},{"@type":"WebSite","@id":"https:\/\/www.htsfuels.com\/fr\/#website","url":"https:\/\/www.htsfuels.com\/fr\/","name":"HTS Fuels","description":"Hydrocarburates trade services","publisher":{"@id":"https:\/\/www.htsfuels.com\/fr\/#organization"},"potentialAction":[{"@type":"SearchAction","target":{"@type":"EntryPoint","urlTemplate":"https:\/\/www.htsfuels.com\/fr\/?s={search_term_string}"},"query-input":{"@type":"PropertyValueSpecification","valueRequired":true,"valueName":"search_term_string"}}],"inLanguage":"fr-FR"},{"@type":"Organization","@id":"https:\/\/www.htsfuels.com\/fr\/#organization","name":"HTS Fuels","url":"https:\/\/www.htsfuels.com\/fr\/","logo":{"@type":"ImageObject","inLanguage":"fr-FR","@id":"https:\/\/www.htsfuels.com\/fr\/#\/schema\/logo\/image\/","url":"https:\/\/www.htsfuels.com\/wp-content\/uploads\/2021\/06\/logo-hts.svg","contentUrl":"https:\/\/www.htsfuels.com\/wp-content\/uploads\/2021\/06\/logo-hts.svg","width":100,"height":100,"caption":"HTS Fuels"},"image":{"@id":"https:\/\/www.htsfuels.com\/fr\/#\/schema\/logo\/image\/"}}]}},"_links":{"self":[{"href":"https:\/\/www.htsfuels.com\/fr\/wp-json\/wp\/v2\/pages\/1305","targetHints":{"allow":["GET"]}}],"collection":[{"href":"https:\/\/www.htsfuels.com\/fr\/wp-json\/wp\/v2\/pages"}],"about":[{"href":"https:\/\/www.htsfuels.com\/fr\/wp-json\/wp\/v2\/types\/page"}],"author":[{"embeddable":true,"href":"https:\/\/www.htsfuels.com\/fr\/wp-json\/wp\/v2\/users\/1"}],"replies":[{"embeddable":true,"href":"https:\/\/www.htsfuels.com\/fr\/wp-json\/wp\/v2\/comments?post=1305"}],"version-history":[{"count":0,"href":"https:\/\/www.htsfuels.com\/fr\/wp-json\/wp\/v2\/pages\/1305\/revisions"}],"wp:attachment":[{"href":"https:\/\/www.htsfuels.com\/fr\/wp-json\/wp\/v2\/media?parent=1305"}],"curies":[{"name":"wp","href":"https:\/\/api.w.org\/{rel}","templated":true}]}}